{"id":54112,"date":"2024-07-12T16:19:21","date_gmt":"2024-07-12T16:19:21","guid":{"rendered":"https:\/\/brandss.com.py\/index\/?post_type=product&#038;p=54112"},"modified":"2025-11-04T17:53:40","modified_gmt":"2025-11-04T17:53:40","slug":"mochila-michael-kors-prescott-brown-acron","status":"publish","type":"product","link":"https:\/\/brandss.com.py\/index\/producto\/mochila-michael-kors-prescott-brown-acron\/","title":{"rendered":"MOCHILA MICHAEL KORS PRESCOTT BROWN ACRON"},"content":{"rendered":"<p><img loading=\"lazy\" decoding=\"async\" class=\"\" src=\"https:\/\/1000logos.net\/wp-content\/uploads\/2017\/08\/Michael-Kors-Logo.png\" alt=\"Michael Kors Logo and symbol, meaning, history, PNG, brand\" width=\"110\" height=\"69\" \/><\/p>\n<h1>PRESCOTT<\/h1>\n<p>Descubre la mochila Prescott, un complemento refinado para llevar todo lo que necesitas con las manos libres. El emblem\u00e1tico estampado con nuestro logotipo destaca en este modelo con sofisticados detalles de borlas y varios compartimentos con cremallera para tener tus cosas organizadas. Incorp\u00f3rala a tu d\u00eda a d\u00eda en la vuelta a la rutina.<\/p>\n<p>La mochila Michael Kors es un accesorio elegante y funcional dise\u00f1ado para aquellos que buscan combinar estilo y practicidad. Fabricada con materiales de alta calidad y con un dise\u00f1o moderno, esta mochila ofrece un amplio espacio de almacenamiento para llevar tus pertenencias diarias de forma organizada. Con detalles distintivos de la marca, como el logotipo MK y acabados de lujo, esta mochila a\u00f1ade un toque de sofisticaci\u00f3n a cualquier conjunto. Con compartimentos internos y externos, es ideal para llevar tus dispositivos electr\u00f3nicos, documentos y otros art\u00edculos importantes mientras te desplazas por la ciudad o viajas. Con su estilo atemporal y su funcionalidad vers\u00e1til, la mochila Michael Kors es una opci\u00f3n elegante para el d\u00eda a d\u00eda.<\/p>\n<p>&nbsp;<\/p>\n<p><strong>DETALLES<\/strong><\/p>\n<p>&nbsp;<\/p>\n<p>-Mochila.<\/p>\n<p>-Modelo:\u00a030F2G1RB3C-252.<\/p>\n<p>-Material: Cuero.<\/p>\n<p>-Apliques en tono dorado.<\/p>\n<p>&#8211; Dimensiones: 18 x 29 x 42 cm.<\/p>\n<p>-Detalles exteriores: compartimento para dispositivos tecnol\u00f3gicos, bolsillo delantero con cremallera, 2 bolsillos laterales con cremallera.<\/p>\n<p>-Detalles interiores: bolsillo trasero con cremallera.<\/p>\n<p>-Forro: 100 % poli\u00e9ster.<\/p>\n<p>-Cierre con cremallera.<\/p>\n<p><strong>&#8211; <\/strong>Color:\u00a0Brown Acron.<\/p>\n<p>&#8211; Producto importado<\/p>\n","protected":false},"excerpt":{"rendered":"<p>PRESCOTT Descubre la mochila Prescott, un complemento refinado para llevar todo lo que necesitas con las manos libres. El emblem\u00e1tico<\/p>\n","protected":false},"featured_media":54117,"comment_status":"open","ping_status":"closed","template":"","meta":{"nf_dc_page":""},"product_brand":[],"product_cat":[74],"product_tag":[],"class_list":{"0":"post-54112","1":"product","2":"type-product","3":"status-publish","4":"has-post-thumbnail","6":"product_cat-accesorios-fem","8":"first","9":"instock","10":"shipping-taxable","11":"purchasable","12":"product-type-simple"},"_links":{"self":[{"href":"https:\/\/brandss.com.py\/index\/wp-json\/wp\/v2\/product\/54112","targetHints":{"allow":["GET"]}}],"collection":[{"href":"https:\/\/brandss.com.py\/index\/wp-json\/wp\/v2\/product"}],"about":[{"href":"https:\/\/brandss.com.py\/index\/wp-json\/wp\/v2\/types\/product"}],"replies":[{"embeddable":true,"href":"https:\/\/brandss.com.py\/index\/wp-json\/wp\/v2\/comments?post=54112"}],"version-history":[{"count":1,"href":"https:\/\/brandss.com.py\/index\/wp-json\/wp\/v2\/product\/54112\/revisions"}],"predecessor-version":[{"id":54121,"href":"https:\/\/brandss.com.py\/index\/wp-json\/wp\/v2\/product\/54112\/revisions\/54121"}],"wp:featuredmedia":[{"embeddable":true,"href":"https:\/\/brandss.com.py\/index\/wp-json\/wp\/v2\/media\/54117"}],"wp:attachment":[{"href":"https:\/\/brandss.com.py\/index\/wp-json\/wp\/v2\/media?parent=54112"}],"wp:term":[{"taxonomy":"product_brand","embeddable":true,"href":"https:\/\/brandss.com.py\/index\/wp-json\/wp\/v2\/product_brand?post=54112"},{"taxonomy":"product_cat","embeddable":true,"href":"https:\/\/brandss.com.py\/index\/wp-json\/wp\/v2\/product_cat?post=54112"},{"taxonomy":"product_tag","embeddable":true,"href":"https:\/\/brandss.com.py\/index\/wp-json\/wp\/v2\/product_tag?post=54112"}],"curies":[{"name":"wp","href":"https:\/\/api.w.org\/{rel}","templated":true}]}}