{"id":54126,"date":"2024-07-12T18:45:24","date_gmt":"2024-07-12T18:45:24","guid":{"rendered":"https:\/\/brandss.com.py\/index\/?post_type=product&#038;p=54126"},"modified":"2025-06-03T10:33:14","modified_gmt":"2025-06-03T10:33:14","slug":"bandolera-michael-kors-chelsea-convertible-metalizado","status":"publish","type":"product","link":"https:\/\/brandss.com.py\/index\/producto\/bandolera-michael-kors-chelsea-convertible-metalizado\/","title":{"rendered":"BOLSO BANDOLERA FEMENINO MICHAEL KORS CHELSEA CONVERTIBLE METALIZADO"},"content":{"rendered":"<p><img loading=\"lazy\" decoding=\"async\" class=\"\" src=\"https:\/\/1000logos.net\/wp-content\/uploads\/2017\/08\/Michael-Kors-Logo.png\" alt=\"Michael Kors Logo and symbol, meaning, history, PNG, brand\" width=\"104\" height=\"65\" \/><\/p>\n<h1>CHELSEA<\/h1>\n<div class=\"row tab-design pdp-design-details collapsible-xxl active\">\n<div id=\"0d4ecd193ef53b4e5d8efd55cf-collapsible-description-design\" class=\"col-12 value content\"><span>Fabricado en piel Saffiano metalizada, el Chelsea ofrece una gran variedad de opciones de transporte gracias a una correa cruzada extra\u00edble y un asa con detalles met\u00e1licos. Dise\u00f1ado con numerosos bolsillos interiores, mantiene todos tus objetos esenciales organizados y al alcance de la mano.<\/span><\/div>\n<\/div>\n<div class=\"row tab-details pdp-design-details collapsible-xxl active\">\n<div class=\"col-12\">\n<div class=\"title-text mb-0 d-inline-block\">\n<h3 class=\"title-label position-absolute\"><span>DETALLES<\/span><\/h3>\n<\/div>\n<\/div>\n<div id=\"0d4ecd193ef53b4e5d8efd55cf-collapsible-details-tabDetails\" class=\"col-sm-12 col-md-8 col-lg-12 value content\"><span>\u2022 100 % piel de curtidur\u00edas que cumplen con los m\u00e1s altos est\u00e1ndares de desempe\u00f1o ambiental<\/span><br \/>\n<span>\u2022 Bolso bandolera<\/span><br \/>\n<span>\u2022 Piel Saffiano metalizada<\/span><br \/>\n<span>\u2022 100 % piel<\/span><br \/>\n<span>\u2022 Adornos: 88,92 % lona revestida\/11,08 % poli\u00e9ster<\/span><br \/>\n<span>\u2022 Herrajes en tono dorado<\/span><br \/>\n<span>\u2022 27,5 cm de ancho x 19,5 cm de alto x 8,9 cm de profundidad<\/span><br \/>\n<span>\u2022 Correa ajustable: 49,5-55,8 cm<\/span><br \/>\n<span>\u2022 Detalles exteriores: correa extra\u00edble<\/span><br \/>\n<span>\u2022 Detalles interiores: bolsillo trasero con cremallera, bolsillo deslizante delantero<\/span><br \/>\n<span>\u2022 Forro: 100 % poli\u00e9ster<\/span><br \/>\n<span>\u2022 Cierre a presi\u00f3n<\/span><br \/>\n<span>\u2022 Importado<\/span><br \/>\n<span>\u2022 Bolsa guardapolvo no incluida<\/span><br \/>\n<span>\u2022 Modelo: 30S3GCSC3M<\/span><\/div>\n<\/div>\n","protected":false},"excerpt":{"rendered":"<p>CHELSEA Fabricado en piel Saffiano metalizada, el Chelsea ofrece una gran variedad de opciones de transporte gracias a una correa<\/p>\n","protected":false},"featured_media":54127,"comment_status":"open","ping_status":"closed","template":"","meta":{"nf_dc_page":""},"product_brand":[],"product_cat":[74],"product_tag":[],"class_list":{"0":"post-54126","1":"product","2":"type-product","3":"status-publish","4":"has-post-thumbnail","6":"product_cat-accesorios-fem","8":"first","9":"instock","10":"shipping-taxable","11":"purchasable","12":"product-type-simple"},"_links":{"self":[{"href":"https:\/\/brandss.com.py\/index\/wp-json\/wp\/v2\/product\/54126","targetHints":{"allow":["GET"]}}],"collection":[{"href":"https:\/\/brandss.com.py\/index\/wp-json\/wp\/v2\/product"}],"about":[{"href":"https:\/\/brandss.com.py\/index\/wp-json\/wp\/v2\/types\/product"}],"replies":[{"embeddable":true,"href":"https:\/\/brandss.com.py\/index\/wp-json\/wp\/v2\/comments?post=54126"}],"version-history":[{"count":2,"href":"https:\/\/brandss.com.py\/index\/wp-json\/wp\/v2\/product\/54126\/revisions"}],"predecessor-version":[{"id":58479,"href":"https:\/\/brandss.com.py\/index\/wp-json\/wp\/v2\/product\/54126\/revisions\/58479"}],"wp:featuredmedia":[{"embeddable":true,"href":"https:\/\/brandss.com.py\/index\/wp-json\/wp\/v2\/media\/54127"}],"wp:attachment":[{"href":"https:\/\/brandss.com.py\/index\/wp-json\/wp\/v2\/media?parent=54126"}],"wp:term":[{"taxonomy":"product_brand","embeddable":true,"href":"https:\/\/brandss.com.py\/index\/wp-json\/wp\/v2\/product_brand?post=54126"},{"taxonomy":"product_cat","embeddable":true,"href":"https:\/\/brandss.com.py\/index\/wp-json\/wp\/v2\/product_cat?post=54126"},{"taxonomy":"product_tag","embeddable":true,"href":"https:\/\/brandss.com.py\/index\/wp-json\/wp\/v2\/product_tag?post=54126"}],"curies":[{"name":"wp","href":"https:\/\/api.w.org\/{rel}","templated":true}]}}