{"id":54190,"date":"2024-07-16T13:01:44","date_gmt":"2024-07-16T13:01:44","guid":{"rendered":"https:\/\/brandss.com.py\/index\/?post_type=product&#038;p=54190"},"modified":"2026-03-14T11:48:35","modified_gmt":"2026-03-14T11:48:35","slug":"perfume-dolce-gabbana-pour-homme-edt-125ml-2","status":"publish","type":"product","link":"https:\/\/brandss.com.py\/index\/producto\/perfume-dolce-gabbana-pour-homme-edt-125ml-2\/","title":{"rendered":"PERFUME FEMENINO DOLCE &amp; GABBANA DEVOTION EDP 100ML"},"content":{"rendered":"<div align=\"justify\"><img loading=\"lazy\" decoding=\"async\" class=\"\" src=\"https:\/\/cdn.shopify.com\/s\/files\/1\/0558\/6413\/1764\/files\/Rewrite_Dolce_Gabbana_Logo_Design_History_Evolution_1_1024x1024.jpg?v=1694708982\" alt=\"Dolce &amp; Gabbana Logo Design: History &amp; Evolution\" width=\"99\" height=\"66\" \/><\/div>\n<h1 align=\"justify\">DEVOTION EDP<\/h1>\n<p>Descubre la esencia del lujo italiano con el perfume Dolce &amp; Gabbana. Esta cautivadora fragancia te transporta a un mundo de sofisticaci\u00f3n y elegancia atemporal. Con una combinaci\u00f3n \u00fanica de notas florales y amaderadas, este perfume despierta los sentidos y deja una estela inolvidable. Desde su apertura fresca y vibrante hasta su base c\u00e1lida y seductora, cada fase de esta fragancia es una experiencia sensorial \u00fanica. Perfecta para la mujer que busca destacar con estilo y personalidad, Dolce &amp; Gabbana es una declaraci\u00f3n de distinci\u00f3n y buen gusto. Sum\u00e9rgete en la exquisita esencia de la moda italiana con esta fragancia ic\u00f3nica.<\/p>\n<p>Esta fragancia captura la representaci\u00f3n de los valores de Dolce&amp;Gabbana, rodeada por su caracter\u00edstico s\u00edmbolo del Sagrado Coraz\u00f3n grabado en el frasco para simbolizar todas las formas y matices del amor.<\/p>\n<p>Elaborado por expertos por el galardonado perfumista Olivier Cresp, Devotion introduce capas de deliciosos aromas que tentan los sentidos. Comience con un aroma atractivo de acidez c\u00edtrica confitada que conduce a un coraz\u00f3n floral fragante. Una relajante estela salada se completa con un final c\u00e1lido y sensual con vainilla de Madagascar. Experimenta la devoci\u00f3n por los sentidos y enam\u00f3rate de su m\u00e1gico aroma; Vibrante y elegante, Dolce&amp;Gabbana Devotion Eau de Parfum ofrece un equilibrio perfecto de notas finas que capturar\u00e1n cualquier coraz\u00f3n.<\/p>\n<p>&nbsp;<\/p>\n<h3>NOTAS OLFATIVAS<\/h3>\n<p>&nbsp;<\/p>\n<p>Devotion Eau de Parfum es un seductor y reconfortante viaje sensorial, capaz de evocar los valores m\u00e1s importantes para Dolce&amp;Gabbana, representados por el sello del Coraz\u00f3n Sagrado. Una creaci\u00f3n olfativa de contrastes exquisitos, brillantes notas de salida y sensuales notas de base.<\/p>\n<p>Con sus distintivos frisos, el Coraz\u00f3n Sagrado decora el envase de Devotion Eau de Parfum. Un s\u00edmbolo universal de amor en todas sus formas y matices.<\/p>\n<p>Esta fragancia fue creada por Olivier Cresp de manera exclusiva para Dolce&amp;Gabbana.<\/p>\n<div id=\"image_429679652\" class=\"img has-hover x md-x lg-x y md-y lg-y\">\n<div data-animate=\"bounceIn\" data-animate-transform=\"true\" data-animate-transition=\"true\" data-animated=\"true\">\n<div class=\"img-inner dark\"><img loading=\"lazy\" decoding=\"async\" class=\"attachment-large size-large alignleft\" src=\"https:\/\/www.giraofertas.com.br\/wp-content\/uploads\/2017\/02\/lim%C3%A3o_siciliano.jpg\" alt=\"\" width=\"474\" height=\"236\" \/><\/div>\n<\/div>\n<\/div>\n<h4 data-animate=\"fadeInLeft\" data-animate-transform=\"true\" data-animate-transition=\"true\" data-animated=\"true\">NOTAS DE SALIDA<\/h4>\n<p data-animate=\"fadeInLeft\" data-animate-transform=\"true\" data-animate-transition=\"true\" data-animated=\"true\"><strong><span>C\u00edtricos Confitados<\/span><\/strong><\/p>\n<p>La fragancia abre con tentadoras notas gourmand de c\u00edtricos acaramelados.<\/p>\n<p>&nbsp;<\/p>\n<p>&nbsp;<\/p>\n<div id=\"image_941911150\" class=\"img has-hover x md-x lg-x y md-y lg-y\">\n<div data-animate=\"bounceIn\" data-animate-transform=\"true\" data-animate-transition=\"true\" data-animated=\"true\">\n<div class=\"img-inner dark\"><img loading=\"lazy\" decoding=\"async\" class=\"attachment-large  alignright\" src=\"https:\/\/www.giraofertas.com.br\/wp-content\/uploads\/2017\/02\/flor_de_laranjeira.jpg\" alt=\"\" width=\"474\" height=\"236\" \/><\/div>\n<\/div>\n<\/div>\n<h4 data-animate=\"fadeInLeft\" data-animate-transform=\"true\" data-animate-transition=\"true\" data-animated=\"true\"><\/h4>\n<h4 data-animate=\"fadeInLeft\" data-animate-transform=\"true\" data-animate-transition=\"true\" data-animated=\"true\">NOTAS DE CORAZ\u00d3N<\/h4>\n<p data-animate=\"fadeInLeft\" data-animate-transform=\"true\" data-animate-transition=\"true\" data-animated=\"true\"><strong><span>Flor de naranjera<\/span><\/strong><\/p>\n<p data-animate=\"fadeInLeft\" data-animate-transform=\"true\" data-animate-transition=\"true\" data-animated=\"true\">La frescura luminosa de la flor de naranjo en el coraz\u00f3n.<\/p>\n<p>&nbsp;<\/p>\n<div id=\"image_922841486\" class=\"img has-hover x md-x lg-x y md-y lg-y\">\n<div data-animate=\"bounceIn\" data-animate-transform=\"true\" data-animate-transition=\"true\" data-animated=\"true\">\n<div class=\"img-inner dark\"><img loading=\"lazy\" decoding=\"async\" class=\"attachment-large size-large alignleft\" src=\"https:\/\/www.giraofertas.com.br\/wp-content\/uploads\/2017\/11\/baunilha.jpg\" alt=\"\" width=\"474\" height=\"236\" \/><\/div>\n<\/div>\n<\/div>\n<h4 data-animate=\"fadeInLeft\" data-animate-transform=\"true\" data-animate-transition=\"true\" data-animated=\"true\"><\/h4>\n<p data-animate=\"fadeInLeft\" data-animate-transform=\"true\" data-animate-transition=\"true\" data-animated=\"true\">\n<p data-animate=\"fadeInLeft\" data-animate-transform=\"true\" data-animate-transition=\"true\" data-animated=\"true\"><strong>NOTAS DE BASE<\/strong><\/p>\n<p data-animate=\"fadeInLeft\" data-animate-transform=\"true\" data-animate-transition=\"true\" data-animated=\"true\"><strong><span>Vainilla<\/span><\/strong><\/p>\n<p>El toque sensual y caluroso de la vainilla de Madagascar que transporta a los sentidos a un sofisticado y dulce destino.<\/p>\n","protected":false},"excerpt":{"rendered":"<p>DEVOTION EDP Descubre la esencia del lujo italiano con el perfume Dolce &amp; Gabbana. Esta cautivadora fragancia te transporta a<\/p>\n","protected":false},"featured_media":54197,"comment_status":"open","ping_status":"closed","template":"","meta":{"nf_dc_page":""},"product_brand":[125],"product_cat":[84],"product_tag":[1779],"class_list":{"0":"post-54190","1":"product","2":"type-product","3":"status-publish","4":"has-post-thumbnail","6":"product_brand-dolce-gabbana","7":"product_cat-perfumeria","8":"product_tag-1779","10":"first","11":"outofstock","12":"shipping-taxable","13":"purchasable","14":"product-type-simple"},"_links":{"self":[{"href":"https:\/\/brandss.com.py\/index\/wp-json\/wp\/v2\/product\/54190","targetHints":{"allow":["GET"]}}],"collection":[{"href":"https:\/\/brandss.com.py\/index\/wp-json\/wp\/v2\/product"}],"about":[{"href":"https:\/\/brandss.com.py\/index\/wp-json\/wp\/v2\/types\/product"}],"replies":[{"embeddable":true,"href":"https:\/\/brandss.com.py\/index\/wp-json\/wp\/v2\/comments?post=54190"}],"version-history":[{"count":5,"href":"https:\/\/brandss.com.py\/index\/wp-json\/wp\/v2\/product\/54190\/revisions"}],"predecessor-version":[{"id":61611,"href":"https:\/\/brandss.com.py\/index\/wp-json\/wp\/v2\/product\/54190\/revisions\/61611"}],"wp:featuredmedia":[{"embeddable":true,"href":"https:\/\/brandss.com.py\/index\/wp-json\/wp\/v2\/media\/54197"}],"wp:attachment":[{"href":"https:\/\/brandss.com.py\/index\/wp-json\/wp\/v2\/media?parent=54190"}],"wp:term":[{"taxonomy":"product_brand","embeddable":true,"href":"https:\/\/brandss.com.py\/index\/wp-json\/wp\/v2\/product_brand?post=54190"},{"taxonomy":"product_cat","embeddable":true,"href":"https:\/\/brandss.com.py\/index\/wp-json\/wp\/v2\/product_cat?post=54190"},{"taxonomy":"product_tag","embeddable":true,"href":"https:\/\/brandss.com.py\/index\/wp-json\/wp\/v2\/product_tag?post=54190"}],"curies":[{"name":"wp","href":"https:\/\/api.w.org\/{rel}","templated":true}]}}