{"id":54227,"date":"2024-07-16T15:26:12","date_gmt":"2024-07-16T15:26:12","guid":{"rendered":"https:\/\/brandss.com.py\/index\/?post_type=product&#038;p=54227"},"modified":"2025-03-27T16:12:38","modified_gmt":"2025-03-27T16:12:38","slug":"top-deportivo-adidas-wonder-con-estampado-de-animal-print","status":"publish","type":"product","link":"https:\/\/brandss.com.py\/index\/producto\/top-deportivo-adidas-wonder-con-estampado-de-animal-print\/","title":{"rendered":"TOP DEPORTIVO ADIDAS WONDER CON ESTAMPADO DE ANIMAL PRINT"},"content":{"rendered":"<p><img loading=\"lazy\" decoding=\"async\" class=\"\" src=\"https:\/\/encrypted-tbn0.gstatic.com\/images?q=tbn:ANd9GcQIO9HvRepmQOPQJtDj-jBhpxzG3DGQDZuYWA&amp;s\" alt=\"Adidas logo transparent PNG - StickPNG\" width=\"108\" height=\"68\" \/><\/p>\n<div class=\"text-content___13aRm\">\n<h3 class=\"subtitle___9ljbp\">UN TOP DEPORTIVO CON ESTAMPADO ANIMAL PRINT QUE EVOCA LOS RAVES DE LOS 90<\/h3>\n<p class=\"gl-vspace\">Pr\u00e1cticamente puedes sentir el ritmo de la m\u00fasica cuando te pones este top deportivo adidas. O, como m\u00ednimo, te preparas para subir el volumen al m\u00e1ximo. La inspiraci\u00f3n viene claramente de la escena tecno de los 90, con el estampado de piel de ser<\/p>\n<p><img loading=\"lazy\" decoding=\"async\" class=\"alignright\" src=\"https:\/\/assets.adidas.com\/images\/w_600,f_auto,q_auto\/d67a65ec2b1d48b2a4b1ae5800eee54a_9366\/Top_Deportivo_Blanco_HT5962.jpg\" alt=\"\" width=\"393\" height=\"393\" \/><\/p>\n<p class=\"gl-vspace\">piente rob\u00e1ndose el protagonismo. Mu\u00e9vete como quieras, el tejido de algod\u00f3n el\u00e1stico te lo permite. Nuestros productos de algod\u00f3n apoyan el cultivo de algod\u00f3n sostenible.<\/p>\n<div class=\"accordion__header-text___2o9Im\">\n<h2 class=\"accordion-title___2sTgR\">Detalles<\/h2>\n<\/div>\n<div class=\"accordion__header-icon___2FuRa\"><\/div>\n<div class=\"accordion__content___29x9h\">\n<div class=\"content-padding___2kVWQ\">\n<div class=\"bullets___3bsSs\" data-auto-id=\"specifications-section\">\n<ul class=\"gl-list\">\n<li class=\"gl-vspace-bpall-small\">Corte ajustado<\/li>\n<li class=\"gl-vspace-bpall-small\">Dise\u00f1o sin cierre<\/li>\n<li class=\"gl-vspace-bpall-small\">Tejido de punto jersey 93 % algod\u00f3n, 7 % elastano<\/li>\n<\/ul>\n<ul class=\"gl-list\">\n<li class=\"gl-vspace-bpall-small\">Este producto apoya a Better Cotton Initiative<\/li>\n<li class=\"gl-vspace-bpall-small\">Color del art\u00edculo: Wonder White<\/li>\n<li class=\"gl-vspace-bpall-small\">N\u00famero de art\u00edculo: HT5962<\/li>\n<\/ul>\n<div class=\"accordion__header-text___2o9Im\">\n<h2 class=\"accordion-title___2sTgR\">Cuidados<\/h2>\n<\/div>\n<div class=\"accordion__header-icon___2FuRa\"><\/div>\n<div class=\"accordion__content___29x9h\">\n<div class=\"content-padding___2kVWQ\">\n<div class=\"care___2GwB4\" data-auto-id=\"pdp-content-care\">\n<div class=\"care-instructions___3scEd\">\n<h4 class=\"care-title___2YJe1 gl-no-margin-bottom\">INSTRUCCIONES DE LAVADO<\/h4>\n<ul class=\"\">\n<li class=\"gl-vspace-bpall-small\"><img loading=\"lazy\" decoding=\"async\" src=\"https:\/\/www.adidas.mx\/glass\/react\/48178b4\/assets\/img\/washing-instructions\/B1.svg\" alt=\"\" width=\"24\" height=\"24\" \/>No usar blanqueador<\/li>\n<li class=\"gl-vspace-bpall-small\"><img loading=\"lazy\" decoding=\"async\" src=\"https:\/\/www.adidas.mx\/glass\/react\/48178b4\/assets\/img\/washing-instructions\/C1.svg\" alt=\"\" width=\"24\" height=\"24\" \/>No utillizar secadora<\/li>\n<li class=\"gl-vspace-bpall-small\"><img loading=\"lazy\" decoding=\"async\" src=\"https:\/\/www.adidas.mx\/glass\/react\/48178b4\/assets\/img\/washing-instructions\/E1.svg\" alt=\"\" width=\"24\" height=\"24\" \/>No lavar en seco.<\/li>\n<li class=\"gl-vspace-bpall-small\"><img loading=\"lazy\" decoding=\"async\" src=\"https:\/\/www.adidas.mx\/glass\/react\/48178b4\/assets\/img\/washing-instructions\/D2.svg\" alt=\"\" width=\"24\" height=\"24\" \/>Planchar a temperatura baja.<\/li>\n<li class=\"gl-vspace-bpall-small\"><img loading=\"lazy\" decoding=\"async\" src=\"https:\/\/www.adidas.mx\/glass\/react\/48178b4\/assets\/img\/washing-instructions\/A3.svg\" alt=\"\" width=\"24\" height=\"24\" \/>Lavar a m\u00e1quina en temperatura fr\u00eda.<\/li>\n<\/ul>\n<\/div>\n<div class=\"extra-instructions___2TR8b\">\n<h4 class=\"care-title___2YJe1 gl-no-margin-bottom\">INFORMACI\u00d3N ADICIONAL SOBRE EL CUIDADO<\/h4>\n<ul class=\"gl-list gl-vspace-bpall-small\">\n<li class=\"gl-vspace-bpall-small\">No usar suavizante<\/li>\n<li class=\"gl-vspace-bpall-small\">Usar \u00fanicamente detergente suave<\/li>\n<li class=\"gl-vspace-bpall-small\">Lavar y planchar al rev\u00e9s<\/li>\n<li class=\"gl-vspace-bpall-small\">Lavar con colores similares<\/li>\n<\/ul>\n<\/div>\n<\/div>\n<\/div>\n<\/div>\n<\/div>\n<\/div>\n<\/div>\n<\/div>\n","protected":false},"excerpt":{"rendered":"<p>UN TOP DEPORTIVO CON ESTAMPADO ANIMAL PRINT QUE EVOCA LOS RAVES DE LOS 90 Pr\u00e1cticamente puedes sentir el ritmo de<\/p>\n","protected":false},"featured_media":54228,"comment_status":"open","ping_status":"closed","template":"","meta":{"nf_dc_page":""},"product_brand":[],"product_cat":[73],"product_tag":[],"class_list":{"0":"post-54227","1":"product","2":"type-product","3":"status-publish","4":"has-post-thumbnail","6":"product_cat-femenino","8":"first","9":"instock","10":"shipping-taxable","11":"purchasable","12":"product-type-simple"},"_links":{"self":[{"href":"https:\/\/brandss.com.py\/index\/wp-json\/wp\/v2\/product\/54227","targetHints":{"allow":["GET"]}}],"collection":[{"href":"https:\/\/brandss.com.py\/index\/wp-json\/wp\/v2\/product"}],"about":[{"href":"https:\/\/brandss.com.py\/index\/wp-json\/wp\/v2\/types\/product"}],"replies":[{"embeddable":true,"href":"https:\/\/brandss.com.py\/index\/wp-json\/wp\/v2\/comments?post=54227"}],"version-history":[{"count":1,"href":"https:\/\/brandss.com.py\/index\/wp-json\/wp\/v2\/product\/54227\/revisions"}],"predecessor-version":[{"id":54234,"href":"https:\/\/brandss.com.py\/index\/wp-json\/wp\/v2\/product\/54227\/revisions\/54234"}],"wp:featuredmedia":[{"embeddable":true,"href":"https:\/\/brandss.com.py\/index\/wp-json\/wp\/v2\/media\/54228"}],"wp:attachment":[{"href":"https:\/\/brandss.com.py\/index\/wp-json\/wp\/v2\/media?parent=54227"}],"wp:term":[{"taxonomy":"product_brand","embeddable":true,"href":"https:\/\/brandss.com.py\/index\/wp-json\/wp\/v2\/product_brand?post=54227"},{"taxonomy":"product_cat","embeddable":true,"href":"https:\/\/brandss.com.py\/index\/wp-json\/wp\/v2\/product_cat?post=54227"},{"taxonomy":"product_tag","embeddable":true,"href":"https:\/\/brandss.com.py\/index\/wp-json\/wp\/v2\/product_tag?post=54227"}],"curies":[{"name":"wp","href":"https:\/\/api.w.org\/{rel}","templated":true}]}}