{"id":54235,"date":"2024-07-16T17:21:23","date_gmt":"2024-07-16T17:21:23","guid":{"rendered":"https:\/\/brandss.com.py\/index\/?post_type=product&#038;p=54235"},"modified":"2025-02-04T10:32:00","modified_gmt":"2025-02-04T10:32:00","slug":"top-deportivo-puma-dare-to-de-alta-sujecion","status":"publish","type":"product","link":"https:\/\/brandss.com.py\/index\/producto\/top-deportivo-puma-dare-to-de-alta-sujecion\/","title":{"rendered":"TOP DEPORTIVO PUMA DARE TO DE ALTA SUJECI\u00d3N"},"content":{"rendered":"<p><img loading=\"lazy\" decoding=\"async\" class=\"\" src=\"https:\/\/cdn.icon-icons.com\/icons2\/3914\/PNG\/512\/puma_logo_icon_248754.png\" alt=\"Puma logo - Iconos Social Media y Logos\" width=\"73\" height=\"73\" \/><\/p>\n<h1>DARE TO<\/h1>\n<p><span>La colecci\u00f3n DARE TO combina c\u00f3digos visuales de ropa deportiva de invierno con una est\u00e9tica de juego para crear elementos esenciales para tu guardarropa que sean modernos y est\u00e9n preparados para la nieve, y que funcionen m\u00e1s all\u00e1 de las pistas. Esta blusa ajustada est\u00e1 confeccionada en punto fino y tiene escote redondo y el logo de PUMA en el frente.<\/span><\/p>\n<h3><span>DETALLES<\/span><\/h3>\n<ul>\n<li><span>Modelado ajustado<\/span><\/li>\n<li><span>Logotipo de goma Archive No.1 centrado en el pecho.<\/span><\/li>\n<li><span>Escote redondo<\/span><\/li>\n<li><span>Tejido brillante en el cuerpo.<\/span><\/li>\n<li><span>Detalles recortados como elemento de dise\u00f1o para una apariencia llamativa<\/span><\/li>\n<li><span>Tejido de punto, 210 g\/m\u00b2<\/span><\/li>\n<\/ul>\n<table class=\"table table-striped\">\n<tbody>\n<tr>\n<td>Marca<\/td>\n<td>\u00a0PUMA<\/td>\n<\/tr>\n<tr>\n<td>Modelo<\/td>\n<td>\u00a0621430 14<\/td>\n<\/tr>\n<tr>\n<td>Nombre<\/td>\n<td>\u00a0Dare To<\/td>\n<\/tr>\n<tr>\n<td>G\u00e9nero<\/td>\n<td>\u00a0Femenino<\/td>\n<\/tr>\n<tr>\n<td>Color<\/td>\n<td>Plata\/ Negro<\/td>\n<\/tr>\n<tr>\n<td>Material<\/td>\n<td>Nylon, Elastano<\/td>\n<\/tr>\n<\/tbody>\n<\/table>\n","protected":false},"excerpt":{"rendered":"<p>DARE TO La colecci\u00f3n DARE TO combina c\u00f3digos visuales de ropa deportiva de invierno con una est\u00e9tica de juego para<\/p>\n","protected":false},"featured_media":54236,"comment_status":"open","ping_status":"closed","template":"","meta":{"nf_dc_page":""},"product_brand":[],"product_cat":[73],"product_tag":[],"class_list":{"0":"post-54235","1":"product","2":"type-product","3":"status-publish","4":"has-post-thumbnail","6":"product_cat-femenino","8":"first","9":"instock","10":"shipping-taxable","11":"purchasable","12":"product-type-simple"},"_links":{"self":[{"href":"https:\/\/brandss.com.py\/index\/wp-json\/wp\/v2\/product\/54235","targetHints":{"allow":["GET"]}}],"collection":[{"href":"https:\/\/brandss.com.py\/index\/wp-json\/wp\/v2\/product"}],"about":[{"href":"https:\/\/brandss.com.py\/index\/wp-json\/wp\/v2\/types\/product"}],"replies":[{"embeddable":true,"href":"https:\/\/brandss.com.py\/index\/wp-json\/wp\/v2\/comments?post=54235"}],"version-history":[{"count":1,"href":"https:\/\/brandss.com.py\/index\/wp-json\/wp\/v2\/product\/54235\/revisions"}],"predecessor-version":[{"id":54241,"href":"https:\/\/brandss.com.py\/index\/wp-json\/wp\/v2\/product\/54235\/revisions\/54241"}],"wp:featuredmedia":[{"embeddable":true,"href":"https:\/\/brandss.com.py\/index\/wp-json\/wp\/v2\/media\/54236"}],"wp:attachment":[{"href":"https:\/\/brandss.com.py\/index\/wp-json\/wp\/v2\/media?parent=54235"}],"wp:term":[{"taxonomy":"product_brand","embeddable":true,"href":"https:\/\/brandss.com.py\/index\/wp-json\/wp\/v2\/product_brand?post=54235"},{"taxonomy":"product_cat","embeddable":true,"href":"https:\/\/brandss.com.py\/index\/wp-json\/wp\/v2\/product_cat?post=54235"},{"taxonomy":"product_tag","embeddable":true,"href":"https:\/\/brandss.com.py\/index\/wp-json\/wp\/v2\/product_tag?post=54235"}],"curies":[{"name":"wp","href":"https:\/\/api.w.org\/{rel}","templated":true}]}}