{"id":54279,"date":"2024-07-17T13:21:21","date_gmt":"2024-07-17T13:21:21","guid":{"rendered":"https:\/\/brandss.com.py\/index\/?post_type=product&#038;p=54279"},"modified":"2025-08-16T19:18:58","modified_gmt":"2025-08-16T19:18:58","slug":"camiseta-puma-amplified-mangas-cortas","status":"publish","type":"product","link":"https:\/\/brandss.com.py\/index\/producto\/camiseta-puma-amplified-mangas-cortas\/","title":{"rendered":"CAMISETA MASCULINO PUMA AMPLIFIED MANGAS CORTAS"},"content":{"rendered":"<p><img loading=\"lazy\" decoding=\"async\" class=\"\" src=\"https:\/\/cdn.icon-icons.com\/icons2\/3914\/PNG\/512\/puma_logo_icon_248754.png\" alt=\"Puma logo - Iconos Social Media y Logos\" width=\"110\" height=\"110\" \/><\/p>\n<div class=\"content\">\n<div class=\"product-desc\">\n<h1 class=\"product-name\">\u00a0Puma Amplified<\/h1>\n<p>Confeccionada en algod\u00f3n de primera calidad, esta camiseta infantil ofrece la m\u00e1xima sensaci\u00f3n de comodidad en cualquier circunstancia. Con su dise\u00f1o sobrio y f\u00e1cil de combinar, se puede llevar sola cuando hace calor y debajo de una chaqueta cuando hace fr\u00edo. Mejora tu estilo urbano de informal a moderno con esta camiseta nada b\u00e1sica, que presenta l\u00edneas elegantes, elementos de marca llamativos y un ajuste c\u00f3modo y relajante.<\/p>\n<h3>Caracter\u00edsticas:<\/h3>\n<ul>\n<li>Corte: Slim Fit<\/li>\n<li>Cuello redondo acanalado<\/li>\n<li>PUMA Logo N\u00b0 1 en el pecho izquierdo<\/li>\n<li>Franja de jacquard con letras PUMA repetidas en los extremos de las mangas<\/li>\n<li>Etiqueta con el logotipo PUMA N\u00ba 1 en el lado izquierdo<\/li>\n<li>Composici\u00f3n: 100% algod\u00f3n<\/li>\n<\/ul>\n<\/div>\n<\/div>\n<div class=\"content\">\n<h2>Informaci\u00f3n adicional<\/h2>\n<div class=\"std\">\n<div id=\"product-attribute-specs\" class=\"product-attributes\">\n<div class=\"table-row\"><span class=\"label\"><strong>Marca:<\/strong> <\/span><span class=\"data\">Puma<\/span><\/div>\n<div class=\"table-row\"><strong><span class=\"label\">Modelo: <\/span><\/strong><span class=\"label\">580426-01<\/span><\/div>\n<div class=\"table-row\"><span class=\"label\"><strong>Color:<\/strong> <\/span><span class=\"data\">Negro\/Blanco<\/span><\/div>\n<div class=\"table-row\">\n<h3 class=\"capitalize\"><span>Instrucciones De Cuidado<\/span><\/h3>\n<ul>\n<li><span>Utilice detergente para los colores.<\/span><\/li>\n<li><span>Lavar y planchar del rev\u00e9s.<\/span><\/li>\n<li><span>Lavar con colores similares<\/span><\/li>\n<li><span>Exclusivo para decoraci\u00f3n<\/span><\/li>\n<\/ul>\n<\/div>\n<\/div>\n<\/div>\n<\/div>\n","protected":false},"excerpt":{"rendered":"<p>\u00a0Puma Amplified Confeccionada en algod\u00f3n de primera calidad, esta camiseta infantil ofrece la m\u00e1xima sensaci\u00f3n de comodidad en cualquier circunstancia.<\/p>\n","protected":false},"featured_media":54280,"comment_status":"open","ping_status":"closed","template":"","meta":{"nf_dc_page":""},"product_brand":[],"product_cat":[76],"product_tag":[],"class_list":{"0":"post-54279","1":"product","2":"type-product","3":"status-publish","4":"has-post-thumbnail","6":"product_cat-masculino","8":"first","9":"instock","10":"shipping-taxable","11":"purchasable","12":"product-type-simple"},"_links":{"self":[{"href":"https:\/\/brandss.com.py\/index\/wp-json\/wp\/v2\/product\/54279","targetHints":{"allow":["GET"]}}],"collection":[{"href":"https:\/\/brandss.com.py\/index\/wp-json\/wp\/v2\/product"}],"about":[{"href":"https:\/\/brandss.com.py\/index\/wp-json\/wp\/v2\/types\/product"}],"replies":[{"embeddable":true,"href":"https:\/\/brandss.com.py\/index\/wp-json\/wp\/v2\/comments?post=54279"}],"version-history":[{"count":2,"href":"https:\/\/brandss.com.py\/index\/wp-json\/wp\/v2\/product\/54279\/revisions"}],"predecessor-version":[{"id":57636,"href":"https:\/\/brandss.com.py\/index\/wp-json\/wp\/v2\/product\/54279\/revisions\/57636"}],"wp:featuredmedia":[{"embeddable":true,"href":"https:\/\/brandss.com.py\/index\/wp-json\/wp\/v2\/media\/54280"}],"wp:attachment":[{"href":"https:\/\/brandss.com.py\/index\/wp-json\/wp\/v2\/media?parent=54279"}],"wp:term":[{"taxonomy":"product_brand","embeddable":true,"href":"https:\/\/brandss.com.py\/index\/wp-json\/wp\/v2\/product_brand?post=54279"},{"taxonomy":"product_cat","embeddable":true,"href":"https:\/\/brandss.com.py\/index\/wp-json\/wp\/v2\/product_cat?post=54279"},{"taxonomy":"product_tag","embeddable":true,"href":"https:\/\/brandss.com.py\/index\/wp-json\/wp\/v2\/product_tag?post=54279"}],"curies":[{"name":"wp","href":"https:\/\/api.w.org\/{rel}","templated":true}]}}