{"id":54286,"date":"2024-07-17T13:33:11","date_gmt":"2024-07-17T13:33:11","guid":{"rendered":"https:\/\/brandss.com.py\/index\/?post_type=product&#038;p=54286"},"modified":"2024-12-31T10:52:33","modified_gmt":"2024-12-31T10:52:33","slug":"camiseta-deportivo-puma-athletics-tee-big-logo-mangas-cortas","status":"publish","type":"product","link":"https:\/\/brandss.com.py\/index\/producto\/camiseta-deportivo-puma-athletics-tee-big-logo-mangas-cortas\/","title":{"rendered":"CAMISETA DEPORTIVO PUMA ATHLETICS TEE BIG LOGO MANGAS CORTAS"},"content":{"rendered":"<p><img loading=\"lazy\" decoding=\"async\" class=\"\" src=\"https:\/\/cdn.icon-icons.com\/icons2\/3914\/PNG\/512\/puma_logo_icon_248754.png\" alt=\"Puma logo - Iconos Social Media y Logos\" width=\"88\" height=\"88\" \/><\/p>\n<h1>ATHLETICS TEE BIG LOGO<\/h1>\n<p>Equ\u00edpate con esta camiseta de Puma. La calidad y la autenticidad est\u00e1n ah\u00ed. A\u00f1ade un toque de encanto extra a tu look con esta camiseta negra de corte regular de Puma. Dise\u00f1ada a la perfecci\u00f3n con un tejido de primera calidad, garantiza un tacto suave y relajante sobre la piel. El cuello redondo le suma atractivo. Con mangas cortas, seguro que te ganar\u00e1s los cumplidos de todos. Emana un logotipo de la marca que la convierte en una opci\u00f3n \u00fanica.<\/p>\n<h3>DETALLES<\/h3>\n<table class=\"jsx-960159652 specification-table \">\n<tbody class=\"jsx-960159652\">\n<tr class=\"jsx-960159652\">\n<td class=\"jsx-960159652 property-name\"><strong>Marca<\/strong><\/td>\n<td class=\"jsx-960159652 property-value\">\u00a0Puma<\/td>\n<\/tr>\n<tr class=\"jsx-960159652\">\n<td class=\"jsx-960159652 property-name\"><strong>Modelo<\/strong><\/td>\n<td class=\"jsx-960159652 property-value\">\u00a0581333 01<\/td>\n<\/tr>\n<tr class=\"jsx-960159652\">\n<td class=\"jsx-960159652 property-name\"><strong>G\u00e9nero<\/strong><\/td>\n<td class=\"jsx-960159652 property-value\">\u00a0Masculino<\/td>\n<\/tr>\n<tr class=\"jsx-960159652\">\n<td class=\"jsx-960159652 property-name\"><strong>Composici\u00f3n<\/strong><\/td>\n<td class=\"jsx-960159652 property-value\">\u00a0100% Algod\u00f3n<\/td>\n<\/tr>\n<\/tbody>\n<\/table>\n<p>&nbsp;<\/p>\n","protected":false},"excerpt":{"rendered":"<p>ATHLETICS TEE BIG LOGO Equ\u00edpate con esta camiseta de Puma. La calidad y la autenticidad est\u00e1n ah\u00ed. A\u00f1ade un toque<\/p>\n","protected":false},"featured_media":54287,"comment_status":"open","ping_status":"closed","template":"","meta":{"nf_dc_page":""},"product_brand":[],"product_cat":[76],"product_tag":[],"class_list":{"0":"post-54286","1":"product","2":"type-product","3":"status-publish","4":"has-post-thumbnail","6":"product_cat-masculino","8":"first","9":"instock","10":"shipping-taxable","11":"purchasable","12":"product-type-simple"},"_links":{"self":[{"href":"https:\/\/brandss.com.py\/index\/wp-json\/wp\/v2\/product\/54286","targetHints":{"allow":["GET"]}}],"collection":[{"href":"https:\/\/brandss.com.py\/index\/wp-json\/wp\/v2\/product"}],"about":[{"href":"https:\/\/brandss.com.py\/index\/wp-json\/wp\/v2\/types\/product"}],"replies":[{"embeddable":true,"href":"https:\/\/brandss.com.py\/index\/wp-json\/wp\/v2\/comments?post=54286"}],"version-history":[{"count":1,"href":"https:\/\/brandss.com.py\/index\/wp-json\/wp\/v2\/product\/54286\/revisions"}],"predecessor-version":[{"id":54290,"href":"https:\/\/brandss.com.py\/index\/wp-json\/wp\/v2\/product\/54286\/revisions\/54290"}],"wp:featuredmedia":[{"embeddable":true,"href":"https:\/\/brandss.com.py\/index\/wp-json\/wp\/v2\/media\/54287"}],"wp:attachment":[{"href":"https:\/\/brandss.com.py\/index\/wp-json\/wp\/v2\/media?parent=54286"}],"wp:term":[{"taxonomy":"product_brand","embeddable":true,"href":"https:\/\/brandss.com.py\/index\/wp-json\/wp\/v2\/product_brand?post=54286"},{"taxonomy":"product_cat","embeddable":true,"href":"https:\/\/brandss.com.py\/index\/wp-json\/wp\/v2\/product_cat?post=54286"},{"taxonomy":"product_tag","embeddable":true,"href":"https:\/\/brandss.com.py\/index\/wp-json\/wp\/v2\/product_tag?post=54286"}],"curies":[{"name":"wp","href":"https:\/\/api.w.org\/{rel}","templated":true}]}}