{"id":54291,"date":"2024-07-17T15:02:27","date_gmt":"2024-07-17T15:02:27","guid":{"rendered":"https:\/\/brandss.com.py\/index\/?post_type=product&#038;p=54291"},"modified":"2025-09-16T19:14:01","modified_gmt":"2025-09-16T19:14:01","slug":"camiseta-puma-essential-logo-mangas-cortas","status":"publish","type":"product","link":"https:\/\/brandss.com.py\/index\/producto\/camiseta-puma-essential-logo-mangas-cortas\/","title":{"rendered":"CAMISETA PUMA ESSENTIAL LOGO MANGAS CORTAS"},"content":{"rendered":"<p><img loading=\"lazy\" decoding=\"async\" class=\"\" src=\"https:\/\/cdn.icon-icons.com\/icons2\/3914\/PNG\/512\/puma_logo_icon_248754.png\" alt=\"Puma logo - Iconos Social Media y Logos\" width=\"78\" height=\"78\" \/><\/p>\n<h1>ESSENTIAL LOGO<\/h1>\n<p>A veces, nada funciona como un cl\u00e1sico. Esta camiseta de algod\u00f3n puro de primera calidad tiene el ic\u00f3nico logotipo de PUMA n.o 1 en el pecho y un calce regular favorecedor para un estilo recto y sencillo. La Playera Puma Essentials Logo es una perfecta elecci\u00f3n para cuando quieras llevar un outfit un poco m\u00e1s relajado. Esta prenda ser\u00e1 muy sencillo de combinar con todo lo que ya tienes en tu armario, sin duda se convertir\u00e1 en una de tus favoritas.<\/p>\n<h3><\/h3>\n<h3>DETALLES<\/h3>\n<p>&nbsp;<\/p>\n<table class=\"additional-attributes w-full\">\n<tbody>\n<tr class=\"\">\n<th class=\"col label w-1\/2 py-1 text-left font-semibold product-attribute-label\" scope=\"row\"><span>Marca<\/span><\/th>\n<td class=\"col data w-1\/2 py-1 pl-2 text-left text-gray-900 product-attribute-value\" data-th=\"Article number\">\u00a0Puma<\/td>\n<\/tr>\n<tr class=\"\">\n<th class=\"col label w-1\/2 py-1 text-left font-semibold product-attribute-label\" scope=\"row\">Modelo<\/th>\n<td class=\"col data w-1\/2 py-1 pl-2 text-left text-gray-900 product-attribute-value\" data-th=\"Gender\">\u00a0586666-02<\/td>\n<\/tr>\n<tr class=\"\">\n<th class=\"col label w-1\/2 py-1 text-left font-semibold product-attribute-label\" scope=\"row\">G\u00e9nero<\/th>\n<td class=\"col data w-1\/2 py-1 pl-2 text-left text-gray-900 product-attribute-value\" data-th=\"Material\">\u00a0Masculino<\/td>\n<\/tr>\n<tr class=\"\">\n<th class=\"col label w-1\/2 py-1 text-left font-semibold product-attribute-label\" scope=\"row\">Material<\/th>\n<td class=\"col data w-1\/2 py-1 pl-2 text-left text-gray-900 product-attribute-value\" data-th=\"Color\">\u00a095% algod\u00f3n &#8211; 5% elastano<\/td>\n<\/tr>\n<tr class=\"\">\n<th class=\"col label w-1\/2 py-1 text-left font-semibold product-attribute-label\" scope=\"row\">Color<\/th>\n<td class=\"col data w-1\/2 py-1 pl-2 text-left text-gray-900 product-attribute-value\" data-th=\"Producttype\">\u00a0Blanco\/ Negro<\/td>\n<\/tr>\n<\/tbody>\n<\/table>\n","protected":false},"excerpt":{"rendered":"<p>ESSENTIAL LOGO A veces, nada funciona como un cl\u00e1sico. Esta camiseta de algod\u00f3n puro de primera calidad tiene el ic\u00f3nico<\/p>\n","protected":false},"featured_media":54292,"comment_status":"open","ping_status":"closed","template":"","meta":{"nf_dc_page":""},"product_brand":[],"product_cat":[76],"product_tag":[],"class_list":{"0":"post-54291","1":"product","2":"type-product","3":"status-publish","4":"has-post-thumbnail","6":"product_cat-masculino","8":"first","9":"instock","10":"shipping-taxable","11":"purchasable","12":"product-type-simple"},"_links":{"self":[{"href":"https:\/\/brandss.com.py\/index\/wp-json\/wp\/v2\/product\/54291","targetHints":{"allow":["GET"]}}],"collection":[{"href":"https:\/\/brandss.com.py\/index\/wp-json\/wp\/v2\/product"}],"about":[{"href":"https:\/\/brandss.com.py\/index\/wp-json\/wp\/v2\/types\/product"}],"replies":[{"embeddable":true,"href":"https:\/\/brandss.com.py\/index\/wp-json\/wp\/v2\/comments?post=54291"}],"version-history":[{"count":1,"href":"https:\/\/brandss.com.py\/index\/wp-json\/wp\/v2\/product\/54291\/revisions"}],"predecessor-version":[{"id":54297,"href":"https:\/\/brandss.com.py\/index\/wp-json\/wp\/v2\/product\/54291\/revisions\/54297"}],"wp:featuredmedia":[{"embeddable":true,"href":"https:\/\/brandss.com.py\/index\/wp-json\/wp\/v2\/media\/54292"}],"wp:attachment":[{"href":"https:\/\/brandss.com.py\/index\/wp-json\/wp\/v2\/media?parent=54291"}],"wp:term":[{"taxonomy":"product_brand","embeddable":true,"href":"https:\/\/brandss.com.py\/index\/wp-json\/wp\/v2\/product_brand?post=54291"},{"taxonomy":"product_cat","embeddable":true,"href":"https:\/\/brandss.com.py\/index\/wp-json\/wp\/v2\/product_cat?post=54291"},{"taxonomy":"product_tag","embeddable":true,"href":"https:\/\/brandss.com.py\/index\/wp-json\/wp\/v2\/product_tag?post=54291"}],"curies":[{"name":"wp","href":"https:\/\/api.w.org\/{rel}","templated":true}]}}