{"id":54298,"date":"2024-07-17T18:00:56","date_gmt":"2024-07-17T18:00:56","guid":{"rendered":"https:\/\/brandss.com.py\/index\/?post_type=product&#038;p=54298"},"modified":"2025-06-16T18:48:07","modified_gmt":"2025-06-16T18:48:07","slug":"camiseta-deportivo-adidas-judo-triko-comunnity-line-mangas-cortas","status":"publish","type":"product","link":"https:\/\/brandss.com.py\/index\/producto\/camiseta-deportivo-adidas-judo-triko-comunnity-line-mangas-cortas\/","title":{"rendered":"CAMISETA DEPORTIVO ADIDAS JUDO TRIKO COMUNNITY LINE MANGAS CORTAS"},"content":{"rendered":"<p><img loading=\"lazy\" decoding=\"async\" class=\"\" src=\"https:\/\/upload.wikimedia.org\/wikipedia\/commons\/thumb\/2\/20\/Adidas_Logo.svg\/2560px-Adidas_Logo.svg.png\" alt=\"Archivo:Adidas Logo.svg - Wikipedia, la enciclopedia libre\" width=\"99\" height=\"68\" \/><\/p>\n<h1>JUDO TRIKO COMUNNITY LINE<\/h1>\n<p>La l\u00ednea Community de adidas est\u00e1 confeccionada con tejidos prelavados y peinados funcionales y respetuosos con la piel que proporcionan una \u00f3ptima regulaci\u00f3n de la temperatura corporal y propiedades de absorci\u00f3n de la humedad. Adem\u00e1s de la funcionalidad, las prendas presentan dise\u00f1os din\u00e1micos con colores vibrantes.<\/p>\n<ul>\n<li>Marca:\u00a0 Adidas<\/li>\n<li>Modelo: ADICTJ<\/li>\n<li>G\u00e9nero: Masculino<\/li>\n<li>Deporte: Judo.<\/li>\n<li>Color: Black\/ Gold<\/li>\n<li>Material: 100% poli\u00e9ster.<\/li>\n<\/ul>\n","protected":false},"excerpt":{"rendered":"<p>JUDO TRIKO COMUNNITY LINE La l\u00ednea Community de adidas est\u00e1 confeccionada con tejidos prelavados y peinados funcionales y respetuosos con<\/p>\n","protected":false},"featured_media":54299,"comment_status":"open","ping_status":"closed","template":"","meta":{"nf_dc_page":""},"product_brand":[],"product_cat":[76],"product_tag":[],"class_list":{"0":"post-54298","1":"product","2":"type-product","3":"status-publish","4":"has-post-thumbnail","6":"product_cat-masculino","8":"first","9":"instock","10":"shipping-taxable","11":"purchasable","12":"product-type-simple"},"_links":{"self":[{"href":"https:\/\/brandss.com.py\/index\/wp-json\/wp\/v2\/product\/54298","targetHints":{"allow":["GET"]}}],"collection":[{"href":"https:\/\/brandss.com.py\/index\/wp-json\/wp\/v2\/product"}],"about":[{"href":"https:\/\/brandss.com.py\/index\/wp-json\/wp\/v2\/types\/product"}],"replies":[{"embeddable":true,"href":"https:\/\/brandss.com.py\/index\/wp-json\/wp\/v2\/comments?post=54298"}],"version-history":[{"count":2,"href":"https:\/\/brandss.com.py\/index\/wp-json\/wp\/v2\/product\/54298\/revisions"}],"predecessor-version":[{"id":54308,"href":"https:\/\/brandss.com.py\/index\/wp-json\/wp\/v2\/product\/54298\/revisions\/54308"}],"wp:featuredmedia":[{"embeddable":true,"href":"https:\/\/brandss.com.py\/index\/wp-json\/wp\/v2\/media\/54299"}],"wp:attachment":[{"href":"https:\/\/brandss.com.py\/index\/wp-json\/wp\/v2\/media?parent=54298"}],"wp:term":[{"taxonomy":"product_brand","embeddable":true,"href":"https:\/\/brandss.com.py\/index\/wp-json\/wp\/v2\/product_brand?post=54298"},{"taxonomy":"product_cat","embeddable":true,"href":"https:\/\/brandss.com.py\/index\/wp-json\/wp\/v2\/product_cat?post=54298"},{"taxonomy":"product_tag","embeddable":true,"href":"https:\/\/brandss.com.py\/index\/wp-json\/wp\/v2\/product_tag?post=54298"}],"curies":[{"name":"wp","href":"https:\/\/api.w.org\/{rel}","templated":true}]}}