{"id":54309,"date":"2024-07-17T18:41:05","date_gmt":"2024-07-17T18:41:05","guid":{"rendered":"https:\/\/brandss.com.py\/index\/?post_type=product&#038;p=54309"},"modified":"2025-03-27T16:13:04","modified_gmt":"2025-03-27T16:13:04","slug":"camiseta-deportivo-adidas-judo-triko-comunnity-line-mangas-cortas-2","status":"publish","type":"product","link":"https:\/\/brandss.com.py\/index\/producto\/camiseta-deportivo-adidas-judo-triko-comunnity-line-mangas-cortas-2\/","title":{"rendered":"CAMISETA DEPORTIVO ADIDAS JUDO TRIKO COMUNNITY LINE MANGAS CORTAS"},"content":{"rendered":"<p><img loading=\"lazy\" decoding=\"async\" class=\"\" src=\"https:\/\/upload.wikimedia.org\/wikipedia\/commons\/thumb\/2\/20\/Adidas_Logo.svg\/2560px-Adidas_Logo.svg.png\" alt=\"Archivo:Adidas Logo.svg - Wikipedia, la enciclopedia libre\" width=\"104\" height=\"72\" \/><\/p>\n<h1>JUDO TRIKO COMUNNITY LINE<\/h1>\n<p>La l\u00ednea Community de adidas est\u00e1 confeccionada con tejidos prelavados y peinados funcionales y respetuosos con la piel que proporcionan una \u00f3ptima regulaci\u00f3n de la temperatura corporal y propiedades de absorci\u00f3n de la humedad. Adem\u00e1s de la funcionalidad, las prendas presentan dise\u00f1os din\u00e1micos con colores vibrantes.<\/p>\n<p>&nbsp;<\/p>\n<h3>DETALLES<\/h3>\n<p>&nbsp;<\/p>\n<p><strong>Marca:<\/strong>\u00a0 Adidas<\/p>\n<p><strong>Modelo:<\/strong> ADICTJ-WG<\/p>\n<p><strong>G\u00e9nero:<\/strong> Masculino<\/p>\n<p><strong>Deporte:<\/strong> Judo.<\/p>\n<p><strong>Color:<\/strong> White\/ Gold<\/p>\n<p><strong>Material:<\/strong> 100% Poli\u00e9ster<\/p>\n","protected":false},"excerpt":{"rendered":"<p>JUDO TRIKO COMUNNITY LINE La l\u00ednea Community de adidas est\u00e1 confeccionada con tejidos prelavados y peinados funcionales y respetuosos con<\/p>\n","protected":false},"featured_media":54310,"comment_status":"open","ping_status":"closed","template":"","meta":{"nf_dc_page":""},"product_brand":[],"product_cat":[76],"product_tag":[],"class_list":{"0":"post-54309","1":"product","2":"type-product","3":"status-publish","4":"has-post-thumbnail","6":"product_cat-masculino","8":"first","9":"instock","10":"shipping-taxable","11":"purchasable","12":"product-type-simple"},"_links":{"self":[{"href":"https:\/\/brandss.com.py\/index\/wp-json\/wp\/v2\/product\/54309","targetHints":{"allow":["GET"]}}],"collection":[{"href":"https:\/\/brandss.com.py\/index\/wp-json\/wp\/v2\/product"}],"about":[{"href":"https:\/\/brandss.com.py\/index\/wp-json\/wp\/v2\/types\/product"}],"replies":[{"embeddable":true,"href":"https:\/\/brandss.com.py\/index\/wp-json\/wp\/v2\/comments?post=54309"}],"version-history":[{"count":1,"href":"https:\/\/brandss.com.py\/index\/wp-json\/wp\/v2\/product\/54309\/revisions"}],"predecessor-version":[{"id":54317,"href":"https:\/\/brandss.com.py\/index\/wp-json\/wp\/v2\/product\/54309\/revisions\/54317"}],"wp:featuredmedia":[{"embeddable":true,"href":"https:\/\/brandss.com.py\/index\/wp-json\/wp\/v2\/media\/54310"}],"wp:attachment":[{"href":"https:\/\/brandss.com.py\/index\/wp-json\/wp\/v2\/media?parent=54309"}],"wp:term":[{"taxonomy":"product_brand","embeddable":true,"href":"https:\/\/brandss.com.py\/index\/wp-json\/wp\/v2\/product_brand?post=54309"},{"taxonomy":"product_cat","embeddable":true,"href":"https:\/\/brandss.com.py\/index\/wp-json\/wp\/v2\/product_cat?post=54309"},{"taxonomy":"product_tag","embeddable":true,"href":"https:\/\/brandss.com.py\/index\/wp-json\/wp\/v2\/product_tag?post=54309"}],"curies":[{"name":"wp","href":"https:\/\/api.w.org\/{rel}","templated":true}]}}