{"id":54318,"date":"2024-07-17T19:13:34","date_gmt":"2024-07-17T19:13:34","guid":{"rendered":"https:\/\/brandss.com.py\/index\/?post_type=product&#038;p=54318"},"modified":"2025-02-04T10:32:00","modified_gmt":"2025-02-04T10:32:00","slug":"camiseta-nike-sportswear-club-tee-mangas-cortas","status":"publish","type":"product","link":"https:\/\/brandss.com.py\/index\/producto\/camiseta-nike-sportswear-club-tee-mangas-cortas\/","title":{"rendered":"CAMISETA NIKE SPORTSWEAR CLUB TEE MANGAS CORTAS"},"content":{"rendered":"<p><img loading=\"lazy\" decoding=\"async\" class=\"\" src=\"https:\/\/1000logos.net\/wp-content\/uploads\/2017\/03\/Nike-Logo-1971-now.png\" alt=\"Nike Logo and symbol, meaning, history, PNG, brand\" width=\"136\" height=\"76\" \/><\/p>\n<h1 class=\"page-title\"><span class=\"base\" data-ui-id=\"page-title-wrapper\">\u00a0NIKE SPORTSWEAR CLUB TEE<\/span><\/h1>\n<p>UN OPCI\u00d3N INTELIGENTE PARA TU ACTIVIDAD DIARIA.<\/p>\n<p>Una elecci\u00f3n simple para usar todos los d\u00edas, la playera Nike Sportswear est\u00e1 confeccionada con nuestra tela de algod\u00f3n de uso diario en un ajuste cl\u00e1sico que brinda una sensaci\u00f3n familiar desde el primer uso. El logotipo de Futura bordado en el pecho te brinda un estilo Nike distintivo.<\/p>\n<p><strong>Beneficios<\/strong><\/p>\n<p>\u2022 El estilo de ajuste cl\u00e1sico de la playera es relajado sobre el cuerpo y las caderas.<\/p>\n<p>\u2022 La tela de algod\u00f3n se siente suave y ligera para todos los d\u00edas.<\/p>\n<p><strong>Datos del producto<\/strong><\/p>\n<p>\u2022 Ajuste est\u00e1ndar para una sensaci\u00f3n relajada y c\u00f3moda<\/p>\n<p>\u2022 Tela: 100% algod\u00f3n<\/p>\n<p>\u2022 Lavar a m\u00e1quina<\/p>\n<p>\u2022 Producto importado<\/p>\n<div class=\"vtex-flex-layout-0-x-flexColChild vtex-flex-layout-0-x-flexColChild--product-col pb7\">\n<div class=\"nikecl-store-components-0-x-specificationContainer flex\">\n<ul>\n<li class=\"nikecl-store-components-0-x-specificationRow flex mb4\"><span class=\"nikecl-store-components-0-x-specificationName nikecl-store-components-0-x-specificationName--sku-specification\">Color: <\/span><span class=\"nikecl-store-components-0-x-specificationValue nikecl-store-components-0-x-specificationValue--sku-specification\">Negro<\/span><\/li>\n<li class=\"nikecl-store-components-0-x-specificationRow flex mb4\">Modelo<span class=\"vtex-product-identifier-0-x-product-identifier__separator\">:\u00a0<\/span><span class=\"vtex-product-identifier-0-x-product-identifier__value\">AR4997-013<\/span><\/li>\n<\/ul>\n<\/div>\n<\/div>\n<p>&nbsp;<\/p>\n","protected":false},"excerpt":{"rendered":"<p>\u00a0NIKE SPORTSWEAR CLUB TEE UN OPCI\u00d3N INTELIGENTE PARA TU ACTIVIDAD DIARIA. Una elecci\u00f3n simple para usar todos los d\u00edas, la<\/p>\n","protected":false},"featured_media":54319,"comment_status":"open","ping_status":"closed","template":"","meta":{"nf_dc_page":""},"product_brand":[],"product_cat":[76],"product_tag":[],"class_list":{"0":"post-54318","1":"product","2":"type-product","3":"status-publish","4":"has-post-thumbnail","6":"product_cat-masculino","8":"first","9":"instock","10":"shipping-taxable","11":"purchasable","12":"product-type-simple"},"_links":{"self":[{"href":"https:\/\/brandss.com.py\/index\/wp-json\/wp\/v2\/product\/54318","targetHints":{"allow":["GET"]}}],"collection":[{"href":"https:\/\/brandss.com.py\/index\/wp-json\/wp\/v2\/product"}],"about":[{"href":"https:\/\/brandss.com.py\/index\/wp-json\/wp\/v2\/types\/product"}],"replies":[{"embeddable":true,"href":"https:\/\/brandss.com.py\/index\/wp-json\/wp\/v2\/comments?post=54318"}],"version-history":[{"count":1,"href":"https:\/\/brandss.com.py\/index\/wp-json\/wp\/v2\/product\/54318\/revisions"}],"predecessor-version":[{"id":54325,"href":"https:\/\/brandss.com.py\/index\/wp-json\/wp\/v2\/product\/54318\/revisions\/54325"}],"wp:featuredmedia":[{"embeddable":true,"href":"https:\/\/brandss.com.py\/index\/wp-json\/wp\/v2\/media\/54319"}],"wp:attachment":[{"href":"https:\/\/brandss.com.py\/index\/wp-json\/wp\/v2\/media?parent=54318"}],"wp:term":[{"taxonomy":"product_brand","embeddable":true,"href":"https:\/\/brandss.com.py\/index\/wp-json\/wp\/v2\/product_brand?post=54318"},{"taxonomy":"product_cat","embeddable":true,"href":"https:\/\/brandss.com.py\/index\/wp-json\/wp\/v2\/product_cat?post=54318"},{"taxonomy":"product_tag","embeddable":true,"href":"https:\/\/brandss.com.py\/index\/wp-json\/wp\/v2\/product_tag?post=54318"}],"curies":[{"name":"wp","href":"https:\/\/api.w.org\/{rel}","templated":true}]}}