{"id":54468,"date":"2024-07-19T14:06:58","date_gmt":"2024-07-19T14:06:58","guid":{"rendered":"https:\/\/brandss.com.py\/index\/?post_type=product&#038;p=54468"},"modified":"2025-03-27T16:13:05","modified_gmt":"2025-03-27T16:13:05","slug":"polo-masculino-diesel-t-serpico-mangas-cortas","status":"publish","type":"product","link":"https:\/\/brandss.com.py\/index\/producto\/polo-masculino-diesel-t-serpico-mangas-cortas\/","title":{"rendered":"POLO MASCULINO DIESEL T-SERPICO MANGAS CORTAS"},"content":{"rendered":"<p><img loading=\"lazy\" decoding=\"async\" class=\"\" src=\"https:\/\/static.vecteezy.com\/system\/resources\/previews\/023\/599\/751\/original\/diesel-logo-brand-symbol-black-design-luxury-clothes-fashion-illustration-free-vector.jpg\" alt=\"diesel logo marca s\u00edmbolo negro dise\u00f1o lujo ropa Moda vector ilustraci\u00f3n  23599751 Vector en Vecteezy\" width=\"90\" height=\"73\" \/><\/p>\n<h1>T-SERPICO<\/h1>\n<p><span id=\"body_DescriptionLabel\"><span>Un polo con aut\u00e9ntico ADN Diesel. <\/span><\/span>Esta elegante camiseta est\u00e1 decorada con un cuello vaquero y una etiqueta met\u00e1lica con la palabra Diesel en el pecho. Polo con la confecci\u00f3n artesanal de DIESEL que utiliza material de mezclilla aplastada en el cuello. La combinaci\u00f3n de material de piqu\u00e9 de algod\u00f3n limpio es interesante en el dise\u00f1o.<\/p>\n<h4>\n<p>Descripci\u00f3n de la marca<\/h4>\n<p>Los dise\u00f1os de Diesel no persiguen las tendencias ya confeccionadas, sino que buscan una moda \u00fanica y novedosa. Siempre prestamos gran atenci\u00f3n a los detalles y nos centramos en la selecci\u00f3n de materiales de calidad y t\u00e9cnicas de costura. Y seguimos creando ropa para quienes viven su propia vida y expresan su personalidad con lo que visten.<\/p>\n<h4>DETALLES<\/h4>\n<p><strong>Marca:<\/strong> Diesel<\/p>\n<p><strong>Modelo:<\/strong> 00SJQV-0IAIM<\/p>\n<p><strong>G\u00e9nero:<\/strong> Masculino<\/p>\n<p><strong>Color:<\/strong> Gris\/ azul Denin<\/p>\n<p><strong>Material:<\/strong> 100% Algod\u00f3n<\/p>\n","protected":false},"excerpt":{"rendered":"<p>T-SERPICO Un polo con aut\u00e9ntico ADN Diesel. Esta elegante camiseta est\u00e1 decorada con un cuello vaquero y una etiqueta met\u00e1lica<\/p>\n","protected":false},"featured_media":54469,"comment_status":"open","ping_status":"closed","template":"","meta":{"nf_dc_page":""},"product_brand":[],"product_cat":[76],"product_tag":[],"class_list":{"0":"post-54468","1":"product","2":"type-product","3":"status-publish","4":"has-post-thumbnail","6":"product_cat-masculino","8":"first","9":"instock","10":"shipping-taxable","11":"purchasable","12":"product-type-simple"},"_links":{"self":[{"href":"https:\/\/brandss.com.py\/index\/wp-json\/wp\/v2\/product\/54468","targetHints":{"allow":["GET"]}}],"collection":[{"href":"https:\/\/brandss.com.py\/index\/wp-json\/wp\/v2\/product"}],"about":[{"href":"https:\/\/brandss.com.py\/index\/wp-json\/wp\/v2\/types\/product"}],"replies":[{"embeddable":true,"href":"https:\/\/brandss.com.py\/index\/wp-json\/wp\/v2\/comments?post=54468"}],"version-history":[{"count":1,"href":"https:\/\/brandss.com.py\/index\/wp-json\/wp\/v2\/product\/54468\/revisions"}],"predecessor-version":[{"id":54473,"href":"https:\/\/brandss.com.py\/index\/wp-json\/wp\/v2\/product\/54468\/revisions\/54473"}],"wp:featuredmedia":[{"embeddable":true,"href":"https:\/\/brandss.com.py\/index\/wp-json\/wp\/v2\/media\/54469"}],"wp:attachment":[{"href":"https:\/\/brandss.com.py\/index\/wp-json\/wp\/v2\/media?parent=54468"}],"wp:term":[{"taxonomy":"product_brand","embeddable":true,"href":"https:\/\/brandss.com.py\/index\/wp-json\/wp\/v2\/product_brand?post=54468"},{"taxonomy":"product_cat","embeddable":true,"href":"https:\/\/brandss.com.py\/index\/wp-json\/wp\/v2\/product_cat?post=54468"},{"taxonomy":"product_tag","embeddable":true,"href":"https:\/\/brandss.com.py\/index\/wp-json\/wp\/v2\/product_tag?post=54468"}],"curies":[{"name":"wp","href":"https:\/\/api.w.org\/{rel}","templated":true}]}}