{"id":54475,"date":"2024-07-19T14:35:59","date_gmt":"2024-07-19T14:35:59","guid":{"rendered":"https:\/\/brandss.com.py\/index\/?post_type=product&#038;p=54475"},"modified":"2025-02-04T10:32:00","modified_gmt":"2025-02-04T10:32:00","slug":"camiseta-masculino-diesel-t-diegos-k33-mangas-cortas","status":"publish","type":"product","link":"https:\/\/brandss.com.py\/index\/producto\/camiseta-masculino-diesel-t-diegos-k33-mangas-cortas\/","title":{"rendered":"CAMISETA MASCULINO DIESEL T-DIEGOS-K33 MANGAS CORTAS"},"content":{"rendered":"<p><img loading=\"lazy\" decoding=\"async\" class=\"\" src=\"https:\/\/static.vecteezy.com\/system\/resources\/previews\/023\/599\/751\/original\/diesel-logo-brand-symbol-black-design-luxury-clothes-fashion-illustration-free-vector.jpg\" alt=\"diesel logo marca s\u00edmbolo negro dise\u00f1o lujo ropa Moda vector ilustraci\u00f3n  23599751 Vector en Vecteezy\" width=\"98\" height=\"80\" \/><\/p>\n<h1>T-DIEGOS-K33<\/h1>\n<p>Camiseta de manga corta de algod\u00f3n con estampado gr\u00e1fico cortada y cosida.<\/p>\n<p><b><span>Caracter\u00edsticas<\/span><\/b><\/p>\n<p><strong>Marca:<\/strong> Diesel<\/p>\n<p><strong>Modelo:<\/strong> A00352-0AAXJ-100<\/p>\n<p><strong>G\u00e9nero:<\/strong> Masculino<\/p>\n<p><span><strong>Color:<\/strong> Blanco, Verde, Negro<\/span><\/p>\n<p><span><strong>Estampado:<\/strong> Texto, Gr\u00e1fico<\/span><\/p>\n<p><span><strong>Material:<\/strong> Jersey<\/span><\/p>\n<p><span><strong>Estilo:<\/strong> Casual<\/span><\/p>\n","protected":false},"excerpt":{"rendered":"<p>T-DIEGOS-K33 Camiseta de manga corta de algod\u00f3n con estampado gr\u00e1fico cortada y cosida. Caracter\u00edsticas Marca: Diesel Modelo: A00352-0AAXJ-100 G\u00e9nero: Masculino<\/p>\n","protected":false},"featured_media":54476,"comment_status":"open","ping_status":"closed","template":"","meta":{"nf_dc_page":""},"product_brand":[],"product_cat":[76],"product_tag":[],"class_list":{"0":"post-54475","1":"product","2":"type-product","3":"status-publish","4":"has-post-thumbnail","6":"product_cat-masculino","8":"first","9":"instock","10":"shipping-taxable","11":"purchasable","12":"product-type-simple"},"_links":{"self":[{"href":"https:\/\/brandss.com.py\/index\/wp-json\/wp\/v2\/product\/54475","targetHints":{"allow":["GET"]}}],"collection":[{"href":"https:\/\/brandss.com.py\/index\/wp-json\/wp\/v2\/product"}],"about":[{"href":"https:\/\/brandss.com.py\/index\/wp-json\/wp\/v2\/types\/product"}],"replies":[{"embeddable":true,"href":"https:\/\/brandss.com.py\/index\/wp-json\/wp\/v2\/comments?post=54475"}],"version-history":[{"count":1,"href":"https:\/\/brandss.com.py\/index\/wp-json\/wp\/v2\/product\/54475\/revisions"}],"predecessor-version":[{"id":54480,"href":"https:\/\/brandss.com.py\/index\/wp-json\/wp\/v2\/product\/54475\/revisions\/54480"}],"wp:featuredmedia":[{"embeddable":true,"href":"https:\/\/brandss.com.py\/index\/wp-json\/wp\/v2\/media\/54476"}],"wp:attachment":[{"href":"https:\/\/brandss.com.py\/index\/wp-json\/wp\/v2\/media?parent=54475"}],"wp:term":[{"taxonomy":"product_brand","embeddable":true,"href":"https:\/\/brandss.com.py\/index\/wp-json\/wp\/v2\/product_brand?post=54475"},{"taxonomy":"product_cat","embeddable":true,"href":"https:\/\/brandss.com.py\/index\/wp-json\/wp\/v2\/product_cat?post=54475"},{"taxonomy":"product_tag","embeddable":true,"href":"https:\/\/brandss.com.py\/index\/wp-json\/wp\/v2\/product_tag?post=54475"}],"curies":[{"name":"wp","href":"https:\/\/api.w.org\/{rel}","templated":true}]}}