{"id":54483,"date":"2024-07-19T17:17:29","date_gmt":"2024-07-19T17:17:29","guid":{"rendered":"https:\/\/brandss.com.py\/index\/?post_type=product&#038;p=54483"},"modified":"2025-03-27T16:12:39","modified_gmt":"2025-03-27T16:12:39","slug":"moleton-masculino-diesel-maxi-s-girk-hood-cuty-con-capucha","status":"publish","type":"product","link":"https:\/\/brandss.com.py\/index\/producto\/moleton-masculino-diesel-maxi-s-girk-hood-cuty-con-capucha\/","title":{"rendered":"MOLET\u00d3N MASCULINO DIESEL MAXI S-GIRK-HOOD-CUTY CON CAPUCHA"},"content":{"rendered":"<p><img loading=\"lazy\" decoding=\"async\" class=\"\" src=\"https:\/\/static.vecteezy.com\/system\/resources\/previews\/023\/599\/751\/original\/diesel-logo-brand-symbol-black-design-luxury-clothes-fashion-illustration-free-vector.jpg\" alt=\"diesel logo marca s\u00edmbolo negro dise\u00f1o lujo ropa Moda vector ilustraci\u00f3n 23599751 Vector en Vecteezy\" width=\"87\" height=\"71\" \/><\/p>\n<h3>MAXI S-GIRK-HOOD-CUTY<\/h3>\n<p>\u00a1Descubre esta sudadera con capucha de la marca Diesel!<\/p>\n<p>Corte cl\u00e1sico<br \/>\nCapucha con cordones<br \/>\nBolsillo canguro<br \/>\nEstampado Diesel<br \/>\nComposici\u00f3n: 100% algod\u00f3n<br \/>\nPu\u00f1os acanalados en brazos y cintura<br \/>\nEstampado de logo en la parte delantera<br \/>\nColor: Turquesa<br \/>\nG\u00e9nero: Masculino<br \/>\nModelo: S -Girk-Hood-Cuty<\/p>\n","protected":false},"excerpt":{"rendered":"<p>MAXI S-GIRK-HOOD-CUTY \u00a1Descubre esta sudadera con capucha de la marca Diesel! Corte cl\u00e1sico Capucha con cordones Bolsillo canguro Estampado Diesel<\/p>\n","protected":false},"featured_media":54488,"comment_status":"open","ping_status":"closed","template":"","meta":{"nf_dc_page":""},"product_brand":[],"product_cat":[76],"product_tag":[],"class_list":{"0":"post-54483","1":"product","2":"type-product","3":"status-publish","4":"has-post-thumbnail","6":"product_cat-masculino","8":"first","9":"instock","10":"shipping-taxable","11":"purchasable","12":"product-type-simple"},"_links":{"self":[{"href":"https:\/\/brandss.com.py\/index\/wp-json\/wp\/v2\/product\/54483","targetHints":{"allow":["GET"]}}],"collection":[{"href":"https:\/\/brandss.com.py\/index\/wp-json\/wp\/v2\/product"}],"about":[{"href":"https:\/\/brandss.com.py\/index\/wp-json\/wp\/v2\/types\/product"}],"replies":[{"embeddable":true,"href":"https:\/\/brandss.com.py\/index\/wp-json\/wp\/v2\/comments?post=54483"}],"version-history":[{"count":1,"href":"https:\/\/brandss.com.py\/index\/wp-json\/wp\/v2\/product\/54483\/revisions"}],"predecessor-version":[{"id":54493,"href":"https:\/\/brandss.com.py\/index\/wp-json\/wp\/v2\/product\/54483\/revisions\/54493"}],"wp:featuredmedia":[{"embeddable":true,"href":"https:\/\/brandss.com.py\/index\/wp-json\/wp\/v2\/media\/54488"}],"wp:attachment":[{"href":"https:\/\/brandss.com.py\/index\/wp-json\/wp\/v2\/media?parent=54483"}],"wp:term":[{"taxonomy":"product_brand","embeddable":true,"href":"https:\/\/brandss.com.py\/index\/wp-json\/wp\/v2\/product_brand?post=54483"},{"taxonomy":"product_cat","embeddable":true,"href":"https:\/\/brandss.com.py\/index\/wp-json\/wp\/v2\/product_cat?post=54483"},{"taxonomy":"product_tag","embeddable":true,"href":"https:\/\/brandss.com.py\/index\/wp-json\/wp\/v2\/product_tag?post=54483"}],"curies":[{"name":"wp","href":"https:\/\/api.w.org\/{rel}","templated":true}]}}