{"id":54494,"date":"2024-07-19T17:42:06","date_gmt":"2024-07-19T17:42:06","guid":{"rendered":"https:\/\/brandss.com.py\/index\/?post_type=product&#038;p=54494"},"modified":"2025-09-23T10:34:18","modified_gmt":"2025-09-23T10:34:18","slug":"sueter-masculino-diesel-k-boston-maglia","status":"publish","type":"product","link":"https:\/\/brandss.com.py\/index\/producto\/sueter-masculino-diesel-k-boston-maglia\/","title":{"rendered":"SUETER MASCULINO DIESEL K-BOSTON MAGLIA"},"content":{"rendered":"<p><img loading=\"lazy\" decoding=\"async\" class=\"\" src=\"https:\/\/static.vecteezy.com\/system\/resources\/previews\/023\/599\/751\/original\/diesel-logo-brand-symbol-black-design-luxury-clothes-fashion-illustration-free-vector.jpg\" alt=\"diesel logo marca s\u00edmbolo negro dise\u00f1o lujo ropa Moda vector ilustraci\u00f3n  23599751 Vector en Vecteezy\" width=\"81\" height=\"66\" \/><\/p>\n<h1 class=\"product__title my-2\"><span>K-BOSTON MAGLIA<\/span><\/h1>\n<p>Jersey de cuello redondo con bolsillo y logo bordado aplicado en la parte delantera.<\/p>\n<h4><\/h4>\n<h4>DETALLES:<\/h4>\n<p>&nbsp;<\/p>\n<p><b>Marca:<\/b>\u00a0Diesel<\/p>\n<p><b><span>Modelo:<\/span><\/b><span> A034160KCAE 9XX<\/span><\/p>\n<p><strong>G\u00e9nero:<\/strong> Masculino<\/p>\n<p><strong>Color:<\/strong> Negro<\/p>\n<p><b>Material:\u00a0<\/b>70% lana, 30% cachemira<\/p>\n","protected":false},"excerpt":{"rendered":"<p>K-BOSTON MAGLIA Jersey de cuello redondo con bolsillo y logo bordado aplicado en la parte delantera. DETALLES: &nbsp; Marca:\u00a0Diesel Modelo:<\/p>\n","protected":false},"featured_media":54495,"comment_status":"open","ping_status":"closed","template":"","meta":{"nf_dc_page":""},"product_brand":[],"product_cat":[76],"product_tag":[],"class_list":{"0":"post-54494","1":"product","2":"type-product","3":"status-publish","4":"has-post-thumbnail","6":"product_cat-masculino","8":"first","9":"instock","10":"shipping-taxable","11":"purchasable","12":"product-type-simple"},"_links":{"self":[{"href":"https:\/\/brandss.com.py\/index\/wp-json\/wp\/v2\/product\/54494","targetHints":{"allow":["GET"]}}],"collection":[{"href":"https:\/\/brandss.com.py\/index\/wp-json\/wp\/v2\/product"}],"about":[{"href":"https:\/\/brandss.com.py\/index\/wp-json\/wp\/v2\/types\/product"}],"replies":[{"embeddable":true,"href":"https:\/\/brandss.com.py\/index\/wp-json\/wp\/v2\/comments?post=54494"}],"version-history":[{"count":1,"href":"https:\/\/brandss.com.py\/index\/wp-json\/wp\/v2\/product\/54494\/revisions"}],"predecessor-version":[{"id":54500,"href":"https:\/\/brandss.com.py\/index\/wp-json\/wp\/v2\/product\/54494\/revisions\/54500"}],"wp:featuredmedia":[{"embeddable":true,"href":"https:\/\/brandss.com.py\/index\/wp-json\/wp\/v2\/media\/54495"}],"wp:attachment":[{"href":"https:\/\/brandss.com.py\/index\/wp-json\/wp\/v2\/media?parent=54494"}],"wp:term":[{"taxonomy":"product_brand","embeddable":true,"href":"https:\/\/brandss.com.py\/index\/wp-json\/wp\/v2\/product_brand?post=54494"},{"taxonomy":"product_cat","embeddable":true,"href":"https:\/\/brandss.com.py\/index\/wp-json\/wp\/v2\/product_cat?post=54494"},{"taxonomy":"product_tag","embeddable":true,"href":"https:\/\/brandss.com.py\/index\/wp-json\/wp\/v2\/product_tag?post=54494"}],"curies":[{"name":"wp","href":"https:\/\/api.w.org\/{rel}","templated":true}]}}