{"id":54502,"date":"2024-07-19T18:48:54","date_gmt":"2024-07-19T18:48:54","guid":{"rendered":"https:\/\/brandss.com.py\/index\/?post_type=product&#038;p=54502"},"modified":"2025-04-14T10:24:48","modified_gmt":"2025-04-14T10:24:48","slug":"camisa-masculino-diesel-d-tuyman-mangas-largas","status":"publish","type":"product","link":"https:\/\/brandss.com.py\/index\/producto\/camisa-masculino-diesel-d-tuyman-mangas-largas\/","title":{"rendered":"CAMISA MASCULINO DIESEL D-TUYMAN MANGAS LARGAS"},"content":{"rendered":"<p><img loading=\"lazy\" decoding=\"async\" class=\"\" src=\"https:\/\/static.vecteezy.com\/system\/resources\/previews\/023\/599\/751\/original\/diesel-logo-brand-symbol-black-design-luxury-clothes-fashion-illustration-free-vector.jpg\" alt=\"diesel logo marca s\u00edmbolo negro dise\u00f1o lujo ropa Moda vector ilustraci\u00f3n  23599751 Vector en Vecteezy\" width=\"92\" height=\"75\" \/><\/p>\n<h1>D-TUYMAN<\/h1>\n<p>Esta camisa vaquera presenta una llamativa construcci\u00f3n de bolsillos. Dise\u00f1ada con intrincados detalles de bolsillos para darle un toque militar, presenta un dise\u00f1o terminado que permite un look impecable. Esta prenda se puede usar en una amplia variedad de estilos. Tambi\u00e9n combina muy bien con pantalones impecables.<\/p>\n<p>&nbsp;<\/p>\n<h3>DETALLES<\/h3>\n<p>&nbsp;<\/p>\n<p><strong>Marca:<\/strong> Diesel<\/p>\n<p><strong>Modelo:<\/strong> <span id=\"productTitle\" class=\"a-size-large product-title-word-break\"><span>A05665-0EIAQ<\/span><\/span><\/p>\n<p><strong>G\u00e9nero:<\/strong> Masculino<\/p>\n<p><strong>Composici\u00f3n<\/strong>: 100 % algod\u00f3n<\/p>\n<p><strong>Color:<\/strong> Azul Denin<\/p>\n<p>&nbsp;<\/p>\n","protected":false},"excerpt":{"rendered":"<p>D-TUYMAN Esta camisa vaquera presenta una llamativa construcci\u00f3n de bolsillos. Dise\u00f1ada con intrincados detalles de bolsillos para darle un toque<\/p>\n","protected":false},"featured_media":54504,"comment_status":"open","ping_status":"closed","template":"","meta":{"nf_dc_page":""},"product_brand":[],"product_cat":[76],"product_tag":[],"class_list":{"0":"post-54502","1":"product","2":"type-product","3":"status-publish","4":"has-post-thumbnail","6":"product_cat-masculino","8":"first","9":"instock","10":"shipping-taxable","11":"purchasable","12":"product-type-simple"},"_links":{"self":[{"href":"https:\/\/brandss.com.py\/index\/wp-json\/wp\/v2\/product\/54502","targetHints":{"allow":["GET"]}}],"collection":[{"href":"https:\/\/brandss.com.py\/index\/wp-json\/wp\/v2\/product"}],"about":[{"href":"https:\/\/brandss.com.py\/index\/wp-json\/wp\/v2\/types\/product"}],"replies":[{"embeddable":true,"href":"https:\/\/brandss.com.py\/index\/wp-json\/wp\/v2\/comments?post=54502"}],"version-history":[{"count":1,"href":"https:\/\/brandss.com.py\/index\/wp-json\/wp\/v2\/product\/54502\/revisions"}],"predecessor-version":[{"id":54512,"href":"https:\/\/brandss.com.py\/index\/wp-json\/wp\/v2\/product\/54502\/revisions\/54512"}],"wp:featuredmedia":[{"embeddable":true,"href":"https:\/\/brandss.com.py\/index\/wp-json\/wp\/v2\/media\/54504"}],"wp:attachment":[{"href":"https:\/\/brandss.com.py\/index\/wp-json\/wp\/v2\/media?parent=54502"}],"wp:term":[{"taxonomy":"product_brand","embeddable":true,"href":"https:\/\/brandss.com.py\/index\/wp-json\/wp\/v2\/product_brand?post=54502"},{"taxonomy":"product_cat","embeddable":true,"href":"https:\/\/brandss.com.py\/index\/wp-json\/wp\/v2\/product_cat?post=54502"},{"taxonomy":"product_tag","embeddable":true,"href":"https:\/\/brandss.com.py\/index\/wp-json\/wp\/v2\/product_tag?post=54502"}],"curies":[{"name":"wp","href":"https:\/\/api.w.org\/{rel}","templated":true}]}}