{"id":54513,"date":"2024-07-20T11:31:40","date_gmt":"2024-07-20T11:31:40","guid":{"rendered":"https:\/\/brandss.com.py\/index\/?post_type=product&#038;p=54513"},"modified":"2025-04-04T10:46:59","modified_gmt":"2025-04-04T10:46:59","slug":"camisa-masculino-diesel-d-east-mangas-largas","status":"publish","type":"product","link":"https:\/\/brandss.com.py\/index\/producto\/camisa-masculino-diesel-d-east-mangas-largas\/","title":{"rendered":"CAMISA MASCULINO DIESEL D-EAST MANGAS LARGAS"},"content":{"rendered":"<p><img loading=\"lazy\" decoding=\"async\" class=\"\" src=\"https:\/\/static.vecteezy.com\/system\/resources\/previews\/023\/599\/751\/original\/diesel-logo-brand-symbol-black-design-luxury-clothes-fashion-illustration-free-vector.jpg\" alt=\"diesel logo marca s\u00edmbolo negro dise\u00f1o lujo ropa Moda vector ilustraci\u00f3n  23599751 Vector en Vecteezy\" width=\"78\" height=\"63\" \/><\/p>\n<h1>D-EAST<\/h1>\n<p><span>Esta camisa de estilo occidental est\u00e1 confeccionada con un corte relajado a partir de mezclilla blanqueada. El cuello y las solapas de los bolsillos est\u00e1n detallados con peque\u00f1as abrasiones. Camisa vaquera confeccionada en denim lavado a la piedra. El estilo liviano est\u00e1 desgastado en la parte inferior y presenta un bordado tonal en la manga izquierda.<\/span><\/p>\n<p><strong>Caracter\u00edsticas:<\/strong><\/p>\n<p><span>&#8211; Dos bolsillos en el pecho<\/span><br \/>\n<span>&#8211; Cierre con botones a presi\u00f3n<\/span><\/p>\n<p><strong>Especificaciones:<\/strong><\/p>\n<p><span>&#8211; 100 % algod\u00f3n<\/span><\/p>\n<p><strong>Cuidados:<\/strong><\/p>\n<p><span>&#8211; Lavado a m\u00e1quina a 30 \u00b0C<\/span><br \/>\n<span>&#8211; Blanqueo No usar blanqueador<\/span><br \/>\n<span>&#8211; Secado a m\u00e1quina No secar en secadora<\/span><br \/>\n<span>&#8211; Planchado Planchar a un m\u00e1ximo de 110 \u00b0C<\/span><br \/>\n<span>&#8211; Limpieza en seco No limpiar en seco<\/span><br \/>\n<span>&#8211; Secado natural Secar en superficie plana a la sombra<\/span><\/p>\n","protected":false},"excerpt":{"rendered":"<p>D-EAST Esta camisa de estilo occidental est\u00e1 confeccionada con un corte relajado a partir de mezclilla blanqueada. El cuello y<\/p>\n","protected":false},"featured_media":54514,"comment_status":"open","ping_status":"closed","template":"","meta":{"nf_dc_page":""},"product_brand":[],"product_cat":[76],"product_tag":[],"class_list":{"0":"post-54513","1":"product","2":"type-product","3":"status-publish","4":"has-post-thumbnail","6":"product_cat-masculino","8":"first","9":"instock","10":"shipping-taxable","11":"purchasable","12":"product-type-simple"},"_links":{"self":[{"href":"https:\/\/brandss.com.py\/index\/wp-json\/wp\/v2\/product\/54513","targetHints":{"allow":["GET"]}}],"collection":[{"href":"https:\/\/brandss.com.py\/index\/wp-json\/wp\/v2\/product"}],"about":[{"href":"https:\/\/brandss.com.py\/index\/wp-json\/wp\/v2\/types\/product"}],"replies":[{"embeddable":true,"href":"https:\/\/brandss.com.py\/index\/wp-json\/wp\/v2\/comments?post=54513"}],"version-history":[{"count":1,"href":"https:\/\/brandss.com.py\/index\/wp-json\/wp\/v2\/product\/54513\/revisions"}],"predecessor-version":[{"id":54520,"href":"https:\/\/brandss.com.py\/index\/wp-json\/wp\/v2\/product\/54513\/revisions\/54520"}],"wp:featuredmedia":[{"embeddable":true,"href":"https:\/\/brandss.com.py\/index\/wp-json\/wp\/v2\/media\/54514"}],"wp:attachment":[{"href":"https:\/\/brandss.com.py\/index\/wp-json\/wp\/v2\/media?parent=54513"}],"wp:term":[{"taxonomy":"product_brand","embeddable":true,"href":"https:\/\/brandss.com.py\/index\/wp-json\/wp\/v2\/product_brand?post=54513"},{"taxonomy":"product_cat","embeddable":true,"href":"https:\/\/brandss.com.py\/index\/wp-json\/wp\/v2\/product_cat?post=54513"},{"taxonomy":"product_tag","embeddable":true,"href":"https:\/\/brandss.com.py\/index\/wp-json\/wp\/v2\/product_tag?post=54513"}],"curies":[{"name":"wp","href":"https:\/\/api.w.org\/{rel}","templated":true}]}}