{"id":54522,"date":"2024-07-20T12:43:04","date_gmt":"2024-07-20T12:43:04","guid":{"rendered":"https:\/\/brandss.com.py\/index\/?post_type=product&#038;p=54522"},"modified":"2025-03-27T16:13:05","modified_gmt":"2025-03-27T16:13:05","slug":"camisa-masculino-diesel-s-east-long-n-mangas-largas","status":"publish","type":"product","link":"https:\/\/brandss.com.py\/index\/producto\/camisa-masculino-diesel-s-east-long-n-mangas-largas\/","title":{"rendered":"CAMISA MASCULINO DIESEL S-EAST-LONG-N MANGAS LARGAS"},"content":{"rendered":"<p><img loading=\"lazy\" decoding=\"async\" class=\"\" src=\"https:\/\/static.vecteezy.com\/system\/resources\/previews\/023\/599\/751\/original\/diesel-logo-brand-symbol-black-design-luxury-clothes-fashion-illustration-free-vector.jpg\" alt=\"diesel logo marca s\u00edmbolo negro dise\u00f1o lujo ropa Moda vector ilustraci\u00f3n  23599751 Vector en Vecteezy\" width=\"117\" height=\"95\" \/><\/p>\n<h1>S-EAST-LONG-N<\/h1>\n<p>Camisa de cuadros de Diesel con 2 bolsillos en el pecho. La camisa tiene cierre de botones.<\/p>\n<p><strong>Marca:<\/strong> Diesel<\/p>\n<p><strong>Modelo:<\/strong> 00S96C 0SAXQ<\/p>\n<p><strong>G\u00e9nero:<\/strong> Masculino<\/p>\n<p><strong>Color:<\/strong> Multi azul<\/p>\n<p><span><strong>Composici\u00f3n:<\/strong> <\/span><span>100% Algod\u00f3n.<\/span><\/p>\n<p>&nbsp;<\/p>\n","protected":false},"excerpt":{"rendered":"<p>S-EAST-LONG-N Camisa de cuadros de Diesel con 2 bolsillos en el pecho. La camisa tiene cierre de botones. Marca: Diesel<\/p>\n","protected":false},"featured_media":54525,"comment_status":"open","ping_status":"closed","template":"","meta":{"nf_dc_page":""},"product_brand":[],"product_cat":[76],"product_tag":[],"class_list":{"0":"post-54522","1":"product","2":"type-product","3":"status-publish","4":"has-post-thumbnail","6":"product_cat-masculino","8":"first","9":"instock","10":"shipping-taxable","11":"purchasable","12":"product-type-simple"},"_links":{"self":[{"href":"https:\/\/brandss.com.py\/index\/wp-json\/wp\/v2\/product\/54522","targetHints":{"allow":["GET"]}}],"collection":[{"href":"https:\/\/brandss.com.py\/index\/wp-json\/wp\/v2\/product"}],"about":[{"href":"https:\/\/brandss.com.py\/index\/wp-json\/wp\/v2\/types\/product"}],"replies":[{"embeddable":true,"href":"https:\/\/brandss.com.py\/index\/wp-json\/wp\/v2\/comments?post=54522"}],"version-history":[{"count":2,"href":"https:\/\/brandss.com.py\/index\/wp-json\/wp\/v2\/product\/54522\/revisions"}],"predecessor-version":[{"id":54530,"href":"https:\/\/brandss.com.py\/index\/wp-json\/wp\/v2\/product\/54522\/revisions\/54530"}],"wp:featuredmedia":[{"embeddable":true,"href":"https:\/\/brandss.com.py\/index\/wp-json\/wp\/v2\/media\/54525"}],"wp:attachment":[{"href":"https:\/\/brandss.com.py\/index\/wp-json\/wp\/v2\/media?parent=54522"}],"wp:term":[{"taxonomy":"product_brand","embeddable":true,"href":"https:\/\/brandss.com.py\/index\/wp-json\/wp\/v2\/product_brand?post=54522"},{"taxonomy":"product_cat","embeddable":true,"href":"https:\/\/brandss.com.py\/index\/wp-json\/wp\/v2\/product_cat?post=54522"},{"taxonomy":"product_tag","embeddable":true,"href":"https:\/\/brandss.com.py\/index\/wp-json\/wp\/v2\/product_tag?post=54522"}],"curies":[{"name":"wp","href":"https:\/\/api.w.org\/{rel}","templated":true}]}}