{"id":54543,"date":"2024-07-20T17:14:40","date_gmt":"2024-07-20T17:14:40","guid":{"rendered":"https:\/\/brandss.com.py\/index\/?post_type=product&#038;p=54543"},"modified":"2025-04-14T10:24:48","modified_gmt":"2025-04-14T10:24:48","slug":"camisa-masculino-diesel-new-sonora-mangas-largas","status":"publish","type":"product","link":"https:\/\/brandss.com.py\/index\/producto\/camisa-masculino-diesel-new-sonora-mangas-largas\/","title":{"rendered":"CAMISA MASCULINO DIESEL NEW-SONORA MANGAS LARGAS"},"content":{"rendered":"<p><img loading=\"lazy\" decoding=\"async\" class=\"\" src=\"https:\/\/static.vecteezy.com\/system\/resources\/previews\/023\/599\/751\/original\/diesel-logo-brand-symbol-black-design-luxury-clothes-fashion-illustration-free-vector.jpg\" alt=\"diesel logo marca s\u00edmbolo negro dise\u00f1o lujo ropa Moda vector ilustraci\u00f3n 23599751 Vector en Vecteezy\" width=\"80\" height=\"65\" \/><\/p>\n<h1>NEW-SONORA<\/h1>\n<p>Esta camisa, confeccionada en denim gris oscuro con un canes\u00fa estilo western y cierres con tachuelas, es una versi\u00f3n renovada de la americana resistente. Es una base elegante para cualquier atuendo.<\/p>\n<p><strong>Caracter\u00edsticas:<\/strong><\/p>\n<p>&#8211; Denim de 6 oz<br \/>\n&#8211; Bolsillos en el pecho<br \/>\n&#8211; Cierres con tachuelas<\/p>\n<p>&nbsp;<\/p>\n<h3>Detalles:<\/h3>\n<p><strong>Marca:<\/strong> Diesel<\/p>\n<p><strong>Modelo: <\/strong>00SD24-RT006-02<\/p>\n<p><strong>G\u00e9nero:<\/strong> Masculino<\/p>\n<p><strong>Color:<\/strong> Gris<\/p>\n<p><strong>Material:<\/strong> 100 % algod\u00f3n<\/p>\n<p>&nbsp;<\/p>\n","protected":false},"excerpt":{"rendered":"<p>NEW-SONORA Esta camisa, confeccionada en denim gris oscuro con un canes\u00fa estilo western y cierres con tachuelas, es una versi\u00f3n<\/p>\n","protected":false},"featured_media":54545,"comment_status":"open","ping_status":"closed","template":"","meta":{"nf_dc_page":""},"product_brand":[],"product_cat":[76],"product_tag":[],"class_list":{"0":"post-54543","1":"product","2":"type-product","3":"status-publish","4":"has-post-thumbnail","6":"product_cat-masculino","8":"first","9":"instock","10":"shipping-taxable","11":"purchasable","12":"product-type-simple"},"_links":{"self":[{"href":"https:\/\/brandss.com.py\/index\/wp-json\/wp\/v2\/product\/54543","targetHints":{"allow":["GET"]}}],"collection":[{"href":"https:\/\/brandss.com.py\/index\/wp-json\/wp\/v2\/product"}],"about":[{"href":"https:\/\/brandss.com.py\/index\/wp-json\/wp\/v2\/types\/product"}],"replies":[{"embeddable":true,"href":"https:\/\/brandss.com.py\/index\/wp-json\/wp\/v2\/comments?post=54543"}],"version-history":[{"count":2,"href":"https:\/\/brandss.com.py\/index\/wp-json\/wp\/v2\/product\/54543\/revisions"}],"predecessor-version":[{"id":54551,"href":"https:\/\/brandss.com.py\/index\/wp-json\/wp\/v2\/product\/54543\/revisions\/54551"}],"wp:featuredmedia":[{"embeddable":true,"href":"https:\/\/brandss.com.py\/index\/wp-json\/wp\/v2\/media\/54545"}],"wp:attachment":[{"href":"https:\/\/brandss.com.py\/index\/wp-json\/wp\/v2\/media?parent=54543"}],"wp:term":[{"taxonomy":"product_brand","embeddable":true,"href":"https:\/\/brandss.com.py\/index\/wp-json\/wp\/v2\/product_brand?post=54543"},{"taxonomy":"product_cat","embeddable":true,"href":"https:\/\/brandss.com.py\/index\/wp-json\/wp\/v2\/product_cat?post=54543"},{"taxonomy":"product_tag","embeddable":true,"href":"https:\/\/brandss.com.py\/index\/wp-json\/wp\/v2\/product_tag?post=54543"}],"curies":[{"name":"wp","href":"https:\/\/api.w.org\/{rel}","templated":true}]}}