{"id":54552,"date":"2024-07-20T18:40:16","date_gmt":"2024-07-20T18:40:16","guid":{"rendered":"https:\/\/brandss.com.py\/index\/?post_type=product&#038;p=54552"},"modified":"2026-02-11T10:18:24","modified_gmt":"2026-02-11T10:18:24","slug":"camisa-masculino-diesel-s-bill-mangas-largas","status":"publish","type":"product","link":"https:\/\/brandss.com.py\/index\/producto\/camisa-masculino-diesel-s-bill-mangas-largas\/","title":{"rendered":"CAMISA MASCULINO DIESEL S-BILL MANGAS LARGAS"},"content":{"rendered":"<p><img loading=\"lazy\" decoding=\"async\" class=\"\" src=\"https:\/\/static.vecteezy.com\/system\/resources\/previews\/023\/599\/751\/original\/diesel-logo-brand-symbol-black-design-luxury-clothes-fashion-illustration-free-vector.jpg\" alt=\"diesel logo marca s\u00edmbolo negro dise\u00f1o lujo ropa Moda vector ilustraci\u00f3n  23599751 Vector en Vecteezy\" width=\"88\" height=\"72\" \/><\/p>\n<h1>S-BILL<\/h1>\n<p>&nbsp;<\/p>\n<p>La camisa de popelina de algod\u00f3n S-Bill de Diesel es una nueva incorporaci\u00f3n a la gama y tiene una silueta cl\u00e1sica. Esta camisa, hecha de algod\u00f3n suave y ligeramente el\u00e1stica, es perfecta para salir por la noche.\u00a0<span class=\"s1\"><span>F\u00e1cil de combinar con tus jeans Diesel celestes favoritos.<\/span><\/span><\/p>\n<ul>\n<li><span>Camisa de algod\u00f3n Diesel<\/span><\/li>\n<li><span>Cierre de botones en la parte delantera.<\/span><\/li>\n<li><span>Pu\u00f1os con un solo bot\u00f3n<\/span><\/li>\n<li><span>Corte ajustado regular<\/span><\/li>\n<li><span>Mangas largas<\/span><\/li>\n<li><span>Marca Diesel bordada en la parte delantera,<\/span><\/li>\n<li><span>pliegue central en la espalda, dobladillo curvo<\/span><\/li>\n<li><span>Lavable en la lavadora.<\/span><\/li>\n<li><span>Ajustado<\/span><\/li>\n<li><span>Logotipo de Diesel Mohawk<\/span><\/li>\n<\/ul>\n<div class=\"product-tabs__content__slice\">\n<div class=\"product-tabs__content__cms\"><\/div>\n<\/div>\n<div class=\"product-tabs__content__slice\">\n<div id=\"product__description\" class=\"product-tabs__content__cms\">\n<p>&nbsp;<\/p>\n<p><strong>DETALLES:<\/strong><\/p>\n<p>&nbsp;<\/p>\n<p><strong>Marca:<\/strong> Diesel<\/p>\n<p><strong>Modelo:<\/strong> 00SHYK-RDAUU<\/p>\n<p><strong>G\u00e9nero:<\/strong> Masculino.<\/p>\n<p><strong>Color:<\/strong> Blanco<\/p>\n<p><strong>Material:<\/strong> 100% algod\u00f3n<\/p>\n<\/div>\n<\/div>\n","protected":false},"excerpt":{"rendered":"<p>S-BILL &nbsp; La camisa de popelina de algod\u00f3n S-Bill de Diesel es una nueva incorporaci\u00f3n a la gama y tiene<\/p>\n","protected":false},"featured_media":54553,"comment_status":"open","ping_status":"closed","template":"","meta":{"nf_dc_page":""},"product_brand":[],"product_cat":[76],"product_tag":[],"class_list":{"0":"post-54552","1":"product","2":"type-product","3":"status-publish","4":"has-post-thumbnail","6":"product_cat-masculino","8":"first","9":"instock","10":"shipping-taxable","11":"purchasable","12":"product-type-simple"},"_links":{"self":[{"href":"https:\/\/brandss.com.py\/index\/wp-json\/wp\/v2\/product\/54552","targetHints":{"allow":["GET"]}}],"collection":[{"href":"https:\/\/brandss.com.py\/index\/wp-json\/wp\/v2\/product"}],"about":[{"href":"https:\/\/brandss.com.py\/index\/wp-json\/wp\/v2\/types\/product"}],"replies":[{"embeddable":true,"href":"https:\/\/brandss.com.py\/index\/wp-json\/wp\/v2\/comments?post=54552"}],"version-history":[{"count":1,"href":"https:\/\/brandss.com.py\/index\/wp-json\/wp\/v2\/product\/54552\/revisions"}],"predecessor-version":[{"id":54560,"href":"https:\/\/brandss.com.py\/index\/wp-json\/wp\/v2\/product\/54552\/revisions\/54560"}],"wp:featuredmedia":[{"embeddable":true,"href":"https:\/\/brandss.com.py\/index\/wp-json\/wp\/v2\/media\/54553"}],"wp:attachment":[{"href":"https:\/\/brandss.com.py\/index\/wp-json\/wp\/v2\/media?parent=54552"}],"wp:term":[{"taxonomy":"product_brand","embeddable":true,"href":"https:\/\/brandss.com.py\/index\/wp-json\/wp\/v2\/product_brand?post=54552"},{"taxonomy":"product_cat","embeddable":true,"href":"https:\/\/brandss.com.py\/index\/wp-json\/wp\/v2\/product_cat?post=54552"},{"taxonomy":"product_tag","embeddable":true,"href":"https:\/\/brandss.com.py\/index\/wp-json\/wp\/v2\/product_tag?post=54552"}],"curies":[{"name":"wp","href":"https:\/\/api.w.org\/{rel}","templated":true}]}}