{"id":54561,"date":"2024-07-20T19:10:08","date_gmt":"2024-07-20T19:10:08","guid":{"rendered":"https:\/\/brandss.com.py\/index\/?post_type=product&#038;p=54561"},"modified":"2025-04-04T10:46:59","modified_gmt":"2025-04-04T10:46:59","slug":"chaqueta-masculino-diesel-d-rolk-de-mezclilla","status":"publish","type":"product","link":"https:\/\/brandss.com.py\/index\/producto\/chaqueta-masculino-diesel-d-rolk-de-mezclilla\/","title":{"rendered":"CHAQUETA MASCULINO DIESEL D-ROLK DE MEZCLILLA"},"content":{"rendered":"<p><img loading=\"lazy\" decoding=\"async\" class=\"\" src=\"https:\/\/static.vecteezy.com\/system\/resources\/previews\/023\/599\/751\/original\/diesel-logo-brand-symbol-black-design-luxury-clothes-fashion-illustration-free-vector.jpg\" alt=\"diesel logo marca s\u00edmbolo negro dise\u00f1o lujo ropa Moda vector ilustraci\u00f3n  23599751 Vector en Vecteezy\" width=\"90\" height=\"73\" \/><\/p>\n<h1 class=\"product-title  with-badge   h2 \"><span>D-ROLK<\/span><\/h1>\n<p>Chaqueta vaquera inspirada en la ropa de trabajo con aspecto lavado a la piedra, con m\u00faltiples bolsillos y botones de cobre. La chaqueta ha sido doblada, rociada a mano y cuidadosamente lavada con piedras para crear un efecto blanqueado por el sol.<\/p>\n<p>&nbsp;<\/p>\n<p><strong>DETALLES<\/strong><\/p>\n<p>&nbsp;<\/p>\n<p><strong>Marca:<\/strong> Diesel.<\/p>\n<p><strong>Modelo:<\/strong> A02550-0HBAL<\/p>\n<p><strong>G\u00e9nero:<\/strong> Masculino.<\/p>\n<p><strong>Color:<\/strong> Azul denin.<\/p>\n<p><strong>Corte:<\/strong> regular.<\/p>\n<p><strong>Material:<\/strong> 100 % algod\u00f3n.<\/p>\n<p>&nbsp;<\/p>\n","protected":false},"excerpt":{"rendered":"<p>D-ROLK Chaqueta vaquera inspirada en la ropa de trabajo con aspecto lavado a la piedra, con m\u00faltiples bolsillos y botones<\/p>\n","protected":false},"featured_media":54563,"comment_status":"open","ping_status":"closed","template":"","meta":{"nf_dc_page":""},"product_brand":[],"product_cat":[76],"product_tag":[],"class_list":{"0":"post-54561","1":"product","2":"type-product","3":"status-publish","4":"has-post-thumbnail","6":"product_cat-masculino","8":"first","9":"instock","10":"shipping-taxable","11":"purchasable","12":"product-type-simple"},"_links":{"self":[{"href":"https:\/\/brandss.com.py\/index\/wp-json\/wp\/v2\/product\/54561","targetHints":{"allow":["GET"]}}],"collection":[{"href":"https:\/\/brandss.com.py\/index\/wp-json\/wp\/v2\/product"}],"about":[{"href":"https:\/\/brandss.com.py\/index\/wp-json\/wp\/v2\/types\/product"}],"replies":[{"embeddable":true,"href":"https:\/\/brandss.com.py\/index\/wp-json\/wp\/v2\/comments?post=54561"}],"version-history":[{"count":2,"href":"https:\/\/brandss.com.py\/index\/wp-json\/wp\/v2\/product\/54561\/revisions"}],"predecessor-version":[{"id":54570,"href":"https:\/\/brandss.com.py\/index\/wp-json\/wp\/v2\/product\/54561\/revisions\/54570"}],"wp:featuredmedia":[{"embeddable":true,"href":"https:\/\/brandss.com.py\/index\/wp-json\/wp\/v2\/media\/54563"}],"wp:attachment":[{"href":"https:\/\/brandss.com.py\/index\/wp-json\/wp\/v2\/media?parent=54561"}],"wp:term":[{"taxonomy":"product_brand","embeddable":true,"href":"https:\/\/brandss.com.py\/index\/wp-json\/wp\/v2\/product_brand?post=54561"},{"taxonomy":"product_cat","embeddable":true,"href":"https:\/\/brandss.com.py\/index\/wp-json\/wp\/v2\/product_cat?post=54561"},{"taxonomy":"product_tag","embeddable":true,"href":"https:\/\/brandss.com.py\/index\/wp-json\/wp\/v2\/product_tag?post=54561"}],"curies":[{"name":"wp","href":"https:\/\/api.w.org\/{rel}","templated":true}]}}