{"id":54614,"date":"2024-07-22T15:36:46","date_gmt":"2024-07-22T15:36:46","guid":{"rendered":"https:\/\/brandss.com.py\/index\/?post_type=product&#038;p=54614"},"modified":"2026-03-14T11:34:36","modified_gmt":"2026-03-14T11:34:36","slug":"camiseta-femenino-emporio-armani-ea7-mangas-cortas-3","status":"publish","type":"product","link":"https:\/\/brandss.com.py\/index\/producto\/camiseta-femenino-emporio-armani-ea7-mangas-cortas-3\/","title":{"rendered":"CAMISETA FEMENINO EMPORIO ARMANI EA7 MANGAS CORTAS"},"content":{"rendered":"<p><img loading=\"lazy\" decoding=\"async\" class=\"\" src=\"https:\/\/renzopagani.com\/wp-content\/uploads\/2023\/07\/Emporio-Armani-logo.png\" alt=\"Emporio Armani: logo and history of a fashion empire - Renzo Pagani\u00ae\" width=\"70\" height=\"70\" \/><\/p>\n<h1>EA7<\/h1>\n<p>Esta camiseta de punto de mezcla de algod\u00f3n de EA7 a\u00f1ade un toque de luminosidad a los looks deportivos. Gracias a su corte ajustado, crea looks completos, c\u00f3modos y de tendencia, perfectos para entrenar o para el tiempo libre cuando se combina con los pantalones y sudaderas de la colecci\u00f3n. Jersey, estampado metalizado, logotipo de la marca, color liso con estampado, cuello redondo, manga corta, sin bolsillos, tejido el\u00e1stico.<\/p>\n<h3><\/h3>\n<h3>DETALLES:<\/h3>\n<p>&nbsp;<\/p>\n<p><strong>Marca:<\/strong> Emporio Armani<\/p>\n<p><strong>Modelo:<\/strong> 12877768FW<\/p>\n<p><strong>G\u00e9nero:<\/strong> Femenino<\/p>\n<p><strong>Color:<\/strong> Azul marino<\/p>\n<div class=\"Details_title__dvnfB\"><span class=\"Muititle4-title4 css-u1wgr4\"><span><strong>Composic\u00f3n:<\/strong> <\/span><\/span><span class=\"MuiBody1-body1 MuiBody1-wide css-1lqeyst\"><span>95% algod\u00f3n, 5% elastano<\/span><\/span><\/div>\n<p>&nbsp;<\/p>\n","protected":false},"excerpt":{"rendered":"<p>EA7 Esta camiseta de punto de mezcla de algod\u00f3n de EA7 a\u00f1ade un toque de luminosidad a los looks deportivos.<\/p>\n","protected":false},"featured_media":54615,"comment_status":"open","ping_status":"closed","template":"","meta":{"nf_dc_page":""},"product_brand":[],"product_cat":[73],"product_tag":[],"class_list":{"0":"post-54614","1":"product","2":"type-product","3":"status-publish","4":"has-post-thumbnail","6":"product_cat-femenino","8":"first","9":"outofstock","10":"shipping-taxable","11":"purchasable","12":"product-type-simple"},"_links":{"self":[{"href":"https:\/\/brandss.com.py\/index\/wp-json\/wp\/v2\/product\/54614","targetHints":{"allow":["GET"]}}],"collection":[{"href":"https:\/\/brandss.com.py\/index\/wp-json\/wp\/v2\/product"}],"about":[{"href":"https:\/\/brandss.com.py\/index\/wp-json\/wp\/v2\/types\/product"}],"replies":[{"embeddable":true,"href":"https:\/\/brandss.com.py\/index\/wp-json\/wp\/v2\/comments?post=54614"}],"version-history":[{"count":1,"href":"https:\/\/brandss.com.py\/index\/wp-json\/wp\/v2\/product\/54614\/revisions"}],"predecessor-version":[{"id":54619,"href":"https:\/\/brandss.com.py\/index\/wp-json\/wp\/v2\/product\/54614\/revisions\/54619"}],"wp:featuredmedia":[{"embeddable":true,"href":"https:\/\/brandss.com.py\/index\/wp-json\/wp\/v2\/media\/54615"}],"wp:attachment":[{"href":"https:\/\/brandss.com.py\/index\/wp-json\/wp\/v2\/media?parent=54614"}],"wp:term":[{"taxonomy":"product_brand","embeddable":true,"href":"https:\/\/brandss.com.py\/index\/wp-json\/wp\/v2\/product_brand?post=54614"},{"taxonomy":"product_cat","embeddable":true,"href":"https:\/\/brandss.com.py\/index\/wp-json\/wp\/v2\/product_cat?post=54614"},{"taxonomy":"product_tag","embeddable":true,"href":"https:\/\/brandss.com.py\/index\/wp-json\/wp\/v2\/product_tag?post=54614"}],"curies":[{"name":"wp","href":"https:\/\/api.w.org\/{rel}","templated":true}]}}