{"id":54641,"date":"2024-07-22T18:32:45","date_gmt":"2024-07-22T18:32:45","guid":{"rendered":"https:\/\/brandss.com.py\/index\/?post_type=product&#038;p=54641"},"modified":"2025-03-27T16:12:39","modified_gmt":"2025-03-27T16:12:39","slug":"camiseta-femenino-guess-regular-fit-mangas-cortas-4","status":"publish","type":"product","link":"https:\/\/brandss.com.py\/index\/producto\/camiseta-femenino-guess-regular-fit-mangas-cortas-4\/","title":{"rendered":"CAMISETA FEMENINO GUESS REGULAR FIT MANGAS CORTAS"},"content":{"rendered":"<p><img loading=\"lazy\" decoding=\"async\" class=\"\" src=\"https:\/\/iconape.com\/wp-content\/png_logo_vector\/guess.png\" alt=\"guess Download png\" width=\"111\" height=\"111\" \/><\/p>\n<h2><span>REGULAR FIT<\/span><\/h2>\n<p><span>Camiseta de Logo &#8220;GUESS&#8221; estampado en el pecho. Corte entallado, muy agradable al tacto. El algod\u00f3n org\u00e1nico de la m\u00e1s alta calidad garantiza una gran comodidad de uso. La camiseta es perfecta para el uso diario, la recreaci\u00f3n y los deportes. Colores interesantes y apariencia \u00fanica.<\/span><\/p>\n<ul>\n<li><strong>Marca:<\/strong>\u00a0\u00a0GUESS<\/li>\n<li><strong>Modelo:<\/strong>\u00a0W3RI16 K46D1<\/li>\n<li><strong>G\u00e9nero:<\/strong>\u00a0 Femenino<\/li>\n<li><strong>Color:<\/strong> Blanco<\/li>\n<li><strong>Material:\u00a0<\/strong>60% algod\u00f3n, 40% modal<\/li>\n<li><strong>Corte:<\/strong>\u00a0\u00a0corte regular<\/li>\n<li><strong>Escote:<\/strong>\u00a0\u00a0redondo<\/li>\n<li><strong>Caracter\u00edsticas:<\/strong>\u00a0\u00a0el algod\u00f3n de alta calidad garantiza la comodidad de uso.<\/li>\n<li><strong>Aplicaci\u00f3n:<\/strong>\u00a0\u00a0para uso diario<\/li>\n<\/ul>\n","protected":false},"excerpt":{"rendered":"<p>REGULAR FIT Camiseta de Logo &#8220;GUESS&#8221; estampado en el pecho. Corte entallado, muy agradable al tacto. El algod\u00f3n org\u00e1nico de<\/p>\n","protected":false},"featured_media":54642,"comment_status":"open","ping_status":"closed","template":"","meta":{"nf_dc_page":""},"product_brand":[],"product_cat":[73],"product_tag":[],"class_list":{"0":"post-54641","1":"product","2":"type-product","3":"status-publish","4":"has-post-thumbnail","6":"product_cat-femenino","8":"first","9":"instock","10":"shipping-taxable","11":"purchasable","12":"product-type-simple"},"_links":{"self":[{"href":"https:\/\/brandss.com.py\/index\/wp-json\/wp\/v2\/product\/54641","targetHints":{"allow":["GET"]}}],"collection":[{"href":"https:\/\/brandss.com.py\/index\/wp-json\/wp\/v2\/product"}],"about":[{"href":"https:\/\/brandss.com.py\/index\/wp-json\/wp\/v2\/types\/product"}],"replies":[{"embeddable":true,"href":"https:\/\/brandss.com.py\/index\/wp-json\/wp\/v2\/comments?post=54641"}],"version-history":[{"count":1,"href":"https:\/\/brandss.com.py\/index\/wp-json\/wp\/v2\/product\/54641\/revisions"}],"predecessor-version":[{"id":54647,"href":"https:\/\/brandss.com.py\/index\/wp-json\/wp\/v2\/product\/54641\/revisions\/54647"}],"wp:featuredmedia":[{"embeddable":true,"href":"https:\/\/brandss.com.py\/index\/wp-json\/wp\/v2\/media\/54642"}],"wp:attachment":[{"href":"https:\/\/brandss.com.py\/index\/wp-json\/wp\/v2\/media?parent=54641"}],"wp:term":[{"taxonomy":"product_brand","embeddable":true,"href":"https:\/\/brandss.com.py\/index\/wp-json\/wp\/v2\/product_brand?post=54641"},{"taxonomy":"product_cat","embeddable":true,"href":"https:\/\/brandss.com.py\/index\/wp-json\/wp\/v2\/product_cat?post=54641"},{"taxonomy":"product_tag","embeddable":true,"href":"https:\/\/brandss.com.py\/index\/wp-json\/wp\/v2\/product_tag?post=54641"}],"curies":[{"name":"wp","href":"https:\/\/api.w.org\/{rel}","templated":true}]}}