{"id":54656,"date":"2024-07-23T12:01:30","date_gmt":"2024-07-23T12:01:30","guid":{"rendered":"https:\/\/brandss.com.py\/index\/?post_type=product&#038;p=54656"},"modified":"2025-04-04T10:46:59","modified_gmt":"2025-04-04T10:46:59","slug":"camiseta-femenino-diesel-t-sily-copy-maglietta-mangas-cortas","status":"publish","type":"product","link":"https:\/\/brandss.com.py\/index\/producto\/camiseta-femenino-diesel-t-sily-copy-maglietta-mangas-cortas\/","title":{"rendered":"CAMISETA FEMENINO DIESEL T-SILY-COPY MAGLIETTA MANGAS CORTAS"},"content":{"rendered":"<p><img loading=\"lazy\" decoding=\"async\" class=\"\" src=\"https:\/\/static.vecteezy.com\/system\/resources\/previews\/023\/599\/751\/non_2x\/diesel-logo-brand-symbol-black-design-luxury-clothes-fashion-illustration-free-vector.jpg\" alt=\"diesel logo marca s\u00edmbolo negro dise\u00f1o lujo ropa Moda vector ilustraci\u00f3n  23599751 Vector en Vecteezy\" width=\"103\" height=\"84\" \/><\/p>\n<h1>T-SILY-COPY<\/h1>\n<p><span>Camiseta confeccionada en jersey de algod\u00f3n ligero, con el logo \u00b4Copyright\u00b4 estampado en 3D en el pecho.<\/span><\/p>\n<h4><span>Caracter\u00edsticas:<\/span><\/h4>\n<p><strong>Marca:<\/strong> DIESEL<\/p>\n<p><strong>Modelo:<\/strong> 00SBGH-0HERA-100<\/p>\n<p><strong>G\u00e9nero:<\/strong> Femenino<\/p>\n<p><strong>Color:<\/strong> Blanco<\/p>\n<p><strong>Material:<\/strong> <span>100% algod\u00f3n<\/span><\/p>\n<h4><span>Cuidados:<\/span><\/h4>\n<p><span>&#8211; Lavado a m\u00e1quina a 105 \u00b0F<\/span><br \/>\n<span>&#8211; No usar lej\u00eda<\/span><br \/>\n<span>&#8211; Planchado a baja temperatura<\/span><br \/>\n<span>&#8211; No lavar en seco<\/span><br \/>\n<span>&#8211; No secar en secadora<\/span><br \/>\n<span>&#8211; Secar en posici\u00f3n horizontal a la sombra<\/span><\/p>\n","protected":false},"excerpt":{"rendered":"<p>T-SILY-COPY Camiseta confeccionada en jersey de algod\u00f3n ligero, con el logo \u00b4Copyright\u00b4 estampado en 3D en el pecho. Caracter\u00edsticas: Marca:<\/p>\n","protected":false},"featured_media":54657,"comment_status":"open","ping_status":"closed","template":"","meta":{"nf_dc_page":""},"product_brand":[],"product_cat":[73],"product_tag":[],"class_list":{"0":"post-54656","1":"product","2":"type-product","3":"status-publish","4":"has-post-thumbnail","6":"product_cat-femenino","8":"first","9":"instock","10":"shipping-taxable","11":"purchasable","12":"product-type-simple"},"_links":{"self":[{"href":"https:\/\/brandss.com.py\/index\/wp-json\/wp\/v2\/product\/54656","targetHints":{"allow":["GET"]}}],"collection":[{"href":"https:\/\/brandss.com.py\/index\/wp-json\/wp\/v2\/product"}],"about":[{"href":"https:\/\/brandss.com.py\/index\/wp-json\/wp\/v2\/types\/product"}],"replies":[{"embeddable":true,"href":"https:\/\/brandss.com.py\/index\/wp-json\/wp\/v2\/comments?post=54656"}],"version-history":[{"count":1,"href":"https:\/\/brandss.com.py\/index\/wp-json\/wp\/v2\/product\/54656\/revisions"}],"predecessor-version":[{"id":54662,"href":"https:\/\/brandss.com.py\/index\/wp-json\/wp\/v2\/product\/54656\/revisions\/54662"}],"wp:featuredmedia":[{"embeddable":true,"href":"https:\/\/brandss.com.py\/index\/wp-json\/wp\/v2\/media\/54657"}],"wp:attachment":[{"href":"https:\/\/brandss.com.py\/index\/wp-json\/wp\/v2\/media?parent=54656"}],"wp:term":[{"taxonomy":"product_brand","embeddable":true,"href":"https:\/\/brandss.com.py\/index\/wp-json\/wp\/v2\/product_brand?post=54656"},{"taxonomy":"product_cat","embeddable":true,"href":"https:\/\/brandss.com.py\/index\/wp-json\/wp\/v2\/product_cat?post=54656"},{"taxonomy":"product_tag","embeddable":true,"href":"https:\/\/brandss.com.py\/index\/wp-json\/wp\/v2\/product_tag?post=54656"}],"curies":[{"name":"wp","href":"https:\/\/api.w.org\/{rel}","templated":true}]}}