{"id":54664,"date":"2024-07-23T12:24:47","date_gmt":"2024-07-23T12:24:47","guid":{"rendered":"https:\/\/brandss.com.py\/index\/?post_type=product&#038;p=54664"},"modified":"2025-05-03T10:39:26","modified_gmt":"2025-05-03T10:39:26","slug":"camiseta-femenino-diesel-t-sily-s7-maglietta-mangas-cortas","status":"publish","type":"product","link":"https:\/\/brandss.com.py\/index\/producto\/camiseta-femenino-diesel-t-sily-s7-maglietta-mangas-cortas\/","title":{"rendered":"CAMISETA FEMENINO DIESEL T-SILY-S7 MAGLIETTA MANGAS CORTAS"},"content":{"rendered":"<p><img loading=\"lazy\" decoding=\"async\" class=\"\" src=\"https:\/\/static.vecteezy.com\/system\/resources\/previews\/023\/599\/736\/original\/diesel-logo-brand-symbol-with-name-black-design-luxury-clothes-fashion-illustration-free-vector.jpg\" alt=\"diesel logo marca s\u00edmbolo con nombre negro dise\u00f1o lujo ropa Moda vector  ilustraci\u00f3n 23599736 Vector en Vecteezy\" width=\"123\" height=\"100\" \/><\/p>\n<h1>T-SILY-S7<\/h1>\n<p>Esta camiseta est\u00e1 confeccionada en un jersey de algod\u00f3n compacto y est\u00e1 impresa en el pecho con el logotipo engomado de &#8216;Industria del di\u00e9sel&#8217; con letras garabateadas. Camiseta suave y mega c\u00f3moda con logotipo frontal de moda, pu\u00f1os finos acanalados en el cuello. Deportivo y elegante.<\/p>\n<p>&nbsp;<\/p>\n<h4>Especificaciones:<\/h4>\n<p>&nbsp;<\/p>\n<p><strong>Marca:<\/strong> DIESEL<\/p>\n<p><strong>Modelo:<\/strong> T-SILY-S7 Maglietta<\/p>\n<p><strong>G\u00e9nero:<\/strong> Femenino<\/p>\n<p><strong>Color:<\/strong> Pink 3AX<\/p>\n<p><strong>Material:<\/strong> 100% algod\u00f3n<\/p>\n<p>&nbsp;<\/p>\n<h4>Cuidado:<\/h4>\n<p>Lavar a m\u00e1quina a 105 \u00b0 F<br \/>\nNo usa blanqueador<br \/>\nHierro bajo<br \/>\nNo lavar en seco<br \/>\nNo secar en secadora<br \/>\nSecar a la sombra<\/p>\n","protected":false},"excerpt":{"rendered":"<p>T-SILY-S7 Esta camiseta est\u00e1 confeccionada en un jersey de algod\u00f3n compacto y est\u00e1 impresa en el pecho con el logotipo<\/p>\n","protected":false},"featured_media":54665,"comment_status":"open","ping_status":"closed","template":"","meta":{"nf_dc_page":""},"product_brand":[],"product_cat":[73],"product_tag":[],"class_list":{"0":"post-54664","1":"product","2":"type-product","3":"status-publish","4":"has-post-thumbnail","6":"product_cat-femenino","8":"first","9":"instock","10":"shipping-taxable","11":"purchasable","12":"product-type-simple"},"_links":{"self":[{"href":"https:\/\/brandss.com.py\/index\/wp-json\/wp\/v2\/product\/54664","targetHints":{"allow":["GET"]}}],"collection":[{"href":"https:\/\/brandss.com.py\/index\/wp-json\/wp\/v2\/product"}],"about":[{"href":"https:\/\/brandss.com.py\/index\/wp-json\/wp\/v2\/types\/product"}],"replies":[{"embeddable":true,"href":"https:\/\/brandss.com.py\/index\/wp-json\/wp\/v2\/comments?post=54664"}],"version-history":[{"count":1,"href":"https:\/\/brandss.com.py\/index\/wp-json\/wp\/v2\/product\/54664\/revisions"}],"predecessor-version":[{"id":54669,"href":"https:\/\/brandss.com.py\/index\/wp-json\/wp\/v2\/product\/54664\/revisions\/54669"}],"wp:featuredmedia":[{"embeddable":true,"href":"https:\/\/brandss.com.py\/index\/wp-json\/wp\/v2\/media\/54665"}],"wp:attachment":[{"href":"https:\/\/brandss.com.py\/index\/wp-json\/wp\/v2\/media?parent=54664"}],"wp:term":[{"taxonomy":"product_brand","embeddable":true,"href":"https:\/\/brandss.com.py\/index\/wp-json\/wp\/v2\/product_brand?post=54664"},{"taxonomy":"product_cat","embeddable":true,"href":"https:\/\/brandss.com.py\/index\/wp-json\/wp\/v2\/product_cat?post=54664"},{"taxonomy":"product_tag","embeddable":true,"href":"https:\/\/brandss.com.py\/index\/wp-json\/wp\/v2\/product_tag?post=54664"}],"curies":[{"name":"wp","href":"https:\/\/api.w.org\/{rel}","templated":true}]}}