{"id":54675,"date":"2024-07-23T13:15:59","date_gmt":"2024-07-23T13:15:59","guid":{"rendered":"https:\/\/brandss.com.py\/index\/?post_type=product&#038;p=54675"},"modified":"2025-04-24T10:30:39","modified_gmt":"2025-04-24T10:30:39","slug":"camiseta-femenino-diesel-t-bullock-mangas-cortas-2","status":"publish","type":"product","link":"https:\/\/brandss.com.py\/index\/producto\/camiseta-femenino-diesel-t-bullock-mangas-cortas-2\/","title":{"rendered":"CAMISETA FEMENINO DIESEL T-BULLOCK MANGAS CORTAS"},"content":{"rendered":"<p><img loading=\"lazy\" decoding=\"async\" class=\"\" src=\"https:\/\/static.vecteezy.com\/system\/resources\/previews\/023\/599\/736\/original\/diesel-logo-brand-symbol-with-name-black-design-luxury-clothes-fashion-illustration-free-vector.jpg\" alt=\"diesel logo marca s\u00edmbolo con nombre negro dise\u00f1o lujo ropa Moda vector  ilustraci\u00f3n 23599736 Vector en Vecteezy\" width=\"108\" height=\"88\" \/><\/p>\n<h1 class=\"page-title\"><span class=\"base\" data-ui-id=\"page-title-wrapper\"><span>T-BULLOCK<\/span><\/span><\/h1>\n<p id=\"js-description\" class=\"txt-base descripcion-length\"><span id=\"desc\"><span>Esta camiseta de algod\u00f3n presenta mangas recortadas y cuello parcialmente sin coser decorado con tuercas de metal hexagonales. La silueta es de corte ajustado y est\u00e1 rematada con detalles perforados en el dobladillo.<\/span><\/p>\n<p><\/span><\/p>\n<h4 class=\"txt-base descripcion-length\"><span id=\"desc\"><span>Caracter\u00edsticas:<\/span><\/span><\/h4>\n<p class=\"txt-base descripcion-length\"><span id=\"desc\"><\/p>\n<p><strong>Marca:<\/strong> DIESEL<\/span><\/p>\n<p class=\"txt-base descripcion-length\"><span id=\"desc\"><strong>Modelo:<\/strong> A04398-0PAZL-100<\/span><\/p>\n<p class=\"txt-base descripcion-length\"><span id=\"desc\"><strong>G\u00e9nero:<\/strong> Femenino<\/span><\/p>\n<p class=\"txt-base descripcion-length\"><span id=\"desc\"><strong>Color:<\/strong> Blanco<\/p>\n<p><span><strong>Composici\u00f3n:<\/strong> 100 % algod\u00f3n, canal\u00e9 95 % algod\u00f3n 5 % elastano-spandex<\/span><br \/>\n<\/span><\/p>\n","protected":false},"excerpt":{"rendered":"<p>T-BULLOCK Esta camiseta de algod\u00f3n presenta mangas recortadas y cuello parcialmente sin coser decorado con tuercas de metal hexagonales. La<\/p>\n","protected":false},"featured_media":54676,"comment_status":"open","ping_status":"closed","template":"","meta":{"nf_dc_page":""},"product_brand":[],"product_cat":[73],"product_tag":[],"class_list":{"0":"post-54675","1":"product","2":"type-product","3":"status-publish","4":"has-post-thumbnail","6":"product_cat-femenino","8":"first","9":"instock","10":"shipping-taxable","11":"purchasable","12":"product-type-simple"},"_links":{"self":[{"href":"https:\/\/brandss.com.py\/index\/wp-json\/wp\/v2\/product\/54675","targetHints":{"allow":["GET"]}}],"collection":[{"href":"https:\/\/brandss.com.py\/index\/wp-json\/wp\/v2\/product"}],"about":[{"href":"https:\/\/brandss.com.py\/index\/wp-json\/wp\/v2\/types\/product"}],"replies":[{"embeddable":true,"href":"https:\/\/brandss.com.py\/index\/wp-json\/wp\/v2\/comments?post=54675"}],"version-history":[{"count":1,"href":"https:\/\/brandss.com.py\/index\/wp-json\/wp\/v2\/product\/54675\/revisions"}],"predecessor-version":[{"id":54680,"href":"https:\/\/brandss.com.py\/index\/wp-json\/wp\/v2\/product\/54675\/revisions\/54680"}],"wp:featuredmedia":[{"embeddable":true,"href":"https:\/\/brandss.com.py\/index\/wp-json\/wp\/v2\/media\/54676"}],"wp:attachment":[{"href":"https:\/\/brandss.com.py\/index\/wp-json\/wp\/v2\/media?parent=54675"}],"wp:term":[{"taxonomy":"product_brand","embeddable":true,"href":"https:\/\/brandss.com.py\/index\/wp-json\/wp\/v2\/product_brand?post=54675"},{"taxonomy":"product_cat","embeddable":true,"href":"https:\/\/brandss.com.py\/index\/wp-json\/wp\/v2\/product_cat?post=54675"},{"taxonomy":"product_tag","embeddable":true,"href":"https:\/\/brandss.com.py\/index\/wp-json\/wp\/v2\/product_tag?post=54675"}],"curies":[{"name":"wp","href":"https:\/\/api.w.org\/{rel}","templated":true}]}}