{"id":54681,"date":"2024-07-23T13:43:42","date_gmt":"2024-07-23T13:43:42","guid":{"rendered":"https:\/\/brandss.com.py\/index\/?post_type=product&#038;p=54681"},"modified":"2025-04-24T10:31:08","modified_gmt":"2025-04-24T10:31:08","slug":"camiseta-femenino-diesel-t-sily-trixy-mangas-cortas","status":"publish","type":"product","link":"https:\/\/brandss.com.py\/index\/producto\/camiseta-femenino-diesel-t-sily-trixy-mangas-cortas\/","title":{"rendered":"CAMISETA FEMENINO DIESEL T-SILY-TRIXY MANGAS CORTAS"},"content":{"rendered":"<p><img loading=\"lazy\" decoding=\"async\" class=\"\" src=\"https:\/\/static.vecteezy.com\/system\/resources\/previews\/023\/599\/736\/original\/diesel-logo-brand-symbol-with-name-black-design-luxury-clothes-fashion-illustration-free-vector.jpg\" alt=\"diesel logo marca s\u00edmbolo con nombre negro dise\u00f1o lujo ropa Moda vector  ilustraci\u00f3n 23599736 Vector en Vecteezy\" width=\"75\" height=\"61\" \/><\/p>\n<h1>T-SILY-TRIXY<\/h1>\n<p><span>Camiseta de tirantes de jersey de algod\u00f3n estampada con un motivo de calavera derretida y letras &#8220;Kaos&#8221; engomadas. La silueta se moldea con pinzas asim\u00e9tricas con volantes sobre los hombros y la espalda.<\/span><\/p>\n<h3><span>Especificaciones:<\/span><\/h3>\n<p>&nbsp;<\/p>\n<p><strong>Marca:<\/strong> DIESEL<\/p>\n<p><strong>Modelo: <\/strong>00SQEB-R0CZJ<\/p>\n<p><strong>G\u00e9nero:<\/strong> Femenino<\/p>\n<p><strong>Color:<\/strong> Blanco<\/p>\n<p><span><strong>Material:<\/strong> 100 % algod\u00f3n<\/span><\/p>\n<h4><span>Cuidados:<\/span><\/h4>\n<p><span>&#8211; Lavar a mano<\/span><br \/>\n<span>&#8211; No usar lej\u00eda<\/span><br \/>\n<span>&#8211; No secar en secadora<\/span><br \/>\n<span>&#8211; Planchar a 110 \u00b0C como m\u00e1ximo<\/span><br \/>\n<span>&#8211; No lavar en seco<\/span><br \/>\n<span>&#8211; Secar en posici\u00f3n horizontal a la sombra<\/span><\/p>\n","protected":false},"excerpt":{"rendered":"<p>T-SILY-TRIXY Camiseta de tirantes de jersey de algod\u00f3n estampada con un motivo de calavera derretida y letras &#8220;Kaos&#8221; engomadas. La<\/p>\n","protected":false},"featured_media":54682,"comment_status":"open","ping_status":"closed","template":"","meta":{"nf_dc_page":""},"product_brand":[],"product_cat":[73],"product_tag":[],"class_list":{"0":"post-54681","1":"product","2":"type-product","3":"status-publish","4":"has-post-thumbnail","6":"product_cat-femenino","8":"first","9":"instock","10":"shipping-taxable","11":"purchasable","12":"product-type-simple"},"_links":{"self":[{"href":"https:\/\/brandss.com.py\/index\/wp-json\/wp\/v2\/product\/54681","targetHints":{"allow":["GET"]}}],"collection":[{"href":"https:\/\/brandss.com.py\/index\/wp-json\/wp\/v2\/product"}],"about":[{"href":"https:\/\/brandss.com.py\/index\/wp-json\/wp\/v2\/types\/product"}],"replies":[{"embeddable":true,"href":"https:\/\/brandss.com.py\/index\/wp-json\/wp\/v2\/comments?post=54681"}],"version-history":[{"count":1,"href":"https:\/\/brandss.com.py\/index\/wp-json\/wp\/v2\/product\/54681\/revisions"}],"predecessor-version":[{"id":54689,"href":"https:\/\/brandss.com.py\/index\/wp-json\/wp\/v2\/product\/54681\/revisions\/54689"}],"wp:featuredmedia":[{"embeddable":true,"href":"https:\/\/brandss.com.py\/index\/wp-json\/wp\/v2\/media\/54682"}],"wp:attachment":[{"href":"https:\/\/brandss.com.py\/index\/wp-json\/wp\/v2\/media?parent=54681"}],"wp:term":[{"taxonomy":"product_brand","embeddable":true,"href":"https:\/\/brandss.com.py\/index\/wp-json\/wp\/v2\/product_brand?post=54681"},{"taxonomy":"product_cat","embeddable":true,"href":"https:\/\/brandss.com.py\/index\/wp-json\/wp\/v2\/product_cat?post=54681"},{"taxonomy":"product_tag","embeddable":true,"href":"https:\/\/brandss.com.py\/index\/wp-json\/wp\/v2\/product_tag?post=54681"}],"curies":[{"name":"wp","href":"https:\/\/api.w.org\/{rel}","templated":true}]}}