{"id":54697,"date":"2024-07-23T15:35:24","date_gmt":"2024-07-23T15:35:24","guid":{"rendered":"https:\/\/brandss.com.py\/index\/?post_type=product&#038;p=54697"},"modified":"2025-04-24T10:31:08","modified_gmt":"2025-04-24T10:31:08","slug":"pantalon-femenino-diesel-1994-5-pockets","status":"publish","type":"product","link":"https:\/\/brandss.com.py\/index\/producto\/pantalon-femenino-diesel-1994-5-pockets\/","title":{"rendered":"PANTAL\u00d3N FEMENINO DIESEL 1994 5 POCKETS"},"content":{"rendered":"<p><img loading=\"lazy\" decoding=\"async\" class=\"\" src=\"https:\/\/static.vecteezy.com\/system\/resources\/previews\/023\/599\/736\/original\/diesel-logo-brand-symbol-with-name-black-design-luxury-clothes-fashion-illustration-free-vector.jpg\" alt=\"diesel logo marca s\u00edmbolo con nombre negro dise\u00f1o lujo ropa Moda vector  ilustraci\u00f3n 23599736 Vector en Vecteezy\" width=\"74\" height=\"60\" \/><\/p>\n<h1>1994 5 POCKETS<\/h1>\n<div class=\"ltr-182wjbq exjav153\">\n<div class=\"ltr-13pqkh2 exjav150\">\n<div>\n<p class=\"ltr-4y8w0i-Body\" data-component=\"Body\"><span>Vaqueros rectos 1994 09C16. <\/span>Parche con logo en la espalda, tiro medio, trabillas para cintur\u00f3n, cierre frontal con bot\u00f3n y cremallera y cinco bolsillos.<\/p>\n<\/div>\n<\/div>\n<\/div>\n<div class=\"ltr-15eja7h exjav152\">\n<div class=\"ltr-13pqkh2 exjav150\">\n<div class=\"ltr-92qs1a\">\n<h4 class=\"ltr-2pfgen-Body-BodyBold\" data-component=\"BodyBold\"><span>DETALLES<\/span><\/h4>\n<p><strong>Marca:<\/strong> DIESEL<\/p>\n<p><strong>Modelo: <\/strong>A03612-09C16<\/p>\n<p><strong>G\u00e9nero:<\/strong> Femenino<\/p>\n<p><strong>Color:<\/strong> azul claro<\/p>\n<p class=\"ltr-4y8w0i-Body\" data-component=\"Body\"><span class=\"ltr-4y8w0i-Body\" data-component=\"Body\"><span><strong>Composici\u00f3n:<\/strong> 100% algod\u00f3n<\/span><\/span><\/p>\n<\/div>\n<div class=\"ltr-92qs1a\">\n<h4 class=\"ltr-2pfgen-Body-BodyBold\" data-component=\"BodyBold\"><span>Instrucciones de lavado<\/span><\/h4>\n<p class=\"ltr-4y8w0i-Body\" data-component=\"Body\"><span>Lavar a maquina<\/span><\/p>\n<\/div>\n<\/div>\n<\/div>\n","protected":false},"excerpt":{"rendered":"<p>1994 5 POCKETS Vaqueros rectos 1994 09C16. Parche con logo en la espalda, tiro medio, trabillas para cintur\u00f3n, cierre frontal<\/p>\n","protected":false},"featured_media":54698,"comment_status":"open","ping_status":"closed","template":"","meta":{"nf_dc_page":""},"product_brand":[],"product_cat":[73],"product_tag":[],"class_list":{"0":"post-54697","1":"product","2":"type-product","3":"status-publish","4":"has-post-thumbnail","6":"product_cat-femenino","8":"first","9":"instock","10":"shipping-taxable","11":"purchasable","12":"product-type-simple"},"_links":{"self":[{"href":"https:\/\/brandss.com.py\/index\/wp-json\/wp\/v2\/product\/54697","targetHints":{"allow":["GET"]}}],"collection":[{"href":"https:\/\/brandss.com.py\/index\/wp-json\/wp\/v2\/product"}],"about":[{"href":"https:\/\/brandss.com.py\/index\/wp-json\/wp\/v2\/types\/product"}],"replies":[{"embeddable":true,"href":"https:\/\/brandss.com.py\/index\/wp-json\/wp\/v2\/comments?post=54697"}],"version-history":[{"count":1,"href":"https:\/\/brandss.com.py\/index\/wp-json\/wp\/v2\/product\/54697\/revisions"}],"predecessor-version":[{"id":54706,"href":"https:\/\/brandss.com.py\/index\/wp-json\/wp\/v2\/product\/54697\/revisions\/54706"}],"wp:featuredmedia":[{"embeddable":true,"href":"https:\/\/brandss.com.py\/index\/wp-json\/wp\/v2\/media\/54698"}],"wp:attachment":[{"href":"https:\/\/brandss.com.py\/index\/wp-json\/wp\/v2\/media?parent=54697"}],"wp:term":[{"taxonomy":"product_brand","embeddable":true,"href":"https:\/\/brandss.com.py\/index\/wp-json\/wp\/v2\/product_brand?post=54697"},{"taxonomy":"product_cat","embeddable":true,"href":"https:\/\/brandss.com.py\/index\/wp-json\/wp\/v2\/product_cat?post=54697"},{"taxonomy":"product_tag","embeddable":true,"href":"https:\/\/brandss.com.py\/index\/wp-json\/wp\/v2\/product_tag?post=54697"}],"curies":[{"name":"wp","href":"https:\/\/api.w.org\/{rel}","templated":true}]}}