{"id":54724,"date":"2024-07-23T19:04:18","date_gmt":"2024-07-23T19:04:18","guid":{"rendered":"https:\/\/brandss.com.py\/index\/?post_type=product&#038;p=54724"},"modified":"2025-04-24T10:30:38","modified_gmt":"2025-04-24T10:30:38","slug":"pantalon-femenino-la-tay-valencia","status":"publish","type":"product","link":"https:\/\/brandss.com.py\/index\/producto\/pantalon-femenino-la-tay-valencia\/","title":{"rendered":"PANTAL\u00d3N FEMENINO LA TAY VALENCIA"},"content":{"rendered":"<p><img loading=\"lazy\" decoding=\"async\" class=\"\" src=\"https:\/\/media.licdn.com\/dms\/image\/D4D03AQGqjCo81WrwXw\/profile-displayphoto-shrink_400_400\/0\/1685018020320?e=2147483647&amp;v=beta&amp;t=3i5s1RBUlxMasrZy8-oBFhLMuUFpoyFqGYKpDW7klWg\" alt=\"Gildo Koerich publicou no LinkedIn\" width=\"60\" height=\"60\" \/><\/p>\n<h1>VALENCIA<\/h1>\n<p>Pantal\u00f3n Valencia: \u00a1cl\u00e1sico y atemporal! Confeccionada en jeans 100% algod\u00f3n, tiene corte recto, cinturilla con trabillas, cierre de cremallera y bot\u00f3n, bolsillos funcionales, dobladillo tradicional y acabados pespunteados.<\/p>\n<h4>DETALLES<\/h4>\n<p><span><strong>Marca:<\/strong> La Tay<\/span><\/p>\n<p><span><strong>Modelo: <\/strong>CR672BAJE<\/span><\/p>\n<p><strong>G\u00e9nero:<\/strong> Femenino<\/p>\n<p><strong>Modelado:<\/strong> Recto<\/p>\n<p><strong>Color:<\/strong> Jeans Medio<\/p>\n<p><span><strong>Composici\u00f3n:<\/strong> 100% Algod\u00f3n<\/span><\/p>\n","protected":false},"excerpt":{"rendered":"<p>VALENCIA Pantal\u00f3n Valencia: \u00a1cl\u00e1sico y atemporal! Confeccionada en jeans 100% algod\u00f3n, tiene corte recto, cinturilla con trabillas, cierre de cremallera<\/p>\n","protected":false},"featured_media":54725,"comment_status":"open","ping_status":"closed","template":"","meta":{"nf_dc_page":""},"product_brand":[],"product_cat":[73],"product_tag":[],"class_list":{"0":"post-54724","1":"product","2":"type-product","3":"status-publish","4":"has-post-thumbnail","6":"product_cat-femenino","8":"first","9":"instock","10":"shipping-taxable","11":"purchasable","12":"product-type-simple"},"_links":{"self":[{"href":"https:\/\/brandss.com.py\/index\/wp-json\/wp\/v2\/product\/54724","targetHints":{"allow":["GET"]}}],"collection":[{"href":"https:\/\/brandss.com.py\/index\/wp-json\/wp\/v2\/product"}],"about":[{"href":"https:\/\/brandss.com.py\/index\/wp-json\/wp\/v2\/types\/product"}],"replies":[{"embeddable":true,"href":"https:\/\/brandss.com.py\/index\/wp-json\/wp\/v2\/comments?post=54724"}],"version-history":[{"count":1,"href":"https:\/\/brandss.com.py\/index\/wp-json\/wp\/v2\/product\/54724\/revisions"}],"predecessor-version":[{"id":54729,"href":"https:\/\/brandss.com.py\/index\/wp-json\/wp\/v2\/product\/54724\/revisions\/54729"}],"wp:featuredmedia":[{"embeddable":true,"href":"https:\/\/brandss.com.py\/index\/wp-json\/wp\/v2\/media\/54725"}],"wp:attachment":[{"href":"https:\/\/brandss.com.py\/index\/wp-json\/wp\/v2\/media?parent=54724"}],"wp:term":[{"taxonomy":"product_brand","embeddable":true,"href":"https:\/\/brandss.com.py\/index\/wp-json\/wp\/v2\/product_brand?post=54724"},{"taxonomy":"product_cat","embeddable":true,"href":"https:\/\/brandss.com.py\/index\/wp-json\/wp\/v2\/product_cat?post=54724"},{"taxonomy":"product_tag","embeddable":true,"href":"https:\/\/brandss.com.py\/index\/wp-json\/wp\/v2\/product_tag?post=54724"}],"curies":[{"name":"wp","href":"https:\/\/api.w.org\/{rel}","templated":true}]}}