{"id":54751,"date":"2024-07-24T14:17:18","date_gmt":"2024-07-24T14:17:18","guid":{"rendered":"https:\/\/brandss.com.py\/index\/?post_type=product&#038;p=54751"},"modified":"2025-07-04T13:50:28","modified_gmt":"2025-07-04T13:50:28","slug":"leggins-deportivo-alo-yoga-high-waist-airbrush-de-cintura-alta","status":"publish","type":"product","link":"https:\/\/brandss.com.py\/index\/producto\/leggins-deportivo-alo-yoga-high-waist-airbrush-de-cintura-alta\/","title":{"rendered":"LEGGINGS DEPORTIVO ALO YOGA HIGH-WAIST AIRBRUSH DE CINTURA ALTA"},"content":{"rendered":"<p><img loading=\"lazy\" decoding=\"async\" class=\"\" src=\"https:\/\/seeklogo.com\/images\/A\/alo-yoga-logo-88F9494C06-seeklogo.com.png\" alt=\"Alo Yoga Logo PNG Vector (SVG) Free Download\" width=\"102\" height=\"70\" \/><\/p>\n<h1>HIGH-WAIST AIRBRUSH<\/h1>\n<p>Pilates, pickleball, publicar en casa: est\u00e1s buscando tu nuevo recurso para todo ello. Confeccionados con nuestra exclusiva tela Airbrush, suave como el algod\u00f3n y con un ajuste suave, estos leggings est\u00e1n cuidadosamente dise\u00f1ados con una cintura alta que te sujeta y perneras largas para un ajuste c\u00f3modo hasta los dobladillos. Elige tu color favorito y, mientras lo haces, consigue tambi\u00e9n un sost\u00e9n a juego.<\/p>\n<p>&nbsp;<\/p>\n<h3>FIT<\/h3>\n<p>Fiel al tama\u00f1o: dise\u00f1ado con compresi\u00f3n media para un ajuste suave y esculpido.<br \/>\nPara figuras de 5&#8217;5&#8243; y menos, recomendamos los leggings Airbrush de cintura alta 7\/8<br \/>\nLargos de entrepierna por medida: XXS, XS y S &#8211; 28&#8243;; M, L y XL &#8211; 28.5&#8243;<\/p>\n<h3>FABRICACI\u00d3N<\/h3>\n<p>Tejido de rendimiento Airbrush caracter\u00edstico de compresi\u00f3n media<br \/>\n87% nailon, 13% elastano<br \/>\nLavar a m\u00e1quina con agua fr\u00eda en ciclo suave, del rev\u00e9s, con colores similares. No lavar con toallas. No usa blanqueador. Secar en secadora a baja temperatura.<\/p>\n<h3>TODO SOBRE AER\u00d3GRAFO<\/h3>\n<p>S\u00faper suave y confortablemente compresivo, como llevar un abrazo.<\/p>\n<h3>LOS DETALLES<\/h3>\n<p>Tejido de compresi\u00f3n para soporte de rendimiento.<br \/>\nAjuste suavizante y acabado mate<br \/>\nEl estiramiento en cuatro direcciones se mueve contigo<br \/>\nSuave y transpirable con tacto algodonoso.<br \/>\n87% nailon, 13% elastano<\/p>\n<h3>DISE\u00d1ADO PARA:<\/h3>\n<p>Entrenamiento de intensidad media, yoga, carreras, caminatas, paseos y comodidad diaria<\/p>\n","protected":false},"excerpt":{"rendered":"<p>HIGH-WAIST AIRBRUSH Pilates, pickleball, publicar en casa: est\u00e1s buscando tu nuevo recurso para todo ello. Confeccionados con nuestra exclusiva tela<\/p>\n","protected":false},"featured_media":54753,"comment_status":"open","ping_status":"closed","template":"","meta":{"nf_dc_page":""},"product_brand":[],"product_cat":[73],"product_tag":[],"class_list":{"0":"post-54751","1":"product","2":"type-product","3":"status-publish","4":"has-post-thumbnail","6":"product_cat-femenino","8":"first","9":"outofstock","10":"shipping-taxable","11":"purchasable","12":"product-type-simple"},"_links":{"self":[{"href":"https:\/\/brandss.com.py\/index\/wp-json\/wp\/v2\/product\/54751","targetHints":{"allow":["GET"]}}],"collection":[{"href":"https:\/\/brandss.com.py\/index\/wp-json\/wp\/v2\/product"}],"about":[{"href":"https:\/\/brandss.com.py\/index\/wp-json\/wp\/v2\/types\/product"}],"replies":[{"embeddable":true,"href":"https:\/\/brandss.com.py\/index\/wp-json\/wp\/v2\/comments?post=54751"}],"version-history":[{"count":2,"href":"https:\/\/brandss.com.py\/index\/wp-json\/wp\/v2\/product\/54751\/revisions"}],"predecessor-version":[{"id":85468,"href":"https:\/\/brandss.com.py\/index\/wp-json\/wp\/v2\/product\/54751\/revisions\/85468"}],"wp:featuredmedia":[{"embeddable":true,"href":"https:\/\/brandss.com.py\/index\/wp-json\/wp\/v2\/media\/54753"}],"wp:attachment":[{"href":"https:\/\/brandss.com.py\/index\/wp-json\/wp\/v2\/media?parent=54751"}],"wp:term":[{"taxonomy":"product_brand","embeddable":true,"href":"https:\/\/brandss.com.py\/index\/wp-json\/wp\/v2\/product_brand?post=54751"},{"taxonomy":"product_cat","embeddable":true,"href":"https:\/\/brandss.com.py\/index\/wp-json\/wp\/v2\/product_cat?post=54751"},{"taxonomy":"product_tag","embeddable":true,"href":"https:\/\/brandss.com.py\/index\/wp-json\/wp\/v2\/product_tag?post=54751"}],"curies":[{"name":"wp","href":"https:\/\/api.w.org\/{rel}","templated":true}]}}