{"id":54765,"date":"2024-07-25T11:06:16","date_gmt":"2024-07-25T11:06:16","guid":{"rendered":"https:\/\/brandss.com.py\/index\/?post_type=product&#038;p=54765"},"modified":"2025-04-30T17:58:41","modified_gmt":"2025-04-30T17:58:41","slug":"camiseta-masculino-diesel-t8-wedding-maglietta","status":"publish","type":"product","link":"https:\/\/brandss.com.py\/index\/producto\/camiseta-masculino-diesel-t8-wedding-maglietta\/","title":{"rendered":"CAMISETA MASCULINO DIESEL T8-WEDDING MAGLIETTA"},"content":{"rendered":"<p><img loading=\"lazy\" decoding=\"async\" class=\"\" src=\"https:\/\/static.vecteezy.com\/system\/resources\/previews\/023\/599\/736\/original\/diesel-logo-brand-symbol-with-name-black-design-luxury-clothes-fashion-illustration-free-vector.jpg\" alt=\"diesel logo marca s\u00edmbolo con nombre negro dise\u00f1o lujo ropa Moda vector ilustraci\u00f3n 23599736 Vector en Vecteezy\" width=\"80\" height=\"65\" \/><\/p>\n<h1>T8-WEDDING MAGLIETTA<\/h1>\n<p>Camiseta masculino de algod\u00f3n, mangas cortas cuello redondo y acanalado con imagen en la paret frontal, de ajuste recto Ligero y f\u00e1cil de llevar. Libertad de movimiento.<\/p>\n<p>&nbsp;<\/p>\n<h3>DETALLES<\/h3>\n<p>&nbsp;<\/p>\n<p><strong>Marca:<\/strong> DIESEL<\/p>\n<p><strong>Modelo:<\/strong> 00S8ZS-0W91B-100<\/p>\n<p><strong>G\u00e9nero:<\/strong> Masculino.<\/p>\n<p><strong>Color:<\/strong> Blanco<\/p>\n<p><strong>Composici\u00f3n:<\/strong> 100% algod\u00f3n.<\/p>\n","protected":false},"excerpt":{"rendered":"<p>T8-WEDDING MAGLIETTA Camiseta masculino de algod\u00f3n, mangas cortas cuello redondo y acanalado con imagen en la paret frontal, de ajuste<\/p>\n","protected":false},"featured_media":54766,"comment_status":"open","ping_status":"closed","template":"","meta":{"nf_dc_page":""},"product_brand":[],"product_cat":[76],"product_tag":[],"class_list":{"0":"post-54765","1":"product","2":"type-product","3":"status-publish","4":"has-post-thumbnail","6":"product_cat-masculino","8":"first","9":"instock","10":"shipping-taxable","11":"purchasable","12":"product-type-simple"},"_links":{"self":[{"href":"https:\/\/brandss.com.py\/index\/wp-json\/wp\/v2\/product\/54765","targetHints":{"allow":["GET"]}}],"collection":[{"href":"https:\/\/brandss.com.py\/index\/wp-json\/wp\/v2\/product"}],"about":[{"href":"https:\/\/brandss.com.py\/index\/wp-json\/wp\/v2\/types\/product"}],"replies":[{"embeddable":true,"href":"https:\/\/brandss.com.py\/index\/wp-json\/wp\/v2\/comments?post=54765"}],"version-history":[{"count":1,"href":"https:\/\/brandss.com.py\/index\/wp-json\/wp\/v2\/product\/54765\/revisions"}],"predecessor-version":[{"id":54771,"href":"https:\/\/brandss.com.py\/index\/wp-json\/wp\/v2\/product\/54765\/revisions\/54771"}],"wp:featuredmedia":[{"embeddable":true,"href":"https:\/\/brandss.com.py\/index\/wp-json\/wp\/v2\/media\/54766"}],"wp:attachment":[{"href":"https:\/\/brandss.com.py\/index\/wp-json\/wp\/v2\/media?parent=54765"}],"wp:term":[{"taxonomy":"product_brand","embeddable":true,"href":"https:\/\/brandss.com.py\/index\/wp-json\/wp\/v2\/product_brand?post=54765"},{"taxonomy":"product_cat","embeddable":true,"href":"https:\/\/brandss.com.py\/index\/wp-json\/wp\/v2\/product_cat?post=54765"},{"taxonomy":"product_tag","embeddable":true,"href":"https:\/\/brandss.com.py\/index\/wp-json\/wp\/v2\/product_tag?post=54765"}],"curies":[{"name":"wp","href":"https:\/\/api.w.org\/{rel}","templated":true}]}}