{"id":54773,"date":"2024-07-25T12:29:50","date_gmt":"2024-07-25T12:29:50","guid":{"rendered":"https:\/\/brandss.com.py\/index\/?post_type=product&#038;p=54773"},"modified":"2025-09-12T10:30:13","modified_gmt":"2025-09-12T10:30:13","slug":"camiseta-masculino-diesel-t-fontal-mangas-cortas","status":"publish","type":"product","link":"https:\/\/brandss.com.py\/index\/producto\/camiseta-masculino-diesel-t-fontal-mangas-cortas\/","title":{"rendered":"CAMISETA MASCULINO DIESEL T-FONTAL MANGAS CORTAS"},"content":{"rendered":"<p><img loading=\"lazy\" decoding=\"async\" class=\"\" src=\"https:\/\/static.vecteezy.com\/system\/resources\/previews\/023\/599\/736\/original\/diesel-logo-brand-symbol-with-name-black-design-luxury-clothes-fashion-illustration-free-vector.jpg\" alt=\"diesel logo marca s\u00edmbolo con nombre negro dise\u00f1o lujo ropa Moda vector  ilustraci\u00f3n 23599736 Vector en Vecteezy\" width=\"102\" height=\"83\" \/><\/p>\n<h1>T-FONTAL<\/h1>\n<p><span>Camiseta blanca de cuello redondo de Diesel. Confeccionada en algod\u00f3n Supima certificado y con un corte regular, este modelo incluye un bolsillo deslizante en el pecho y mangas de doble capa.<\/span><\/p>\n<h4 class=\"p_title\"><span>DETALLES<\/span><\/h4>\n<p><strong>Marca:<\/strong> DIESEL.<\/p>\n<p><strong>Modelo:<\/strong> A01775 0HAXP-100.<\/p>\n<p><strong>G\u00e9nero:<\/strong> Masculino.<\/p>\n<p><strong>Color:<\/strong> Blanco.<\/p>\n<p><span><strong>Composici\u00f3n:<\/strong> 100% algod\u00f3n.<\/span><\/p>\n","protected":false},"excerpt":{"rendered":"<p>T-FONTAL Camiseta blanca de cuello redondo de Diesel. Confeccionada en algod\u00f3n Supima certificado y con un corte regular, este modelo<\/p>\n","protected":false},"featured_media":54774,"comment_status":"open","ping_status":"closed","template":"","meta":{"nf_dc_page":""},"product_brand":[],"product_cat":[76],"product_tag":[],"class_list":{"0":"post-54773","1":"product","2":"type-product","3":"status-publish","4":"has-post-thumbnail","6":"product_cat-masculino","8":"first","9":"instock","10":"shipping-taxable","11":"purchasable","12":"product-type-simple"},"_links":{"self":[{"href":"https:\/\/brandss.com.py\/index\/wp-json\/wp\/v2\/product\/54773","targetHints":{"allow":["GET"]}}],"collection":[{"href":"https:\/\/brandss.com.py\/index\/wp-json\/wp\/v2\/product"}],"about":[{"href":"https:\/\/brandss.com.py\/index\/wp-json\/wp\/v2\/types\/product"}],"replies":[{"embeddable":true,"href":"https:\/\/brandss.com.py\/index\/wp-json\/wp\/v2\/comments?post=54773"}],"version-history":[{"count":1,"href":"https:\/\/brandss.com.py\/index\/wp-json\/wp\/v2\/product\/54773\/revisions"}],"predecessor-version":[{"id":54779,"href":"https:\/\/brandss.com.py\/index\/wp-json\/wp\/v2\/product\/54773\/revisions\/54779"}],"wp:featuredmedia":[{"embeddable":true,"href":"https:\/\/brandss.com.py\/index\/wp-json\/wp\/v2\/media\/54774"}],"wp:attachment":[{"href":"https:\/\/brandss.com.py\/index\/wp-json\/wp\/v2\/media?parent=54773"}],"wp:term":[{"taxonomy":"product_brand","embeddable":true,"href":"https:\/\/brandss.com.py\/index\/wp-json\/wp\/v2\/product_brand?post=54773"},{"taxonomy":"product_cat","embeddable":true,"href":"https:\/\/brandss.com.py\/index\/wp-json\/wp\/v2\/product_cat?post=54773"},{"taxonomy":"product_tag","embeddable":true,"href":"https:\/\/brandss.com.py\/index\/wp-json\/wp\/v2\/product_tag?post=54773"}],"curies":[{"name":"wp","href":"https:\/\/api.w.org\/{rel}","templated":true}]}}