{"id":54780,"date":"2024-07-25T12:59:49","date_gmt":"2024-07-25T12:59:49","guid":{"rendered":"https:\/\/brandss.com.py\/index\/?post_type=product&#038;p=54780"},"modified":"2025-04-14T10:24:48","modified_gmt":"2025-04-14T10:24:48","slug":"camiseta-masculino-diesel-t-just-b57-magneto-mangas-cortas","status":"publish","type":"product","link":"https:\/\/brandss.com.py\/index\/producto\/camiseta-masculino-diesel-t-just-b57-magneto-mangas-cortas\/","title":{"rendered":"CAMISETA MASCULINO DIESEL T-JUST-B57 MAGNETO MANGAS CORTAS"},"content":{"rendered":"<p><img loading=\"lazy\" decoding=\"async\" class=\"\" src=\"https:\/\/static.vecteezy.com\/system\/resources\/previews\/023\/599\/736\/original\/diesel-logo-brand-symbol-with-name-black-design-luxury-clothes-fashion-illustration-free-vector.jpg\" alt=\"diesel logo marca s\u00edmbolo con nombre negro dise\u00f1o lujo ropa Moda vector ilustraci\u00f3n 23599736 Vector en Vecteezy\" width=\"95\" height=\"78\" \/><\/p>\n<h1 class=\"product-title\" data-v-3d8f9d4c=\"\">T-JUST-B57 MAGNETO<\/h1>\n<p>Camiseta de corte regular, bordada con la inscripci\u00f3n &#8220;What a Life&#8221; en la parte delantera y un peque\u00f1o logotipo Diesel a tono en la espalda. Esta prenda est\u00e1 confeccionada con algod\u00f3n org\u00e1nico certificado y poli\u00e9ster reciclado certificado. Talla grande, elige una talla m\u00e1s peque\u00f1a de lo habitual. Esta prenda est\u00e1 confeccionada con algod\u00f3n org\u00e1nico certificado y poli\u00e9ster reciclado certificado.<\/p>\n<h4>DETALLES<\/h4>\n<ul data-v-3d8f9d4c=\"\">\n<li data-v-3d8f9d4c=\"\"><strong>Marca:<\/strong> DIESEL<\/li>\n<li data-v-3d8f9d4c=\"\"><strong>Modelo:<\/strong> A02817-0GRAM-89E<\/li>\n<li data-v-3d8f9d4c=\"\"><strong>G\u00e9nero:<\/strong> Masculino<\/li>\n<li data-v-3d8f9d4c=\"\"><strong>Material:<\/strong>\u00a0<span data-v-3d8f9d4c=\"\">60% algod\u00f3n, 40% poli\u00e9ster.<\/span><\/li>\n<li data-v-3d8f9d4c=\"\"><strong>Color:\u00a0<\/strong>azul<span data-v-3d8f9d4c=\"\">\u200b<\/span><\/li>\n<li data-v-3d8f9d4c=\"\"><strong>Ocasi\u00f3n:<\/strong>\u00a0<span data-v-3d8f9d4c=\"\">ropa casual<\/span><\/li>\n<li data-v-3d8f9d4c=\"\"><strong>Ajuste:<\/strong> regular<\/li>\n<\/ul>\n<h4>INSTRUCCIONES DE CUIDADO<\/h4>\n<div class=\"care-instructions product-expand-block\" data-v-3d8f9d4c=\"\">\n<div class=\"care-instruction\" data-v-3d8f9d4c=\"\"><img loading=\"lazy\" decoding=\"async\" class=\"care-instruction-image\" title=\"Lavado\" src=\"https:\/\/dieselindia.com\/_nuxt\/img\/12.566e142.svg\" alt=\"Lavado\" width=\"40\" height=\"40\" data-v-3d8f9d4c=\"\" aria-label=\"Lavado\" \/>\u00a0<span class=\"care-instruction-text\" data-v-3d8f9d4c=\"\">Lavado a m\u00e1quina a 30 \u00b0C<\/span><\/div>\n<div class=\"care-instruction\" data-v-3d8f9d4c=\"\"><img loading=\"lazy\" decoding=\"async\" class=\"care-instruction-image\" title=\"Lavado\" src=\"https:\/\/dieselindia.com\/_nuxt\/img\/17.16260ac.svg\" alt=\"Lavado\" width=\"39\" height=\"39\" data-v-3d8f9d4c=\"\" aria-label=\"Lavado\" \/>\u00a0<span class=\"care-instruction-text\" data-v-3d8f9d4c=\"\">No usa blanqueador<\/span><\/div>\n<div class=\"care-instruction\" data-v-3d8f9d4c=\"\"><img loading=\"lazy\" decoding=\"async\" class=\"care-instruction-image\" title=\"Lavado\" src=\"https:\/\/dieselindia.com\/_nuxt\/img\/28.d94314e.svg\" alt=\"Lavado\" width=\"42\" height=\"42\" data-v-3d8f9d4c=\"\" aria-label=\"Lavado\" \/>\u00a0<span class=\"care-instruction-text\" data-v-3d8f9d4c=\"\">No secar en secadora<\/span><\/div>\n<div class=\"care-instruction\" data-v-3d8f9d4c=\"\"><img loading=\"lazy\" decoding=\"async\" class=\"care-instruction-image\" title=\"Lavado\" src=\"image\/svg+xml;base64,PD94bWwgdmVyc2lvbj0iMS4wIiBlbmNvZGluZz0idXRmLTgiPz4KPCEtLSBHZW5lcmF0b3I6IEFkb2JlIElsbHVzdHJhdG9yIDIyLjEuMCwgU1ZHIEV4cG9ydCBQbHVnLUluIC4gU1ZHIFZlcnNpb246IDYuMDAgQnVpbGQgMCkgIC0tPgo8c3ZnIHZlcnNpb249IjEuMSIgaWQ9IkxpdmVsbG9fMSIgeG1sbnM9Imh0dHA6Ly93d3cudzMub3JnLzIwMDAvc3ZnIiB4bWxuczp4bGluaz0iaHR0cDovL3d3dy53My5vcmcvMTk5OS94bGluayIgeD0iMHB4IiB5PSIwcHgiCgkgdmlld0JveD0iMCAwIDEwMCAxMDAiIHN0eWxlPSJlbmFibGUtYmFja2dyb3VuZDpuZXcgMCAwIDEwMCAxMDA7IiB4bWw6c3BhY2U9InByZXNlcnZlIj4KPGNpcmNsZSBjeD0iNTUuNiIgY3k9IjYzLjMiIHI9IjUuNyIvPgo8ZyBpZD0icGF0aDE4NDIiPgoJPHBhdGggZD0iTTk0LDc4LjNINmMtMC41LDAtMS0wLjMtMS4zLTAuOGMtMC4zLTAuNS0wLjMtMSwwLTEuNUM1LjQsNzQuOSwyMS44LDQ3LjgsMzksNDcuOGMwLDAsMCwwLDAsMGg0Ny42bC00LjgtMjMuMmgtNTQKCQljLTAuOCwwLTEuNS0wLjctMS41LTEuNXMwLjctMS41LDEuNS0xLjVIODNjMC43LDAsMS4zLDAuNSwxLjUsMS4ybDExLDUzLjdjMC4xLDAuNCwwLDAuOS0wLjMsMS4yUzk0LjUsNzguMyw5NCw3OC4zeiBNOC43LDc1LjMKCQloODMuNWwtNS0yNC41SDM5QzI2LjIsNTAuOCwxMyw2OC45LDguNyw3NS4zeiIvPgo8L2c+Cjwvc3ZnPgo=\" alt=\"Lavado\" width=\"33\" height=\"33\" data-v-3d8f9d4c=\"\" aria-label=\"Lavado\" \/>\u00a0<span class=\"care-instruction-text\" data-v-3d8f9d4c=\"\">Planchar a m\u00e1x. 110 \u00b0C<\/span><\/div>\n<div class=\"care-instruction\" data-v-3d8f9d4c=\"\"><img loading=\"lazy\" decoding=\"async\" class=\"care-instruction-image\" title=\"Lavado\" src=\"image\/svg+xml;base64,PD94bWwgdmVyc2lvbj0iMS4wIiBlbmNvZGluZz0iaXNvLTg4NTktMSI\/Pgo8IS0tIEdlbmVyYXRvcjogQWRvYmUgSWxsdXN0cmF0b3IgMjIuMS4wLCBTVkcgRXhwb3J0IFBsdWctSW4gLiBTVkcgVmVyc2lvbjogNi4wMCBCdWlsZCAwKSAgLS0+CjxzdmcgdmVyc2lvbj0iMS4xIiBpZD0iTGF5ZXJfMSIgeG1sbnM9Imh0dHA6Ly93d3cudzMub3JnLzIwMDAvc3ZnIiB4bWxuczp4bGluaz0iaHR0cDovL3d3dy53My5vcmcvMTk5OS94bGluayIgeD0iMHB4IiB5PSIwcHgiCgkgdmlld0JveD0iMCAwIDUwIDUwIiBzdHlsZT0iZW5hYmxlLWJhY2tncm91bmQ6bmV3IDAgMCA1MCA1MDsiIHhtbDpzcGFjZT0icHJlc2VydmUiPgo8ZyBpZD0iTGF5ZXJfMV8xXyI+Cgk8cGF0aCBkPSJNMjUsMUMxMS43NjcsMSwxLDExLjc2NywxLDI1czEwLjc2NywyNCwyNCwyNHMyNC0xMC43NjcsMjQtMjRTMzguMjMzLDEsMjUsMXogTTI1LDQ3QzEyLjg2OSw0NywzLDM3LjEzMSwzLDI1CgkJUzEyLjg2OSwzLDI1LDNzMjIsOS44NjksMjIsMjJTMzcuMTMxLDQ3LDI1LDQ3eiIvPgoJPHJlY3QgeD0iMjQiIHk9IjEwIiB3aWR0aD0iMiIgaGVpZ2h0PSIzIi8+Cgk8cG9seWdvbiBwb2ludHM9IjIxLDE4IDI0LDE4IDI0LDQwIDI2LDQwIDI2LDE2IDIxLDE2IAkiLz4KPC9nPgo8L3N2Zz4K\" alt=\"Lavado\" width=\"34\" height=\"34\" data-v-3d8f9d4c=\"\" aria-label=\"Lavado\" \/>\u00a0<span class=\"care-instruction-text\" data-v-3d8f9d4c=\"\">No lavar en seco y secar en posici\u00f3n horizontal a la sombra.<\/span><\/div>\n<\/div>\n<p>&nbsp;<\/p>\n","protected":false},"excerpt":{"rendered":"<p>T-JUST-B57 MAGNETO Camiseta de corte regular, bordada con la inscripci\u00f3n &#8220;What a Life&#8221; en la parte delantera y un peque\u00f1o<\/p>\n","protected":false},"featured_media":54781,"comment_status":"open","ping_status":"closed","template":"","meta":{"nf_dc_page":""},"product_brand":[],"product_cat":[76],"product_tag":[],"class_list":{"0":"post-54780","1":"product","2":"type-product","3":"status-publish","4":"has-post-thumbnail","6":"product_cat-masculino","8":"first","9":"instock","10":"shipping-taxable","11":"purchasable","12":"product-type-simple"},"_links":{"self":[{"href":"https:\/\/brandss.com.py\/index\/wp-json\/wp\/v2\/product\/54780","targetHints":{"allow":["GET"]}}],"collection":[{"href":"https:\/\/brandss.com.py\/index\/wp-json\/wp\/v2\/product"}],"about":[{"href":"https:\/\/brandss.com.py\/index\/wp-json\/wp\/v2\/types\/product"}],"replies":[{"embeddable":true,"href":"https:\/\/brandss.com.py\/index\/wp-json\/wp\/v2\/comments?post=54780"}],"version-history":[{"count":3,"href":"https:\/\/brandss.com.py\/index\/wp-json\/wp\/v2\/product\/54780\/revisions"}],"predecessor-version":[{"id":54788,"href":"https:\/\/brandss.com.py\/index\/wp-json\/wp\/v2\/product\/54780\/revisions\/54788"}],"wp:featuredmedia":[{"embeddable":true,"href":"https:\/\/brandss.com.py\/index\/wp-json\/wp\/v2\/media\/54781"}],"wp:attachment":[{"href":"https:\/\/brandss.com.py\/index\/wp-json\/wp\/v2\/media?parent=54780"}],"wp:term":[{"taxonomy":"product_brand","embeddable":true,"href":"https:\/\/brandss.com.py\/index\/wp-json\/wp\/v2\/product_brand?post=54780"},{"taxonomy":"product_cat","embeddable":true,"href":"https:\/\/brandss.com.py\/index\/wp-json\/wp\/v2\/product_cat?post=54780"},{"taxonomy":"product_tag","embeddable":true,"href":"https:\/\/brandss.com.py\/index\/wp-json\/wp\/v2\/product_tag?post=54780"}],"curies":[{"name":"wp","href":"https:\/\/api.w.org\/{rel}","templated":true}]}}