{"id":54789,"date":"2024-07-25T13:26:53","date_gmt":"2024-07-25T13:26:53","guid":{"rendered":"https:\/\/brandss.com.py\/index\/?post_type=product&#038;p=54789"},"modified":"2025-11-04T17:53:17","modified_gmt":"2025-11-04T17:53:17","slug":"camiseta-masculino-diesel-t-just-c18-mangas-cortas","status":"publish","type":"product","link":"https:\/\/brandss.com.py\/index\/producto\/camiseta-masculino-diesel-t-just-c18-mangas-cortas\/","title":{"rendered":"CAMISETA MASCULINO DIESEL T-JUST-C18 MANGAS CORTAS"},"content":{"rendered":"<p><img loading=\"lazy\" decoding=\"async\" class=\"\" src=\"https:\/\/static.vecteezy.com\/system\/resources\/previews\/023\/599\/736\/original\/diesel-logo-brand-symbol-with-name-black-design-luxury-clothes-fashion-illustration-free-vector.jpg\" alt=\"diesel logo marca s\u00edmbolo con nombre negro dise\u00f1o lujo ropa Moda vector  ilustraci\u00f3n 23599736 Vector en Vecteezy\" width=\"128\" height=\"104\" \/><\/p>\n<h1 class=\"product-detail-title text-uppercase\"><span>T-JUST-C18<\/span><\/h1>\n<p class=\"product-detail-title text-uppercase\">Camiseta de cuello redondo &#8216;T-Just-C18&#8217; de Diesel. Esta prenda, confeccionada en algod\u00f3n, est\u00e1 decorada con un estampado multicolor y mangas cortas con el logotipo bordado.Camiseta de hombre de manga corta. Corte recto regular. Te\u00f1ido con pigmentos y lavado con \u00e1cido para un look vintage sutil. Estampado gr\u00e1fico original en la parte delantera y logotipo &#8216;D&#8217; bordado y tintado en la manga izquierda. Confeccionada en 100% algod\u00f3n, lo que proporciona m\u00e1xima comodidad y f\u00e1cil mantenimiento.<\/p>\n<h4>DETALLES<\/h4>\n<p><strong>Marca:<\/strong>\u00a0 DIESEL<\/p>\n<p><strong>Modelo:<\/strong> <span class=\"product-ids\"><span>A05215 0TDAN-99K<\/span><\/span><\/p>\n<p><strong>G\u00e9nero:<\/strong> Masculino.<\/p>\n<p><strong>Color:<\/strong> Verde claro.<\/p>\n<p><strong>Material:<\/strong> 100% Algod\u00f3n.<\/p>\n","protected":false},"excerpt":{"rendered":"<p>T-JUST-C18 Camiseta de cuello redondo &#8216;T-Just-C18&#8217; de Diesel. Esta prenda, confeccionada en algod\u00f3n, est\u00e1 decorada con un estampado multicolor y<\/p>\n","protected":false},"featured_media":54790,"comment_status":"open","ping_status":"closed","template":"","meta":{"nf_dc_page":""},"product_brand":[],"product_cat":[76],"product_tag":[],"class_list":{"0":"post-54789","1":"product","2":"type-product","3":"status-publish","4":"has-post-thumbnail","6":"product_cat-masculino","8":"first","9":"instock","10":"shipping-taxable","11":"purchasable","12":"product-type-simple"},"_links":{"self":[{"href":"https:\/\/brandss.com.py\/index\/wp-json\/wp\/v2\/product\/54789","targetHints":{"allow":["GET"]}}],"collection":[{"href":"https:\/\/brandss.com.py\/index\/wp-json\/wp\/v2\/product"}],"about":[{"href":"https:\/\/brandss.com.py\/index\/wp-json\/wp\/v2\/types\/product"}],"replies":[{"embeddable":true,"href":"https:\/\/brandss.com.py\/index\/wp-json\/wp\/v2\/comments?post=54789"}],"version-history":[{"count":1,"href":"https:\/\/brandss.com.py\/index\/wp-json\/wp\/v2\/product\/54789\/revisions"}],"predecessor-version":[{"id":54795,"href":"https:\/\/brandss.com.py\/index\/wp-json\/wp\/v2\/product\/54789\/revisions\/54795"}],"wp:featuredmedia":[{"embeddable":true,"href":"https:\/\/brandss.com.py\/index\/wp-json\/wp\/v2\/media\/54790"}],"wp:attachment":[{"href":"https:\/\/brandss.com.py\/index\/wp-json\/wp\/v2\/media?parent=54789"}],"wp:term":[{"taxonomy":"product_brand","embeddable":true,"href":"https:\/\/brandss.com.py\/index\/wp-json\/wp\/v2\/product_brand?post=54789"},{"taxonomy":"product_cat","embeddable":true,"href":"https:\/\/brandss.com.py\/index\/wp-json\/wp\/v2\/product_cat?post=54789"},{"taxonomy":"product_tag","embeddable":true,"href":"https:\/\/brandss.com.py\/index\/wp-json\/wp\/v2\/product_tag?post=54789"}],"curies":[{"name":"wp","href":"https:\/\/api.w.org\/{rel}","templated":true}]}}