{"id":54796,"date":"2024-07-25T14:56:03","date_gmt":"2024-07-25T14:56:03","guid":{"rendered":"https:\/\/brandss.com.py\/index\/?post_type=product&#038;p=54796"},"modified":"2025-04-24T10:31:08","modified_gmt":"2025-04-24T10:31:08","slug":"camisa-masculino-diesel-d-east-p1-mangas-largas","status":"publish","type":"product","link":"https:\/\/brandss.com.py\/index\/producto\/camisa-masculino-diesel-d-east-p1-mangas-largas\/","title":{"rendered":"CAMISA MASCULINO DIESEL D-EAST-P1 MANGAS LARGAS"},"content":{"rendered":"<p><img loading=\"lazy\" decoding=\"async\" class=\"\" src=\"https:\/\/static.vecteezy.com\/system\/resources\/previews\/023\/599\/736\/original\/diesel-logo-brand-symbol-with-name-black-design-luxury-clothes-fashion-illustration-free-vector.jpg\" alt=\"diesel logo marca s\u00edmbolo con nombre negro dise\u00f1o lujo ropa Moda vector  ilustraci\u00f3n 23599736 Vector en Vecteezy\" width=\"100\" height=\"81\" \/><\/p>\n<h1>D-EAST-P1<\/h1>\n<p>Camisa estilo western de Diesel regular fit confeccionada en 100% algod\u00f3n unisex con lavado a la piedra oscuro. Cuello cl\u00e1sico con mini botones. La prenda presenta un cuadrado entallado y dos bolsillos cl\u00e1sicos con solapa y est\u00e1 rematada con el logotipo de Diesel Copyright en el pu\u00f1o a presi\u00f3n. Corte regular Camisa casual simple y vers\u00e1til que es perfecta para combinar. Lavar a 30 grados.<\/p>\n<h3>DETALLES<\/h3>\n<p><strong>Marca:<\/strong> DIESEL<\/p>\n<p><strong>Modelo:<\/strong> A02160-0DAVK<\/p>\n<p><strong>G\u00e9nero:<\/strong> Masculino<\/p>\n<p><strong>Color:<\/strong> Azul lavado<\/p>\n<p><strong>Material:<\/strong> 100% Algod\u00f3n<\/p>\n","protected":false},"excerpt":{"rendered":"<p>D-EAST-P1 Camisa estilo western de Diesel regular fit confeccionada en 100% algod\u00f3n unisex con lavado a la piedra oscuro. Cuello<\/p>\n","protected":false},"featured_media":54797,"comment_status":"open","ping_status":"closed","template":"","meta":{"nf_dc_page":""},"product_brand":[],"product_cat":[76],"product_tag":[],"class_list":{"0":"post-54796","1":"product","2":"type-product","3":"status-publish","4":"has-post-thumbnail","6":"product_cat-masculino","8":"first","9":"instock","10":"shipping-taxable","11":"purchasable","12":"product-type-simple"},"_links":{"self":[{"href":"https:\/\/brandss.com.py\/index\/wp-json\/wp\/v2\/product\/54796","targetHints":{"allow":["GET"]}}],"collection":[{"href":"https:\/\/brandss.com.py\/index\/wp-json\/wp\/v2\/product"}],"about":[{"href":"https:\/\/brandss.com.py\/index\/wp-json\/wp\/v2\/types\/product"}],"replies":[{"embeddable":true,"href":"https:\/\/brandss.com.py\/index\/wp-json\/wp\/v2\/comments?post=54796"}],"version-history":[{"count":1,"href":"https:\/\/brandss.com.py\/index\/wp-json\/wp\/v2\/product\/54796\/revisions"}],"predecessor-version":[{"id":54803,"href":"https:\/\/brandss.com.py\/index\/wp-json\/wp\/v2\/product\/54796\/revisions\/54803"}],"wp:featuredmedia":[{"embeddable":true,"href":"https:\/\/brandss.com.py\/index\/wp-json\/wp\/v2\/media\/54797"}],"wp:attachment":[{"href":"https:\/\/brandss.com.py\/index\/wp-json\/wp\/v2\/media?parent=54796"}],"wp:term":[{"taxonomy":"product_brand","embeddable":true,"href":"https:\/\/brandss.com.py\/index\/wp-json\/wp\/v2\/product_brand?post=54796"},{"taxonomy":"product_cat","embeddable":true,"href":"https:\/\/brandss.com.py\/index\/wp-json\/wp\/v2\/product_cat?post=54796"},{"taxonomy":"product_tag","embeddable":true,"href":"https:\/\/brandss.com.py\/index\/wp-json\/wp\/v2\/product_tag?post=54796"}],"curies":[{"name":"wp","href":"https:\/\/api.w.org\/{rel}","templated":true}]}}