{"id":54804,"date":"2024-07-25T15:41:54","date_gmt":"2024-07-25T15:41:54","guid":{"rendered":"https:\/\/brandss.com.py\/index\/?post_type=product&#038;p=54804"},"modified":"2025-07-29T19:20:37","modified_gmt":"2025-07-29T19:20:37","slug":"camisa-masculino-diesel-s-miller-coupe-mangas-largas","status":"publish","type":"product","link":"https:\/\/brandss.com.py\/index\/producto\/camisa-masculino-diesel-s-miller-coupe-mangas-largas\/","title":{"rendered":"CAMISA MASCULINO DIESEL S-MILLER-COUPE MANGAS LARGAS"},"content":{"rendered":"<p>&nbsp;<\/p>\n<p><img loading=\"lazy\" decoding=\"async\" class=\"\" src=\"https:\/\/static.vecteezy.com\/system\/resources\/previews\/023\/599\/736\/original\/diesel-logo-brand-symbol-with-name-black-design-luxury-clothes-fashion-illustration-free-vector.jpg\" alt=\"diesel logo marca s\u00edmbolo con nombre negro dise\u00f1o lujo ropa Moda vector  ilustraci\u00f3n 23599736 Vector en Vecteezy\" width=\"91\" height=\"74\" \/><\/p>\n<h1>S-MILLER-COUPE<\/h1>\n<p>Esta camisa de franela est\u00e1 confeccionada con hilos mixtos especiales que se ti\u00f1en y tejen para crear un patr\u00f3n de cuadros irregulares.\u00a0Corte regular Hilos especiales tejidos y te\u00f1idos Patr\u00f3n de cuadros irregulares Cuello puntiagudo Cierre completo de botones Bolsillos dobles de parche en el pecho Mangas largas con pu\u00f1os con botones, acentuada con un sutil logotipo &#8220;Copyright&#8221; bordado en la manga izquierda.<\/p>\n<h4>DETALLES:<\/h4>\n<p><strong>Marca:<\/strong> DIESEL<\/p>\n<p><strong>Modelo:<\/strong> 00S3FX-0DAZA.<\/p>\n<p><strong>G\u00e9nero:<\/strong> Masculino<\/p>\n<p><strong>Color:<\/strong> Multicolor<\/p>\n<p><strong>Composici\u00f3n:<\/strong> 70% Viscosa-Ray\u00f3n 25% Lana 2% Mohair 2% Alpaca 1% Poliamida-nylon<\/p>\n<p>&nbsp;<\/p>\n<h4><span>Cuidados:<\/span><\/h4>\n<p><span>&#8211; No lavar<\/span><br \/>\n<span>&#8211; No usar lej\u00eda<\/span><br \/>\n<span>&#8211; No secar en secadora\u00a0<\/span><br \/>\n<span>&#8211; Planchar a baja temperatura<\/span><br \/>\n<span>&#8211; Limpieza en seco (ropa delicada)<\/span><br \/>\n<span>&#8211; Secar en superficie plana a la sombra<\/span><\/p>\n","protected":false},"excerpt":{"rendered":"<p>&nbsp; S-MILLER-COUPE Esta camisa de franela est\u00e1 confeccionada con hilos mixtos especiales que se ti\u00f1en y tejen para crear un<\/p>\n","protected":false},"featured_media":54805,"comment_status":"open","ping_status":"closed","template":"","meta":{"nf_dc_page":""},"product_brand":[],"product_cat":[76],"product_tag":[],"class_list":{"0":"post-54804","1":"product","2":"type-product","3":"status-publish","4":"has-post-thumbnail","6":"product_cat-masculino","8":"first","9":"instock","10":"shipping-taxable","11":"purchasable","12":"product-type-simple"},"_links":{"self":[{"href":"https:\/\/brandss.com.py\/index\/wp-json\/wp\/v2\/product\/54804","targetHints":{"allow":["GET"]}}],"collection":[{"href":"https:\/\/brandss.com.py\/index\/wp-json\/wp\/v2\/product"}],"about":[{"href":"https:\/\/brandss.com.py\/index\/wp-json\/wp\/v2\/types\/product"}],"replies":[{"embeddable":true,"href":"https:\/\/brandss.com.py\/index\/wp-json\/wp\/v2\/comments?post=54804"}],"version-history":[{"count":1,"href":"https:\/\/brandss.com.py\/index\/wp-json\/wp\/v2\/product\/54804\/revisions"}],"predecessor-version":[{"id":54812,"href":"https:\/\/brandss.com.py\/index\/wp-json\/wp\/v2\/product\/54804\/revisions\/54812"}],"wp:featuredmedia":[{"embeddable":true,"href":"https:\/\/brandss.com.py\/index\/wp-json\/wp\/v2\/media\/54805"}],"wp:attachment":[{"href":"https:\/\/brandss.com.py\/index\/wp-json\/wp\/v2\/media?parent=54804"}],"wp:term":[{"taxonomy":"product_brand","embeddable":true,"href":"https:\/\/brandss.com.py\/index\/wp-json\/wp\/v2\/product_brand?post=54804"},{"taxonomy":"product_cat","embeddable":true,"href":"https:\/\/brandss.com.py\/index\/wp-json\/wp\/v2\/product_cat?post=54804"},{"taxonomy":"product_tag","embeddable":true,"href":"https:\/\/brandss.com.py\/index\/wp-json\/wp\/v2\/product_tag?post=54804"}],"curies":[{"name":"wp","href":"https:\/\/api.w.org\/{rel}","templated":true}]}}