{"id":54813,"date":"2024-07-25T17:36:39","date_gmt":"2024-07-25T17:36:39","guid":{"rendered":"https:\/\/brandss.com.py\/index\/?post_type=product&#038;p=54813"},"modified":"2025-04-24T10:30:39","modified_gmt":"2025-04-24T10:30:39","slug":"camisa-masculino-diesel-s-wooly-mangas-largas","status":"publish","type":"product","link":"https:\/\/brandss.com.py\/index\/producto\/camisa-masculino-diesel-s-wooly-mangas-largas\/","title":{"rendered":"CAMISA MASCULINO DIESEL S-WOOLY MANGAS LARGAS"},"content":{"rendered":"<p><img loading=\"lazy\" decoding=\"async\" class=\"\" src=\"https:\/\/static.vecteezy.com\/system\/resources\/previews\/023\/599\/736\/original\/diesel-logo-brand-symbol-with-name-black-design-luxury-clothes-fashion-illustration-free-vector.jpg\" alt=\"diesel logo marca s\u00edmbolo con nombre negro dise\u00f1o lujo ropa Moda vector  ilustraci\u00f3n 23599736 Vector en Vecteezy\" width=\"95\" height=\"77\" \/><\/p>\n<h1>S-WOOLY<\/h1>\n<p><span>Camisa de corte holgado confeccionada en una mezcla compacta de lana virgen. La silueta presenta cuello alto y bolsillo en el pecho con el logotipo &#8220;D&#8221; bordado a tono.<\/span><\/p>\n<h4>CARACTER\u00cdSTICAS<\/h4>\n<ul class=\"sc-1n2xo27-0 sc-f9i670-0 czBVYx kJJteE\">\n<li><span>Colores s\u00f3lidos<\/span><\/li>\n<li><span>Dobladillo\/borde acolchado<\/span><\/li>\n<li><span>Botones<\/span><\/li>\n<li><span>Cuello de solapa<\/span><\/li>\n<li><span>Pliegue hacia atr\u00e1s<\/span><\/li>\n<li><span>Dobladillo redondo<\/span><\/li>\n<li><span>Bolsillo en el pecho<\/span><\/li>\n<li><span>Logotipo bordado<\/span><\/li>\n<li><span>Costuras tono sobre tono<\/span><\/li>\n<li><span>Suave al tacto<\/span><\/li>\n<\/ul>\n<h4>DETALLES<\/h4>\n<p><strong>Marca:<\/strong> DIESEL<\/p>\n<p><strong>Modelo:<\/strong> A03577-0EFAG<\/p>\n<p><strong>G\u00e9nero:<\/strong> Masculino<\/p>\n<p><strong>Color:<\/strong> Beige<\/p>\n<p><strong>Material:\u00a0<\/strong><span data-v-3d8f9d4c=\"\">52 % poli\u00e9ster, 43 % lana, 5 % elastano.<\/span><\/p>\n<p>&nbsp;<\/p>\n<h4><span>INSTRUCCIONES DE CUIDADO<\/span><\/h4>\n<div class=\"care-instructions product-expand-block\" data-v-3d8f9d4c=\"\">\n<div class=\"care-instruction\" data-v-3d8f9d4c=\"\"><img loading=\"lazy\" decoding=\"async\" class=\"care-instruction-image\" title=\"Lavado\" src=\"https:\/\/dieselindia.com\/_nuxt\/img\/12.566e142.svg\" alt=\"Lavado\" width=\"43\" height=\"43\" data-v-3d8f9d4c=\"\" aria-label=\"Lavado\" \/>\u00a0<span class=\"care-instruction-text\" data-v-3d8f9d4c=\"\"><span>No laves.<\/span><\/span><\/div>\n<div class=\"care-instruction\" data-v-3d8f9d4c=\"\"><img loading=\"lazy\" decoding=\"async\" class=\"care-instruction-image\" title=\"Lavado\" src=\"https:\/\/dieselindia.com\/_nuxt\/img\/17.16260ac.svg\" alt=\"Lavado\" width=\"36\" height=\"36\" data-v-3d8f9d4c=\"\" aria-label=\"Lavado\" \/>\u00a0<span class=\"care-instruction-text\" data-v-3d8f9d4c=\"\"><span>No usa blanqueador.<\/span><\/span><\/div>\n<div class=\"care-instruction\" data-v-3d8f9d4c=\"\"><img loading=\"lazy\" decoding=\"async\" class=\"care-instruction-image\" title=\"Lavado\" src=\"image\/svg+xml;base64,PD94bWwgdmVyc2lvbj0iMS4wIiBlbmNvZGluZz0iaXNvLTg4NTktMSI\/Pgo8IS0tIEdlbmVyYXRvcjogQWRvYmUgSWxsdXN0cmF0b3IgMjIuMS4wLCBTVkcgRXhwb3J0IFBsdWctSW4gLiBTVkcgVmVyc2lvbjogNi4wMCBCdWlsZCAwKSAgLS0+CjxzdmcgdmVyc2lvbj0iMS4xIiBpZD0iTGF5ZXJfMSIgeG1sbnM9Imh0dHA6Ly93d3cudzMub3JnLzIwMDAvc3ZnIiB4bWxuczp4bGluaz0iaHR0cDovL3d3dy53My5vcmcvMTk5OS94bGluayIgeD0iMHB4IiB5PSIwcHgiCgkgdmlld0JveD0iMCAwIDUwIDUwIiBzdHlsZT0iZW5hYmxlLWJhY2tncm91bmQ6bmV3IDAgMCA1MCA1MDsiIHhtbDpzcGFjZT0icHJlc2VydmUiPgo8ZyBpZD0iTGF5ZXJfMV8xXyI+Cgk8cGF0aCBkPSJNMjUsMUMxMS43NjcsMSwxLDExLjc2NywxLDI1czEwLjc2NywyNCwyNCwyNHMyNC0xMC43NjcsMjQtMjRTMzguMjMzLDEsMjUsMXogTTI1LDQ3QzEyLjg2OSw0NywzLDM3LjEzMSwzLDI1CgkJUzEyLjg2OSwzLDI1LDNzMjIsOS44NjksMjIsMjJTMzcuMTMxLDQ3LDI1LDQ3eiIvPgoJPHJlY3QgeD0iMjQiIHk9IjEwIiB3aWR0aD0iMiIgaGVpZ2h0PSIzIi8+Cgk8cG9seWdvbiBwb2ludHM9IjIxLDE4IDI0LDE4IDI0LDQwIDI2LDQwIDI2LDE2IDIxLDE2IAkiLz4KPC9nPgo8L3N2Zz4K\" alt=\"Lavado\" width=\"32\" height=\"32\" data-v-3d8f9d4c=\"\" aria-label=\"Lavado\" \/>\u00a0<span class=\"care-instruction-text\" data-v-3d8f9d4c=\"\"><span>Hierro medio.<\/span><\/span><\/div>\n<div class=\"care-instruction\" data-v-3d8f9d4c=\"\"><img loading=\"lazy\" decoding=\"async\" class=\"care-instruction-image\" title=\"Lavado\" src=\"image\/svg+xml;base64,PD94bWwgdmVyc2lvbj0iMS4wIiBlbmNvZGluZz0iaXNvLTg4NTktMSI\/Pgo8IS0tIEdlbmVyYXRvcjogQWRvYmUgSWxsdXN0cmF0b3IgMjIuMS4wLCBTVkcgRXhwb3J0IFBsdWctSW4gLiBTVkcgVmVyc2lvbjogNi4wMCBCdWlsZCAwKSAgLS0+CjxzdmcgdmVyc2lvbj0iMS4xIiBpZD0iTGF5ZXJfMSIgeG1sbnM9Imh0dHA6Ly93d3cudzMub3JnLzIwMDAvc3ZnIiB4bWxuczp4bGluaz0iaHR0cDovL3d3dy53My5vcmcvMTk5OS94bGluayIgeD0iMHB4IiB5PSIwcHgiCgkgdmlld0JveD0iMCAwIDUwIDUwIiBzdHlsZT0iZW5hYmxlLWJhY2tncm91bmQ6bmV3IDAgMCA1MCA1MDsiIHhtbDpzcGFjZT0icHJlc2VydmUiPgo8ZyBpZD0iTGF5ZXJfMV8xXyI+Cgk8cGF0aCBkPSJNMjUsMUMxMS43NjcsMSwxLDExLjc2NywxLDI1czEwLjc2NywyNCwyNCwyNHMyNC0xMC43NjcsMjQtMjRTMzguMjMzLDEsMjUsMXogTTI1LDQ3QzEyLjg2OSw0NywzLDM3LjEzMSwzLDI1CgkJUzEyLjg2OSwzLDI1LDNzMjIsOS44NjksMjIsMjJTMzcuMTMxLDQ3LDI1LDQ3eiIvPgoJPHJlY3QgeD0iMjQiIHk9IjEwIiB3aWR0aD0iMiIgaGVpZ2h0PSIzIi8+Cgk8cG9seWdvbiBwb2ludHM9IjIxLDE4IDI0LDE4IDI0LDQwIDI2LDQwIDI2LDE2IDIxLDE2IAkiLz4KPC9nPgo8L3N2Zz4K\" alt=\"Lavado\" width=\"32\" height=\"32\" data-v-3d8f9d4c=\"\" aria-label=\"Lavado\" \/>\u00a0<span class=\"care-instruction-text\" data-v-3d8f9d4c=\"\"><span>Limpieza en seco (ropa delicada)<\/span><\/span><\/div>\n<div class=\"care-instruction\" data-v-3d8f9d4c=\"\"><img loading=\"lazy\" decoding=\"async\" class=\"care-instruction-image\" title=\"Lavado\" src=\"https:\/\/dieselindia.com\/_nuxt\/img\/28.d94314e.svg\" alt=\"Lavado\" width=\"30\" height=\"30\" data-v-3d8f9d4c=\"\" aria-label=\"Lavado\" \/>\u00a0<span class=\"care-instruction-text\" data-v-3d8f9d4c=\"\"><span>No secar en secadora<\/span><\/span><\/div>\n<\/div>\n","protected":false},"excerpt":{"rendered":"<p>S-WOOLY Camisa de corte holgado confeccionada en una mezcla compacta de lana virgen. La silueta presenta cuello alto y bolsillo<\/p>\n","protected":false},"featured_media":54814,"comment_status":"open","ping_status":"closed","template":"","meta":{"nf_dc_page":""},"product_brand":[],"product_cat":[76],"product_tag":[],"class_list":{"0":"post-54813","1":"product","2":"type-product","3":"status-publish","4":"has-post-thumbnail","6":"product_cat-masculino","8":"first","9":"instock","10":"shipping-taxable","11":"purchasable","12":"product-type-simple"},"_links":{"self":[{"href":"https:\/\/brandss.com.py\/index\/wp-json\/wp\/v2\/product\/54813","targetHints":{"allow":["GET"]}}],"collection":[{"href":"https:\/\/brandss.com.py\/index\/wp-json\/wp\/v2\/product"}],"about":[{"href":"https:\/\/brandss.com.py\/index\/wp-json\/wp\/v2\/types\/product"}],"replies":[{"embeddable":true,"href":"https:\/\/brandss.com.py\/index\/wp-json\/wp\/v2\/comments?post=54813"}],"version-history":[{"count":1,"href":"https:\/\/brandss.com.py\/index\/wp-json\/wp\/v2\/product\/54813\/revisions"}],"predecessor-version":[{"id":54819,"href":"https:\/\/brandss.com.py\/index\/wp-json\/wp\/v2\/product\/54813\/revisions\/54819"}],"wp:featuredmedia":[{"embeddable":true,"href":"https:\/\/brandss.com.py\/index\/wp-json\/wp\/v2\/media\/54814"}],"wp:attachment":[{"href":"https:\/\/brandss.com.py\/index\/wp-json\/wp\/v2\/media?parent=54813"}],"wp:term":[{"taxonomy":"product_brand","embeddable":true,"href":"https:\/\/brandss.com.py\/index\/wp-json\/wp\/v2\/product_brand?post=54813"},{"taxonomy":"product_cat","embeddable":true,"href":"https:\/\/brandss.com.py\/index\/wp-json\/wp\/v2\/product_cat?post=54813"},{"taxonomy":"product_tag","embeddable":true,"href":"https:\/\/brandss.com.py\/index\/wp-json\/wp\/v2\/product_tag?post=54813"}],"curies":[{"name":"wp","href":"https:\/\/api.w.org\/{rel}","templated":true}]}}