{"id":54820,"date":"2024-07-25T18:05:24","date_gmt":"2024-07-25T18:05:24","guid":{"rendered":"https:\/\/brandss.com.py\/index\/?post_type=product&#038;p=54820"},"modified":"2025-05-10T17:33:35","modified_gmt":"2025-05-10T17:33:35","slug":"vestido-camisero-femenino-diesel-d-super-i-mangas-largas","status":"publish","type":"product","link":"https:\/\/brandss.com.py\/index\/producto\/vestido-camisero-femenino-diesel-d-super-i-mangas-largas\/","title":{"rendered":"VESTIDO CAMISERO FEMENINO DIESEL D-SUPER-I MANGAS LARGAS"},"content":{"rendered":"<p><img loading=\"lazy\" decoding=\"async\" class=\"\" src=\"https:\/\/static.vecteezy.com\/system\/resources\/previews\/023\/599\/736\/original\/diesel-logo-brand-symbol-with-name-black-design-luxury-clothes-fashion-illustration-free-vector.jpg\" alt=\"diesel logo marca s\u00edmbolo con nombre negro dise\u00f1o lujo ropa Moda vector  ilustraci\u00f3n 23599736 Vector en Vecteezy\" width=\"74\" height=\"60\" \/><\/p>\n<h1>D-SUPER-I<\/h1>\n<p>Vestido holgado dise\u00f1ado con silueta camisera, con dos bolsillos en el pecho y dobladillo curvo dividido. Est\u00e1 confeccionado en franela a cuadros te\u00f1ida en hilo con una textura irregular y un tacto sustancial.<\/p>\n<h4>DETALLES:<\/h4>\n<p><strong>Marca:<\/strong> DIESEL<\/p>\n<p><strong>Modelo:<\/strong> A04860-0WBBP<\/p>\n<p><strong>G\u00e9nero:<\/strong> Femenino<\/p>\n<p><strong>Color:<\/strong> Multicolor<\/p>\n<p><span><strong>Composici\u00f3n:<\/strong> 100% Algod\u00f3n<\/span><\/p>\n","protected":false},"excerpt":{"rendered":"<p>D-SUPER-I Vestido holgado dise\u00f1ado con silueta camisera, con dos bolsillos en el pecho y dobladillo curvo dividido. Est\u00e1 confeccionado en<\/p>\n","protected":false},"featured_media":54821,"comment_status":"open","ping_status":"closed","template":"","meta":{"nf_dc_page":""},"product_brand":[],"product_cat":[73],"product_tag":[],"class_list":{"0":"post-54820","1":"product","2":"type-product","3":"status-publish","4":"has-post-thumbnail","6":"product_cat-femenino","8":"first","9":"instock","10":"shipping-taxable","11":"purchasable","12":"product-type-simple"},"_links":{"self":[{"href":"https:\/\/brandss.com.py\/index\/wp-json\/wp\/v2\/product\/54820","targetHints":{"allow":["GET"]}}],"collection":[{"href":"https:\/\/brandss.com.py\/index\/wp-json\/wp\/v2\/product"}],"about":[{"href":"https:\/\/brandss.com.py\/index\/wp-json\/wp\/v2\/types\/product"}],"replies":[{"embeddable":true,"href":"https:\/\/brandss.com.py\/index\/wp-json\/wp\/v2\/comments?post=54820"}],"version-history":[{"count":1,"href":"https:\/\/brandss.com.py\/index\/wp-json\/wp\/v2\/product\/54820\/revisions"}],"predecessor-version":[{"id":54826,"href":"https:\/\/brandss.com.py\/index\/wp-json\/wp\/v2\/product\/54820\/revisions\/54826"}],"wp:featuredmedia":[{"embeddable":true,"href":"https:\/\/brandss.com.py\/index\/wp-json\/wp\/v2\/media\/54821"}],"wp:attachment":[{"href":"https:\/\/brandss.com.py\/index\/wp-json\/wp\/v2\/media?parent=54820"}],"wp:term":[{"taxonomy":"product_brand","embeddable":true,"href":"https:\/\/brandss.com.py\/index\/wp-json\/wp\/v2\/product_brand?post=54820"},{"taxonomy":"product_cat","embeddable":true,"href":"https:\/\/brandss.com.py\/index\/wp-json\/wp\/v2\/product_cat?post=54820"},{"taxonomy":"product_tag","embeddable":true,"href":"https:\/\/brandss.com.py\/index\/wp-json\/wp\/v2\/product_tag?post=54820"}],"curies":[{"name":"wp","href":"https:\/\/api.w.org\/{rel}","templated":true}]}}