{"id":54838,"date":"2024-07-25T19:18:42","date_gmt":"2024-07-25T19:18:42","guid":{"rendered":"https:\/\/brandss.com.py\/index\/?post_type=product&#038;p=54838"},"modified":"2025-06-03T10:33:30","modified_gmt":"2025-06-03T10:33:30","slug":"camisa-femenino-diesel-c-cross-fl-mangas-largas","status":"publish","type":"product","link":"https:\/\/brandss.com.py\/index\/producto\/camisa-femenino-diesel-c-cross-fl-mangas-largas\/","title":{"rendered":"CAMISA FEMENINO DIESEL C-CROSS-FL MANGAS LARGAS"},"content":{"rendered":"<p><img loading=\"lazy\" decoding=\"async\" class=\"\" src=\"https:\/\/static.vecteezy.com\/system\/resources\/previews\/023\/599\/736\/original\/diesel-logo-brand-symbol-with-name-black-design-luxury-clothes-fashion-illustration-free-vector.jpg\" alt=\"diesel logo marca s\u00edmbolo con nombre negro dise\u00f1o lujo ropa Moda vector  ilustraci\u00f3n 23599736 Vector en Vecteezy\" width=\"101\" height=\"82\" \/><\/p>\n<h1>C-CROSS-FL<\/h1>\n<p><span>Camisa &#8216;S-Cross&#8217; multicolor de Diesel. Confeccionada en algod\u00f3n procedente de granjas sostenibles con una silueta oversize, este modelo presenta un estampado de cuadros por toda la prenda, cierres a presi\u00f3n de metal en tono plateado, dos bolsillos con solapa y botones a presi\u00f3n en el pecho, un cuello en contraste en denim gris y mangas largas con pu\u00f1os abotonados.<\/span><\/p>\n<h4>DETALLES:<\/h4>\n<p><strong>Marca:<\/strong> DIESEL<\/p>\n<p><strong>Modelo:<\/strong> A05323-0ICZA<\/p>\n<p><strong>G\u00e9nero:<\/strong> Femenino.<\/p>\n<p><strong>Color:<\/strong> Multicolor<\/p>\n<p><strong>Composici\u00f3n:<\/strong> <span>100% algod\u00f3n<\/span><\/p>\n","protected":false},"excerpt":{"rendered":"<p>C-CROSS-FL Camisa &#8216;S-Cross&#8217; multicolor de Diesel. Confeccionada en algod\u00f3n procedente de granjas sostenibles con una silueta oversize, este modelo presenta<\/p>\n","protected":false},"featured_media":54839,"comment_status":"open","ping_status":"closed","template":"","meta":{"nf_dc_page":""},"product_brand":[],"product_cat":[73],"product_tag":[],"class_list":{"0":"post-54838","1":"product","2":"type-product","3":"status-publish","4":"has-post-thumbnail","6":"product_cat-femenino","8":"first","9":"instock","10":"shipping-taxable","11":"purchasable","12":"product-type-simple"},"_links":{"self":[{"href":"https:\/\/brandss.com.py\/index\/wp-json\/wp\/v2\/product\/54838","targetHints":{"allow":["GET"]}}],"collection":[{"href":"https:\/\/brandss.com.py\/index\/wp-json\/wp\/v2\/product"}],"about":[{"href":"https:\/\/brandss.com.py\/index\/wp-json\/wp\/v2\/types\/product"}],"replies":[{"embeddable":true,"href":"https:\/\/brandss.com.py\/index\/wp-json\/wp\/v2\/comments?post=54838"}],"version-history":[{"count":1,"href":"https:\/\/brandss.com.py\/index\/wp-json\/wp\/v2\/product\/54838\/revisions"}],"predecessor-version":[{"id":54845,"href":"https:\/\/brandss.com.py\/index\/wp-json\/wp\/v2\/product\/54838\/revisions\/54845"}],"wp:featuredmedia":[{"embeddable":true,"href":"https:\/\/brandss.com.py\/index\/wp-json\/wp\/v2\/media\/54839"}],"wp:attachment":[{"href":"https:\/\/brandss.com.py\/index\/wp-json\/wp\/v2\/media?parent=54838"}],"wp:term":[{"taxonomy":"product_brand","embeddable":true,"href":"https:\/\/brandss.com.py\/index\/wp-json\/wp\/v2\/product_brand?post=54838"},{"taxonomy":"product_cat","embeddable":true,"href":"https:\/\/brandss.com.py\/index\/wp-json\/wp\/v2\/product_cat?post=54838"},{"taxonomy":"product_tag","embeddable":true,"href":"https:\/\/brandss.com.py\/index\/wp-json\/wp\/v2\/product_tag?post=54838"}],"curies":[{"name":"wp","href":"https:\/\/api.w.org\/{rel}","templated":true}]}}