{"id":54848,"date":"2024-07-26T11:24:13","date_gmt":"2024-07-26T11:24:13","guid":{"rendered":"https:\/\/brandss.com.py\/index\/?post_type=product&#038;p=54848"},"modified":"2025-04-24T10:30:39","modified_gmt":"2025-04-24T10:30:39","slug":"camisa-masculino-diesel-s-plan-b-new-mangas-largas","status":"publish","type":"product","link":"https:\/\/brandss.com.py\/index\/producto\/camisa-masculino-diesel-s-plan-b-new-mangas-largas\/","title":{"rendered":"CAMISA MASCULINO DIESEL S-PLAN-B NEW MANGAS LARGAS"},"content":{"rendered":"<p><img loading=\"lazy\" decoding=\"async\" class=\"\" src=\"https:\/\/static.vecteezy.com\/system\/resources\/previews\/023\/599\/736\/original\/diesel-logo-brand-symbol-with-name-black-design-luxury-clothes-fashion-illustration-free-vector.jpg\" alt=\"diesel logo marca s\u00edmbolo con nombre negro dise\u00f1o lujo ropa Moda vector  ilustraci\u00f3n 23599736 Vector en Vecteezy\" width=\"79\" height=\"64\" \/><\/p>\n<h1>S-PLAN-B NEW<\/h1>\n<p><span>Camisa vaquera confeccionada en lino lavado claro, con canes\u00fa puntiagudo y cierres con botones a presi\u00f3n. Personalizada en el lateral con un parche Mohawk cuadrado. Cierre y pu\u00f1os con botones a presi\u00f3n. Dobladillo redondeado.<\/span><\/p>\n<h3>DETALLES<\/h3>\n<p><strong>Marca:<\/strong> DIESEL<\/p>\n<p><strong>Modelo:<\/strong> 00SGNS-0EAVG-9XX<\/p>\n<p><strong>G\u00e9nero:<\/strong> Masculino.<\/p>\n<p><strong>Color:<\/strong> Negro<\/p>\n<p><strong>Composici\u00f3n:<\/strong><span>\u00a0100 % lino<\/span><\/p>\n","protected":false},"excerpt":{"rendered":"<p>S-PLAN-B NEW Camisa vaquera confeccionada en lino lavado claro, con canes\u00fa puntiagudo y cierres con botones a presi\u00f3n. Personalizada en<\/p>\n","protected":false},"featured_media":54849,"comment_status":"open","ping_status":"closed","template":"","meta":{"nf_dc_page":""},"product_brand":[],"product_cat":[76],"product_tag":[],"class_list":{"0":"post-54848","1":"product","2":"type-product","3":"status-publish","4":"has-post-thumbnail","6":"product_cat-masculino","8":"first","9":"instock","10":"shipping-taxable","11":"purchasable","12":"product-type-simple"},"_links":{"self":[{"href":"https:\/\/brandss.com.py\/index\/wp-json\/wp\/v2\/product\/54848","targetHints":{"allow":["GET"]}}],"collection":[{"href":"https:\/\/brandss.com.py\/index\/wp-json\/wp\/v2\/product"}],"about":[{"href":"https:\/\/brandss.com.py\/index\/wp-json\/wp\/v2\/types\/product"}],"replies":[{"embeddable":true,"href":"https:\/\/brandss.com.py\/index\/wp-json\/wp\/v2\/comments?post=54848"}],"version-history":[{"count":1,"href":"https:\/\/brandss.com.py\/index\/wp-json\/wp\/v2\/product\/54848\/revisions"}],"predecessor-version":[{"id":54855,"href":"https:\/\/brandss.com.py\/index\/wp-json\/wp\/v2\/product\/54848\/revisions\/54855"}],"wp:featuredmedia":[{"embeddable":true,"href":"https:\/\/brandss.com.py\/index\/wp-json\/wp\/v2\/media\/54849"}],"wp:attachment":[{"href":"https:\/\/brandss.com.py\/index\/wp-json\/wp\/v2\/media?parent=54848"}],"wp:term":[{"taxonomy":"product_brand","embeddable":true,"href":"https:\/\/brandss.com.py\/index\/wp-json\/wp\/v2\/product_brand?post=54848"},{"taxonomy":"product_cat","embeddable":true,"href":"https:\/\/brandss.com.py\/index\/wp-json\/wp\/v2\/product_cat?post=54848"},{"taxonomy":"product_tag","embeddable":true,"href":"https:\/\/brandss.com.py\/index\/wp-json\/wp\/v2\/product_tag?post=54848"}],"curies":[{"name":"wp","href":"https:\/\/api.w.org\/{rel}","templated":true}]}}