{"id":54856,"date":"2024-07-26T12:18:07","date_gmt":"2024-07-26T12:18:07","guid":{"rendered":"https:\/\/brandss.com.py\/index\/?post_type=product&#038;p=54856"},"modified":"2025-05-03T10:39:26","modified_gmt":"2025-05-03T10:39:26","slug":"camisa-masculino-diesel-s-james-b-mangas-largas","status":"publish","type":"product","link":"https:\/\/brandss.com.py\/index\/producto\/camisa-masculino-diesel-s-james-b-mangas-largas\/","title":{"rendered":"CAMISA MASCULINO DIESEL S-JAMES-B MANGAS LARGAS"},"content":{"rendered":"<p><img loading=\"lazy\" decoding=\"async\" class=\"\" src=\"https:\/\/static.vecteezy.com\/system\/resources\/previews\/023\/599\/736\/original\/diesel-logo-brand-symbol-with-name-black-design-luxury-clothes-fashion-illustration-free-vector.jpg\" alt=\"diesel logo marca s\u00edmbolo con nombre negro dise\u00f1o lujo ropa Moda vector  ilustraci\u00f3n 23599736 Vector en Vecteezy\" width=\"76\" height=\"62\" \/><\/p>\n<h1>S-JAMES-B<\/h1>\n<div><span>Esta camisa de corte regular est\u00e1 confeccionada en tela Oxford de algod\u00f3n compacto confeccionada en Italia. Est\u00e1 adornada con una etiqueta con el logotipo de Mohawk en el bolsillo de parche del pecho izquierdo.<\/span><\/div>\n<ul>\n<li><span>Ajuste regular<\/span><\/li>\n<li><span>Cierre con botones<\/span><\/li>\n<li><span>Cuello abotonado<\/span><\/li>\n<li><span>Bolsillo en el pecho<\/span><\/li>\n<li><span>Pu\u00f1os abotonados<\/span><\/li>\n<\/ul>\n<h4>DETALLES:<\/h4>\n<p><strong>Marca:<\/strong> DIESEL<\/p>\n<p><strong>Modelo:<\/strong> 00SD7W-0TAXY<\/p>\n<p><strong>G\u00e9nero:<\/strong> Masculino<\/p>\n<p><strong>Color:<\/strong> Azul claro<\/p>\n<p><strong>Composici\u00f3n:<\/strong> 100 % Algod\u00f3n<\/p>\n","protected":false},"excerpt":{"rendered":"<p>S-JAMES-B Esta camisa de corte regular est\u00e1 confeccionada en tela Oxford de algod\u00f3n compacto confeccionada en Italia. Est\u00e1 adornada con<\/p>\n","protected":false},"featured_media":54857,"comment_status":"open","ping_status":"closed","template":"","meta":{"nf_dc_page":""},"product_brand":[],"product_cat":[76],"product_tag":[],"class_list":{"0":"post-54856","1":"product","2":"type-product","3":"status-publish","4":"has-post-thumbnail","6":"product_cat-masculino","8":"first","9":"instock","10":"shipping-taxable","11":"purchasable","12":"product-type-simple"},"_links":{"self":[{"href":"https:\/\/brandss.com.py\/index\/wp-json\/wp\/v2\/product\/54856","targetHints":{"allow":["GET"]}}],"collection":[{"href":"https:\/\/brandss.com.py\/index\/wp-json\/wp\/v2\/product"}],"about":[{"href":"https:\/\/brandss.com.py\/index\/wp-json\/wp\/v2\/types\/product"}],"replies":[{"embeddable":true,"href":"https:\/\/brandss.com.py\/index\/wp-json\/wp\/v2\/comments?post=54856"}],"version-history":[{"count":1,"href":"https:\/\/brandss.com.py\/index\/wp-json\/wp\/v2\/product\/54856\/revisions"}],"predecessor-version":[{"id":54862,"href":"https:\/\/brandss.com.py\/index\/wp-json\/wp\/v2\/product\/54856\/revisions\/54862"}],"wp:featuredmedia":[{"embeddable":true,"href":"https:\/\/brandss.com.py\/index\/wp-json\/wp\/v2\/media\/54857"}],"wp:attachment":[{"href":"https:\/\/brandss.com.py\/index\/wp-json\/wp\/v2\/media?parent=54856"}],"wp:term":[{"taxonomy":"product_brand","embeddable":true,"href":"https:\/\/brandss.com.py\/index\/wp-json\/wp\/v2\/product_brand?post=54856"},{"taxonomy":"product_cat","embeddable":true,"href":"https:\/\/brandss.com.py\/index\/wp-json\/wp\/v2\/product_cat?post=54856"},{"taxonomy":"product_tag","embeddable":true,"href":"https:\/\/brandss.com.py\/index\/wp-json\/wp\/v2\/product_tag?post=54856"}],"curies":[{"name":"wp","href":"https:\/\/api.w.org\/{rel}","templated":true}]}}