{"id":54864,"date":"2024-07-26T12:52:28","date_gmt":"2024-07-26T12:52:28","guid":{"rendered":"https:\/\/brandss.com.py\/index\/?post_type=product&#038;p=54864"},"modified":"2025-06-16T18:48:08","modified_gmt":"2025-06-16T18:48:08","slug":"camisa-masculino-diesel-s-morris-mangas-largas","status":"publish","type":"product","link":"https:\/\/brandss.com.py\/index\/producto\/camisa-masculino-diesel-s-morris-mangas-largas\/","title":{"rendered":"CAMISA MASCULINO DIESEL S-MORRIS MANGAS LARGAS"},"content":{"rendered":"<p><img loading=\"lazy\" decoding=\"async\" class=\"\" src=\"https:\/\/static.vecteezy.com\/system\/resources\/previews\/023\/599\/736\/original\/diesel-logo-brand-symbol-with-name-black-design-luxury-clothes-fashion-illustration-free-vector.jpg\" alt=\"diesel logo marca s\u00edmbolo con nombre negro dise\u00f1o lujo ropa Moda vector  ilustraci\u00f3n 23599736 Vector en Vecteezy\" width=\"88\" height=\"72\" \/><\/p>\n<h1>S-MORRIS<\/h1>\n<p><span>Esta camisa de algod\u00f3n, de corte regular, combina un patchwork tonal de cuadros te\u00f1idos en hilo con un estampado gr\u00e1fico brillante en la espalda. Un ciclo de lavado a la piedra y tratamientos de pulido en los bordes crean un acabado sutilmente desgastado.<\/span><\/p>\n<h4>\n<span>Caracter\u00edsticas:<\/span><\/h4>\n<p><span>&#8211; Corte regular<\/span><br \/>\n<span>&#8211; Cierre de botones<\/span><br \/>\n<span>&#8211; Pu\u00f1os abotonados<\/span><br \/>\n<span>&#8211; Manga larga<\/span><\/p>\n<h4>DETALLES:<\/h4>\n<p><strong>Marca:<\/strong> DIESEL<\/p>\n<p><strong>Modelo:<\/strong> A01811 0BDAE<\/p>\n<p><strong>G\u00e9nero:<\/strong> Masculino<\/p>\n<p><strong>Color:<\/strong> Multicolor<\/p>\n<p><span><strong>Composici\u00f3n:<\/strong> 100 % algod\u00f3n<\/span><\/p>\n","protected":false},"excerpt":{"rendered":"<p>S-MORRIS Esta camisa de algod\u00f3n, de corte regular, combina un patchwork tonal de cuadros te\u00f1idos en hilo con un estampado<\/p>\n","protected":false},"featured_media":54865,"comment_status":"open","ping_status":"closed","template":"","meta":{"nf_dc_page":""},"product_brand":[],"product_cat":[76],"product_tag":[],"class_list":{"0":"post-54864","1":"product","2":"type-product","3":"status-publish","4":"has-post-thumbnail","6":"product_cat-masculino","8":"first","9":"instock","10":"shipping-taxable","11":"purchasable","12":"product-type-simple"},"_links":{"self":[{"href":"https:\/\/brandss.com.py\/index\/wp-json\/wp\/v2\/product\/54864","targetHints":{"allow":["GET"]}}],"collection":[{"href":"https:\/\/brandss.com.py\/index\/wp-json\/wp\/v2\/product"}],"about":[{"href":"https:\/\/brandss.com.py\/index\/wp-json\/wp\/v2\/types\/product"}],"replies":[{"embeddable":true,"href":"https:\/\/brandss.com.py\/index\/wp-json\/wp\/v2\/comments?post=54864"}],"version-history":[{"count":1,"href":"https:\/\/brandss.com.py\/index\/wp-json\/wp\/v2\/product\/54864\/revisions"}],"predecessor-version":[{"id":54870,"href":"https:\/\/brandss.com.py\/index\/wp-json\/wp\/v2\/product\/54864\/revisions\/54870"}],"wp:featuredmedia":[{"embeddable":true,"href":"https:\/\/brandss.com.py\/index\/wp-json\/wp\/v2\/media\/54865"}],"wp:attachment":[{"href":"https:\/\/brandss.com.py\/index\/wp-json\/wp\/v2\/media?parent=54864"}],"wp:term":[{"taxonomy":"product_brand","embeddable":true,"href":"https:\/\/brandss.com.py\/index\/wp-json\/wp\/v2\/product_brand?post=54864"},{"taxonomy":"product_cat","embeddable":true,"href":"https:\/\/brandss.com.py\/index\/wp-json\/wp\/v2\/product_cat?post=54864"},{"taxonomy":"product_tag","embeddable":true,"href":"https:\/\/brandss.com.py\/index\/wp-json\/wp\/v2\/product_tag?post=54864"}],"curies":[{"name":"wp","href":"https:\/\/api.w.org\/{rel}","templated":true}]}}