{"id":54910,"date":"2024-07-26T18:28:07","date_gmt":"2024-07-26T18:28:07","guid":{"rendered":"https:\/\/brandss.com.py\/index\/?post_type=product&#038;p=54910"},"modified":"2025-10-16T19:17:03","modified_gmt":"2025-10-16T19:17:03","slug":"pantuflas-unisex-tchibo-haussechurehe","status":"publish","type":"product","link":"https:\/\/brandss.com.py\/index\/producto\/pantuflas-unisex-tchibo-haussechurehe\/","title":{"rendered":"CALZADO CASUAL UNISEX TCHIBO PANTUFLAS HAUSSECHUREHE"},"content":{"rendered":"<p><img loading=\"lazy\" decoding=\"async\" class=\"\" src=\"https:\/\/1000logos.net\/wp-content\/uploads\/2021\/03\/Tchibo-logo.png\" alt=\"Tchibo Logo and symbol, meaning, history, PNG\" width=\"71\" height=\"48\" \/><\/p>\n<p>Pantuflas de estar por casa\u00a0 Tchibo estas zapatillas son un fant\u00e1stico regalo, incluso si el destinatario eres t\u00fa.<\/p>\n<p>Puntera redonda<br \/>\nEstilo sin cordones<br \/>\nTecnolog\u00eda de espuma de memoria<br \/>\nSuela antideslizante<br \/>\nPatr\u00f3n de vacaciones<br \/>\nPoli\u00e9ster, algod\u00f3n, ray\u00f3n<\/p>\n<p><strong>Color:<\/strong> cuadros vino azul-crema<\/p>\n<p><strong>Material:<\/strong> material superior 64% poli\u00e9ster, 36% algod\u00f3n Forro 100% poli\u00e9ster Suela 100% elast\u00f3meros termopl\u00e1sticos (goma termopl\u00e1stica) suave forro de peluche.<\/p>\n<p>Suela de perfil ligero<\/p>\n","protected":false},"excerpt":{"rendered":"<p>Pantuflas de estar por casa\u00a0 Tchibo estas zapatillas son un fant\u00e1stico regalo, incluso si el destinatario eres t\u00fa. Puntera redonda<\/p>\n","protected":false},"featured_media":54911,"comment_status":"open","ping_status":"closed","template":"","meta":{"nf_dc_page":""},"product_brand":[],"product_cat":[73,76,72],"product_tag":[],"class_list":{"0":"post-54910","1":"product","2":"type-product","3":"status-publish","4":"has-post-thumbnail","6":"product_cat-femenino","7":"product_cat-masculino","8":"product_cat-tchibo","10":"first","11":"instock","12":"shipping-taxable","13":"purchasable","14":"product-type-simple"},"_links":{"self":[{"href":"https:\/\/brandss.com.py\/index\/wp-json\/wp\/v2\/product\/54910","targetHints":{"allow":["GET"]}}],"collection":[{"href":"https:\/\/brandss.com.py\/index\/wp-json\/wp\/v2\/product"}],"about":[{"href":"https:\/\/brandss.com.py\/index\/wp-json\/wp\/v2\/types\/product"}],"replies":[{"embeddable":true,"href":"https:\/\/brandss.com.py\/index\/wp-json\/wp\/v2\/comments?post=54910"}],"version-history":[{"count":2,"href":"https:\/\/brandss.com.py\/index\/wp-json\/wp\/v2\/product\/54910\/revisions"}],"predecessor-version":[{"id":57611,"href":"https:\/\/brandss.com.py\/index\/wp-json\/wp\/v2\/product\/54910\/revisions\/57611"}],"wp:featuredmedia":[{"embeddable":true,"href":"https:\/\/brandss.com.py\/index\/wp-json\/wp\/v2\/media\/54911"}],"wp:attachment":[{"href":"https:\/\/brandss.com.py\/index\/wp-json\/wp\/v2\/media?parent=54910"}],"wp:term":[{"taxonomy":"product_brand","embeddable":true,"href":"https:\/\/brandss.com.py\/index\/wp-json\/wp\/v2\/product_brand?post=54910"},{"taxonomy":"product_cat","embeddable":true,"href":"https:\/\/brandss.com.py\/index\/wp-json\/wp\/v2\/product_cat?post=54910"},{"taxonomy":"product_tag","embeddable":true,"href":"https:\/\/brandss.com.py\/index\/wp-json\/wp\/v2\/product_tag?post=54910"}],"curies":[{"name":"wp","href":"https:\/\/api.w.org\/{rel}","templated":true}]}}