{"id":55236,"date":"2024-08-01T14:01:22","date_gmt":"2024-08-01T14:01:22","guid":{"rendered":"https:\/\/brandss.com.py\/index\/?post_type=product&#038;p=55236"},"modified":"2025-07-14T10:13:47","modified_gmt":"2025-07-14T10:13:47","slug":"pantalon-femenino-tchibo-leggings-strick","status":"publish","type":"product","link":"https:\/\/brandss.com.py\/index\/producto\/pantalon-femenino-tchibo-leggings-strick\/","title":{"rendered":"PANTAL\u00d3N FEMENINO TCHIBO LEGGINGS  STRICK"},"content":{"rendered":"<p><img loading=\"lazy\" decoding=\"async\" class=\"\" src=\"https:\/\/1000logos.net\/wp-content\/uploads\/2021\/03\/Tchibo-logo.png\" alt=\"Tchibo Logo and symbol, meaning, history, PNG\" width=\"93\" height=\"63\" \/><\/p>\n<h1 class=\"tp-display-2 pdp__product-description__headline\" data-v-74bf0554=\"\"><span>Leggings de punto trenzado<\/span><\/h1>\n<div class=\"pdp__product-description__section pdp__product-description__section__facts\" data-v-74bf0554=\"\">\n<div class=\"pdp__product-description__section__items\" data-v-74bf0554=\"\">\n<div class=\"pdp__product-description__key-facts pdp__product-description__section__item\" data-v-74bf0554=\"\">\n<ul class=\"tp-list\" data-v-74bf0554=\"\">\n<li data-v-74bf0554=\"\">Calidad especialmente suave con viscosa.<\/li>\n<li data-v-74bf0554=\"\">Cintura el\u00e1stica c\u00f3moda, sin constricci\u00f3n.<\/li>\n<li data-v-74bf0554=\"\">Pu\u00f1os de canal\u00e9 el\u00e1sticos en los extremos de las piernas.<\/li>\n<li data-v-74bf0554=\"\">Sin molestas costuras laterales<\/li>\n<li data-v-74bf0554=\"\">Patr\u00f3n de punto trenzado en toda la prenda<\/li>\n<li data-v-74bf0554=\"\">Probado contra sustancias nocivas \u2013 por institutos externos acreditados<\/li>\n<\/ul>\n<\/div>\n<\/div>\n<div class=\"pdp__product-description__section__items\" data-v-74bf0554=\"\">\n<div class=\"pdp__product-description__hard-facts pdp__product-description__section__item\" data-v-74bf0554=\"\">\n<dl data-v-74bf0554=\"\">\n<dt data-v-74bf0554=\"\"><\/dt>\n<dt data-v-74bf0554=\"\"><strong>Adaptar<\/strong><\/dt>\n<dt data-v-74bf0554=\"\"><\/dt>\n<dd data-v-74bf0554=\"\">Ajustado<\/dd>\n<\/dl>\n<dl data-v-74bf0554=\"\">\n<dt data-v-74bf0554=\"\"><strong>Color<\/strong><\/dt>\n<dt data-v-74bf0554=\"\"><\/dt>\n<dd data-v-74bf0554=\"\">Azul oscuro<\/dd>\n<\/dl>\n<dl data-v-74bf0554=\"\">\n<dt data-v-74bf0554=\"\"><strong>Material<\/strong><\/dt>\n<dt data-v-74bf0554=\"\"><\/dt>\n<dd data-v-74bf0554=\"\">70% viscosa, 30% poliamida<\/dd>\n<\/dl>\n<dl data-v-74bf0554=\"\">\n<dt data-v-74bf0554=\"\"><strong>Dimensiones<\/strong><\/dt>\n<dt data-v-74bf0554=\"\"><\/dt>\n<dd data-v-74bf0554=\"\">Longitud interior de la pierna aprox. 76 cm.<\/dd>\n<\/dl>\n<div class=\"tp-expansion-panel-header tp-expansion-panel-header--active\" data-v-dc10ea0a=\"\">\n<div class=\"tp-expansion-panel-header-inner\" data-v-dc10ea0a=\"\">\n<div class=\"tp-expansion-panel-header-inner-wrapper\" data-v-dc10ea0a=\"\">\n<div class=\"tp-expansion-panel-header-title\" data-subtitle-nowrap=\"false\" data-v-dc10ea0a=\"\">\n<div data-v-a2abd034=\"\"><strong>Cuidado<\/strong><\/div>\n<div data-v-a2abd034=\"\"><\/div>\n<\/div>\n<\/div>\n<div class=\"tp-icon-button\" data-v-dc10ea0a=\"\" data-v-c599ed2e=\"\"><\/div>\n<\/div>\n<\/div>\n<div class=\"tp-expansion-panel-content\" data-v-419a0bed=\"\">\n<div class=\"tp-expansion-panel-content-inner\" data-v-419a0bed=\"\">\n<div data-v-a2abd034=\"\">\n<div class=\"pdp-productinformation__container\" data-v-a2abd034=\"\">\n<div class=\"pdp-productinformation__logos\" data-v-a2abd034=\"\">\n<div class=\"pdp-productinformation__item pdp-productinformation__item--align-center\" data-v-a2abd034=\"\">\n<div class=\"pdp-productinformation__image\" data-v-a2abd034=\"\">\n<div class=\"tp-image\" data-state=\"srcLoaded\" data-v-a2abd034=\"\" data-v-2a7ab01d=\"\"><img decoding=\"async\" class=\"alignleft\" src=\"https:\/\/www.tchibo.ch\/newmedia\/logo\/e82286ab15e32df0\/pkz19.png\" alt=\"Hierro\" width=\"auto\" height=\"auto\" data-v-2a7ab01d=\"\" \/><\/div>\n<\/div>\n<div class=\"pdp-productinformation__details\" data-v-a2abd034=\"\">\n<div class=\"pdp-productinformation__details__title\" data-v-a2abd034=\"\">Hierro<\/div>\n<div class=\"pdp-productinformation__details__text\" data-v-a2abd034=\"\">Plancha con una temperatura m\u00e1xima de suela de 110\u00b0C.<\/div>\n<\/div>\n<\/div>\n<div class=\"pdp-productinformation__item pdp-productinformation__item--align-center\" data-v-a2abd034=\"\">\n<div class=\"pdp-productinformation__image\" data-v-a2abd034=\"\">\n<div class=\"tp-image\" data-state=\"srcLoaded\" data-v-a2abd034=\"\" data-v-2a7ab01d=\"\"><img decoding=\"async\" class=\"alignleft\" src=\"https:\/\/www.tchibo.ch\/newmedia\/logo\/eb4336ab15e32df0\/pkz17.png\" alt=\"seco\" width=\"auto\" height=\"auto\" data-v-2a7ab01d=\"\" \/><\/div>\n<\/div>\n<div class=\"pdp-productinformation__details\" data-v-a2abd034=\"\">\n<div class=\"pdp-productinformation__details__title\" data-v-a2abd034=\"\">seco<\/div>\n<div class=\"pdp-productinformation__details__text\" data-v-a2abd034=\"\">No secar en secadora ni secar en secadora.<\/div>\n<\/div>\n<\/div>\n<div class=\"pdp-productinformation__item pdp-productinformation__item--align-center\" data-v-a2abd034=\"\">\n<div class=\"pdp-productinformation__image\" data-v-a2abd034=\"\">\n<div class=\"tp-image\" data-state=\"srcLoaded\" data-v-a2abd034=\"\" data-v-2a7ab01d=\"\"><img decoding=\"async\" class=\"alignleft\" src=\"https:\/\/www.tchibo.ch\/newmedia\/logo\/ec3b12bf08629df0\/pkz37.png\" alt=\"Lavar\" width=\"auto\" height=\"auto\" data-v-2a7ab01d=\"\" \/><\/div>\n<\/div>\n<div class=\"pdp-productinformation__details\" data-v-a2abd034=\"\">\n<div class=\"pdp-productinformation__details__title\" data-v-a2abd034=\"\">Lavar<\/div>\n<div class=\"pdp-productinformation__details__text\" data-v-a2abd034=\"\">Ciclo suave a un m\u00e1ximo de 40\u00b0C.<\/div>\n<\/div>\n<\/div>\n<div class=\"pdp-productinformation__item pdp-productinformation__item--align-center\" data-v-a2abd034=\"\">\n<div class=\"pdp-productinformation__image\" data-v-a2abd034=\"\">\n<div class=\"tp-image\" data-state=\"srcLoaded\" data-v-a2abd034=\"\" data-v-2a7ab01d=\"\"><img decoding=\"async\" class=\"alignleft\" src=\"https:\/\/www.tchibo.ch\/newmedia\/logo\/eb41e5c879d29df0\/pkz26.png\" alt=\"Limpieza quimica\" width=\"auto\" height=\"auto\" data-v-2a7ab01d=\"\" \/><\/div>\n<\/div>\n<div class=\"pdp-productinformation__details\" data-v-a2abd034=\"\">\n<div class=\"pdp-productinformation__details__title\" data-v-a2abd034=\"\">Limpieza quimica<\/div>\n<div class=\"pdp-productinformation__details__text\" data-v-a2abd034=\"\">No lavar en seco<\/div>\n<\/div>\n<\/div>\n<div class=\"pdp-productinformation__item pdp-productinformation__item--align-center\" data-v-a2abd034=\"\">\n<div class=\"pdp-productinformation__image\" data-v-a2abd034=\"\">\n<div class=\"tp-image\" data-state=\"srcLoaded\" data-v-a2abd034=\"\" data-v-2a7ab01d=\"\"><img decoding=\"async\" class=\"alignleft\" src=\"https:\/\/www.tchibo.ch\/newmedia\/logo\/eeeb16ab15e32df0\/pkz02.png\" alt=\"blanqueamiento\" width=\"auto\" height=\"auto\" data-v-2a7ab01d=\"\" \/><\/div>\n<\/div>\n<div class=\"pdp-productinformation__details\" data-v-a2abd034=\"\">\n<div class=\"pdp-productinformation__details__title\" data-v-a2abd034=\"\">blanqueamiento<\/div>\n<div class=\"pdp-productinformation__details__text\" data-v-a2abd034=\"\">No usa blanqueador<\/div>\n<\/div>\n<\/div>\n<\/div>\n<div class=\"pdp-productinformation__bulletpoints\" data-v-a2abd034=\"\">\n<p class=\"pdp-productinformation__bulletpoints__headline\" data-v-a2abd034=\"\"><strong data-v-a2abd034=\"\">M\u00e1s instrucciones de cuidado<\/strong><\/p>\n<ul class=\"tp-list pdp-productinformation__bulletpoints__items\" data-v-a2abd034=\"\">\n<li data-v-a2abd034=\"\">Detergente suave<\/li>\n<li data-v-a2abd034=\"\">Acostado en seco<\/li>\n<li data-v-a2abd034=\"\">Ponte en forma despu\u00e9s del lavado.<\/li>\n<\/ul>\n<p>&nbsp;<\/p>\n<div class=\"tp-expansion-panel-header tp-expansion-panel-header--active\" data-v-dc10ea0a=\"\">\n<div class=\"tp-expansion-panel-header-inner\" data-v-dc10ea0a=\"\">\n<div class=\"tp-expansion-panel-header-inner-wrapper\" data-v-dc10ea0a=\"\">\n<div class=\"tp-expansion-panel-header-title\" data-subtitle-nowrap=\"false\" data-v-dc10ea0a=\"\">\n<div data-v-00f62678=\"\"><strong>Calidad<\/strong><\/div>\n<\/div>\n<\/div>\n<div class=\"tp-icon-button\" data-v-dc10ea0a=\"\" data-v-c599ed2e=\"\"><\/div>\n<\/div>\n<\/div>\n<div class=\"tp-expansion-panel-content\" data-v-419a0bed=\"\">\n<div class=\"tp-expansion-panel-content-inner\" data-v-419a0bed=\"\">\n<div data-v-00f62678=\"\">\n<div class=\"pdp-productinformation-logos__container\" data-v-00f62678=\"\">\n<div class=\"pdp-productinformation-logos__item\" data-v-00f62678=\"\">\n<div class=\"pdp-productinformation-logos__image\" data-v-00f62678=\"\">\n<div class=\"tp-image\" data-state=\"srcLoaded\" data-v-00f62678=\"\" data-v-2a7ab01d=\"\"><img decoding=\"async\" src=\"https:\/\/www.tchibo.ch\/newmedia\/logo\/4e\/d9\/46d8fa5b0ae9\/31bbbaee347e5f6f\/tcm102.gif\" alt=\"Nota de calidad\" width=\"auto\" height=\"auto\" data-v-2a7ab01d=\"\" \/><\/div>\n<\/div>\n<div class=\"pdp-productinformation-logos__details\" data-v-00f62678=\"\">\n<div class=\"pdp-productinformation-logos__title\" data-v-00f62678=\"\"><span>Nota de calidad<\/span><\/div>\n<div class=\"pdp-productinformation-logos__text\" data-v-00f62678=\"\"><span>El sello de calidad TCM es sin\u00f3nimo de excelente calidad del producto.<\/span><\/div>\n<\/div>\n<\/div>\n<\/div>\n<\/div>\n<\/div>\n<\/div>\n<\/div>\n<\/div>\n<\/div>\n<\/div>\n<\/div>\n<\/div>\n<\/div>\n<\/div>\n","protected":false},"excerpt":{"rendered":"<p>Leggings de punto trenzado Calidad especialmente suave con viscosa. Cintura el\u00e1stica c\u00f3moda, sin constricci\u00f3n. Pu\u00f1os de canal\u00e9 el\u00e1sticos en los<\/p>\n","protected":false},"featured_media":55238,"comment_status":"open","ping_status":"closed","template":"","meta":{"nf_dc_page":""},"product_brand":[],"product_cat":[73,72],"product_tag":[],"class_list":{"0":"post-55236","1":"product","2":"type-product","3":"status-publish","4":"has-post-thumbnail","6":"product_cat-femenino","7":"product_cat-tchibo","9":"first","10":"instock","11":"shipping-taxable","12":"purchasable","13":"product-type-simple"},"_links":{"self":[{"href":"https:\/\/brandss.com.py\/index\/wp-json\/wp\/v2\/product\/55236","targetHints":{"allow":["GET"]}}],"collection":[{"href":"https:\/\/brandss.com.py\/index\/wp-json\/wp\/v2\/product"}],"about":[{"href":"https:\/\/brandss.com.py\/index\/wp-json\/wp\/v2\/types\/product"}],"replies":[{"embeddable":true,"href":"https:\/\/brandss.com.py\/index\/wp-json\/wp\/v2\/comments?post=55236"}],"version-history":[{"count":1,"href":"https:\/\/brandss.com.py\/index\/wp-json\/wp\/v2\/product\/55236\/revisions"}],"predecessor-version":[{"id":55239,"href":"https:\/\/brandss.com.py\/index\/wp-json\/wp\/v2\/product\/55236\/revisions\/55239"}],"wp:featuredmedia":[{"embeddable":true,"href":"https:\/\/brandss.com.py\/index\/wp-json\/wp\/v2\/media\/55238"}],"wp:attachment":[{"href":"https:\/\/brandss.com.py\/index\/wp-json\/wp\/v2\/media?parent=55236"}],"wp:term":[{"taxonomy":"product_brand","embeddable":true,"href":"https:\/\/brandss.com.py\/index\/wp-json\/wp\/v2\/product_brand?post=55236"},{"taxonomy":"product_cat","embeddable":true,"href":"https:\/\/brandss.com.py\/index\/wp-json\/wp\/v2\/product_cat?post=55236"},{"taxonomy":"product_tag","embeddable":true,"href":"https:\/\/brandss.com.py\/index\/wp-json\/wp\/v2\/product_tag?post=55236"}],"curies":[{"name":"wp","href":"https:\/\/api.w.org\/{rel}","templated":true}]}}