{"id":55645,"date":"2024-08-06T15:15:54","date_gmt":"2024-08-06T15:15:54","guid":{"rendered":"https:\/\/brandss.com.py\/index\/?post_type=product&#038;p=55645"},"modified":"2025-08-16T19:18:58","modified_gmt":"2025-08-16T19:18:58","slug":"mono-corto-femenino-tchibo-jump-suit","status":"publish","type":"product","link":"https:\/\/brandss.com.py\/index\/producto\/mono-corto-femenino-tchibo-jump-suit\/","title":{"rendered":"MONO CORTO FEMENINO TCHIBO  JUMP SUIT"},"content":{"rendered":"<p><img loading=\"lazy\" decoding=\"async\" class=\"\" src=\"https:\/\/1000logos.net\/wp-content\/uploads\/2021\/03\/Tchibo-logo.png\" alt=\"Tchibo Logo and symbol, meaning, history, PNG\" width=\"85\" height=\"57\" \/><\/p>\n<h1 class=\"tp-display-2 pdp__product-description__headline\" data-v-74bf0554=\"\"><span>Mono corto confeccionado en mezcla de lino<\/span><\/h1>\n<p class=\"tp-footnote\" data-v-74bf0554=\"\">\n<div class=\"pdp__product-description__section pdp__product-description__section__facts\" data-v-74bf0554=\"\">\n<div class=\"pdp__product-description__section__items\" data-v-74bf0554=\"\">\n<div class=\"pdp__product-description__key-facts pdp__product-description__section__item\" data-v-74bf0554=\"\">\n<ul class=\"tp-list\" data-v-74bf0554=\"\">\n<li data-v-74bf0554=\"\">Suave calidad de lino y viscosa.<\/li>\n<li data-v-74bf0554=\"\">Cord\u00f3n con lazo a la altura de la cintura.<\/li>\n<li data-v-74bf0554=\"\">Bolsillos laterales delanteros<\/li>\n<li data-v-74bf0554=\"\">Tira de botones en la zona del pecho.<\/li>\n<li data-v-74bf0554=\"\">Mangas cortas con hombros ca\u00eddos.<\/li>\n<li data-v-74bf0554=\"\">Cuello de solapa<\/li>\n<li data-v-74bf0554=\"\">Probado contra sustancias nocivas \u2013 por institutos externos acreditados<\/li>\n<\/ul>\n<\/div>\n<\/div>\n<div class=\"pdp__product-description__section__items\" data-v-74bf0554=\"\">\n<div class=\"pdp__product-description__hard-facts pdp__product-description__section__item\" data-v-74bf0554=\"\">\n<dl data-v-74bf0554=\"\">\n<dt data-v-74bf0554=\"\"><strong>Adaptar<\/strong><\/dt>\n<\/dl>\n<p>&nbsp;<\/p>\n<dl data-v-74bf0554=\"\">\n<dd data-v-74bf0554=\"\">Ajuste c\u00f3modo<\/dd>\n<\/dl>\n<dl data-v-74bf0554=\"\">\n<dt data-v-74bf0554=\"\"><strong>Color<\/strong><\/dt>\n<dt data-v-74bf0554=\"\"><\/dt>\n<dd data-v-74bf0554=\"\">Marr\u00f3n rojizo<\/dd>\n<\/dl>\n<dl data-v-74bf0554=\"\">\n<dt data-v-74bf0554=\"\"><strong>Material<\/strong><\/dt>\n<dt data-v-74bf0554=\"\"><\/dt>\n<dd data-v-74bf0554=\"\">55% lino, 45% viscosa (LENZING\u2122 ECOVERO\u2122)<\/dd>\n<\/dl>\n<dl data-v-74bf0554=\"\">\n<dt data-v-74bf0554=\"\"><strong>Dimensiones<\/strong><\/dt>\n<dt data-v-74bf0554=\"\"><\/dt>\n<dd data-v-74bf0554=\"\">Longitud interior de la pierna aprox. 8 cm.<\/dd>\n<\/dl>\n<div class=\"tp-expansion-panel-header tp-expansion-panel-header--active\" data-v-dc10ea0a=\"\">\n<div class=\"tp-expansion-panel-header-inner\" data-v-dc10ea0a=\"\">\n<div class=\"tp-expansion-panel-header-inner-wrapper\" data-v-dc10ea0a=\"\">\n<div class=\"tp-expansion-panel-header-title\" data-subtitle-nowrap=\"false\" data-v-dc10ea0a=\"\">\n<div data-v-a2abd034=\"\"><strong>Cuidado<\/strong><\/div>\n<div data-v-a2abd034=\"\"><\/div>\n<\/div>\n<\/div>\n<div class=\"tp-icon-button\" data-v-dc10ea0a=\"\" data-v-c599ed2e=\"\"><\/div>\n<\/div>\n<\/div>\n<div class=\"tp-expansion-panel-content\" data-v-419a0bed=\"\">\n<div class=\"tp-expansion-panel-content-inner\" data-v-419a0bed=\"\">\n<div data-v-a2abd034=\"\">\n<div class=\"pdp-productinformation__container\" data-v-a2abd034=\"\">\n<div class=\"pdp-productinformation__logos\" data-v-a2abd034=\"\">\n<div class=\"pdp-productinformation__item pdp-productinformation__item--align-center\" data-v-a2abd034=\"\">\n<div class=\"pdp-productinformation__image\" data-v-a2abd034=\"\">\n<div class=\"tp-image\" data-state=\"srcLoaded\" data-v-a2abd034=\"\" data-v-2a7ab01d=\"\"><img decoding=\"async\" class=\"alignleft\" src=\"https:\/\/www.eduscho.at\/newmedia\/logo\/e5aaa6af08629df0\/pkz34.png\" alt=\"Lavar\" width=\"auto\" height=\"auto\" data-v-2a7ab01d=\"\" \/><\/div>\n<\/div>\n<div class=\"pdp-productinformation__details\" data-v-a2abd034=\"\">\n<div class=\"pdp-productinformation__details__title\" data-v-a2abd034=\"\">Lavar<\/div>\n<div class=\"pdp-productinformation__details__text\" data-v-a2abd034=\"\">Ciclo suave a un m\u00e1ximo de 30\u00b0C.<\/div>\n<\/div>\n<\/div>\n<div class=\"pdp-productinformation__item pdp-productinformation__item--align-center\" data-v-a2abd034=\"\">\n<div class=\"pdp-productinformation__image\" data-v-a2abd034=\"\">\n<div class=\"tp-image\" data-state=\"srcLoaded\" data-v-a2abd034=\"\" data-v-2a7ab01d=\"\"><img decoding=\"async\" class=\"alignleft\" src=\"https:\/\/www.eduscho.at\/newmedia\/logo\/eafaa6ab15e32df0\/pkz17.png\" alt=\"seco\" width=\"auto\" height=\"auto\" data-v-2a7ab01d=\"\" \/><\/div>\n<\/div>\n<div class=\"pdp-productinformation__details\" data-v-a2abd034=\"\">\n<div class=\"pdp-productinformation__details__title\" data-v-a2abd034=\"\">Seco<\/div>\n<div class=\"pdp-productinformation__details__text\" data-v-a2abd034=\"\">No secar en secadora ni secar en secadora.<\/div>\n<\/div>\n<\/div>\n<div class=\"pdp-productinformation__item pdp-productinformation__item--align-center\" data-v-a2abd034=\"\">\n<div class=\"pdp-productinformation__image\" data-v-a2abd034=\"\">\n<div class=\"tp-image\" data-state=\"srcLoaded\" data-v-a2abd034=\"\" data-v-2a7ab01d=\"\"><img decoding=\"async\" class=\"alignleft\" src=\"https:\/\/www.eduscho.at\/newmedia\/logo\/eeeb130b19d29df0\/pkz20.png\" alt=\"Hierro\" width=\"auto\" height=\"auto\" data-v-2a7ab01d=\"\" \/><\/div>\n<\/div>\n<div class=\"pdp-productinformation__details\" data-v-a2abd034=\"\">\n<div class=\"pdp-productinformation__details__title\" data-v-a2abd034=\"\">Hierro<\/div>\n<div class=\"pdp-productinformation__details__text\" data-v-a2abd034=\"\">Plancha con una temperatura m\u00e1xima de suela de 150 \u00b0C.<\/div>\n<\/div>\n<\/div>\n<div class=\"pdp-productinformation__item pdp-productinformation__item--align-center\" data-v-a2abd034=\"\">\n<div class=\"pdp-productinformation__image\" data-v-a2abd034=\"\">\n<div class=\"tp-image\" data-state=\"srcLoaded\" data-v-a2abd034=\"\" data-v-2a7ab01d=\"\"><img decoding=\"async\" class=\"alignleft\" src=\"https:\/\/www.eduscho.at\/newmedia\/logo\/eaf445c879d29df0\/pkz26.png\" alt=\"Limpieza quimica\" width=\"auto\" height=\"auto\" data-v-2a7ab01d=\"\" \/><\/div>\n<\/div>\n<div class=\"pdp-productinformation__details\" data-v-a2abd034=\"\">\n<div class=\"pdp-productinformation__details__title\" data-v-a2abd034=\"\">Limpieza quimica<\/div>\n<div class=\"pdp-productinformation__details__text\" data-v-a2abd034=\"\">No lavar en seco<\/div>\n<\/div>\n<\/div>\n<div class=\"pdp-productinformation__item pdp-productinformation__item--align-center\" data-v-a2abd034=\"\">\n<div class=\"pdp-productinformation__image\" data-v-a2abd034=\"\">\n<div class=\"tp-image\" data-state=\"\" data-v-a2abd034=\"\" data-v-2a7ab01d=\"\">&lt;img class=&quot;alignleft&quot; src=&quot;data:;base64,&#8221; alt=&#8221;blanqueamiento&#8221; width=&#8221;auto&#8221; height=&#8221;auto&#8221; data-v-2a7ab01d=&#8221;&#8221; \/&gt;<\/div>\n<\/div>\n<div class=\"pdp-productinformation__details\" data-v-a2abd034=\"\">\n<div class=\"pdp-productinformation__details__title\" data-v-a2abd034=\"\">Blanqueamiento<\/div>\n<div class=\"pdp-productinformation__details__text\" data-v-a2abd034=\"\">No usa blanqueador<\/div>\n<\/div>\n<\/div>\n<\/div>\n<div class=\"pdp-productinformation__bulletpoints\" data-v-a2abd034=\"\">\n<p class=\"pdp-productinformation__bulletpoints__headline\" data-v-a2abd034=\"\"><strong data-v-a2abd034=\"\">M\u00e1s instrucciones de cuidado<\/strong><\/p>\n<ul class=\"tp-list pdp-productinformation__bulletpoints__items\" data-v-a2abd034=\"\">\n<li data-v-a2abd034=\"\">Lavar y planchar del rev\u00e9s.<\/li>\n<li data-v-a2abd034=\"\">Lavar con colores similares<\/li>\n<\/ul>\n<div class=\"tp-expansion-panel-header tp-expansion-panel-header--active\" data-v-dc10ea0a=\"\">\n<div class=\"tp-expansion-panel-header-inner\" data-v-dc10ea0a=\"\">\n<div class=\"tp-expansion-panel-header-inner-wrapper\" data-v-dc10ea0a=\"\">\n<div class=\"tp-expansion-panel-header-title\" data-subtitle-nowrap=\"false\" data-v-dc10ea0a=\"\">\n<div data-v-a2c7e778=\"\"><strong>Lino<\/strong><\/div>\n<\/div>\n<\/div>\n<div class=\"tp-icon-button\" data-v-dc10ea0a=\"\" data-v-c599ed2e=\"\"><\/div>\n<\/div>\n<\/div>\n<div class=\"tp-expansion-panel-content\" data-v-419a0bed=\"\">\n<div class=\"tp-expansion-panel-content-inner\" data-v-419a0bed=\"\">\n<div class=\"TEXT_LEFT_IMAGE_RIGHT\" data-v-a2c7e778=\"\">\n<div class=\"pdp-content-module__container\" data-v-a2c7e778=\"\">\n<div class=\"pdp-content-module__container__left\" data-v-a2c7e778=\"\">\n<p>El lino es una fibra natural especialmente adecuada para los d\u00edas m\u00e1s c\u00e1lidos. La alta absorci\u00f3n de humedad natural crea un clima agradable. Las fibras largas garantizan que el lino no se esponje, pero que sea especialmente resistente y duradero.<\/p>\n<div class=\"tp-expansion-panel-header tp-expansion-panel-header--active\" data-v-dc10ea0a=\"\">\n<div class=\"tp-expansion-panel-header-inner\" data-v-dc10ea0a=\"\">\n<div class=\"tp-expansion-panel-header-inner-wrapper\" data-v-dc10ea0a=\"\">\n<div class=\"tp-expansion-panel-header-title\" data-subtitle-nowrap=\"false\" data-v-dc10ea0a=\"\">\n<div data-v-00f62678=\"\"><strong>Calidad<\/strong><\/div>\n<\/div>\n<\/div>\n<div class=\"tp-icon-button\" data-v-dc10ea0a=\"\" data-v-c599ed2e=\"\"><\/div>\n<\/div>\n<\/div>\n<div class=\"tp-expansion-panel-content\" data-v-419a0bed=\"\">\n<div class=\"tp-expansion-panel-content-inner\" data-v-419a0bed=\"\">\n<div data-v-00f62678=\"\">\n<div class=\"pdp-productinformation-logos__container\" data-v-00f62678=\"\">\n<div class=\"pdp-productinformation-logos__item\" data-v-00f62678=\"\">\n<div class=\"pdp-productinformation-logos__image\" data-v-00f62678=\"\">\n<div class=\"tp-image\" data-state=\"srcLoaded\" data-v-00f62678=\"\" data-v-2a7ab01d=\"\"><img decoding=\"async\" class=\"alignleft\" src=\"https:\/\/www.eduscho.at\/newmedia\/logo\/49\/44\/b8b4739fbae9\/31bbbaee347e5f6f\/tcm102.gif\" alt=\"Nota de calidad\" width=\"auto\" height=\"auto\" data-v-2a7ab01d=\"\" \/><\/div>\n<\/div>\n<div class=\"pdp-productinformation-logos__details\" data-v-00f62678=\"\">\n<div data-v-00f62678=\"\"><\/div>\n<div class=\"pdp-productinformation-logos__title\" data-v-00f62678=\"\"><span>Nota de calidad<\/span><\/div>\n<div class=\"pdp-productinformation-logos__text\" data-v-00f62678=\"\"><span>El sello de calidad TCM es sin\u00f3nimo de excelente calidad del producto.<\/span><\/div>\n<div data-v-00f62678=\"\"><\/div>\n<\/div>\n<\/div>\n<div class=\"pdp-productinformation-logos__item\" data-v-00f62678=\"\">\n<div class=\"pdp-productinformation-logos__image\" data-v-00f62678=\"\">\n<div class=\"tp-image\" data-state=\"srcLoaded\" data-v-00f62678=\"\" data-v-2a7ab01d=\"\"><img decoding=\"async\" src=\"https:\/\/www.eduscho.at\/newmedia\/logo\/aae5a7169f1b0a87\/mar474.png\" alt=\"\" width=\"auto\" height=\"auto\" data-v-2a7ab01d=\"\" \/> LENZING\u2122 y ECOVERO\u2122 son marcas comerciales de Lenzing AG.<\/div>\n<\/div>\n<\/div>\n<\/div>\n<\/div>\n<\/div>\n<\/div>\n<\/div>\n<\/div>\n<\/div>\n<\/div>\n<\/div>\n<\/div>\n<\/div>\n<\/div>\n<\/div>\n<\/div>\n<\/div>\n<\/div>\n<\/div>\n","protected":false},"excerpt":{"rendered":"<p>Mono corto confeccionado en mezcla de lino Suave calidad de lino y viscosa. Cord\u00f3n con lazo a la altura de<\/p>\n","protected":false},"featured_media":55646,"comment_status":"open","ping_status":"closed","template":"","meta":{"nf_dc_page":""},"product_brand":[],"product_cat":[73,72],"product_tag":[],"class_list":{"0":"post-55645","1":"product","2":"type-product","3":"status-publish","4":"has-post-thumbnail","6":"product_cat-femenino","7":"product_cat-tchibo","9":"first","10":"instock","11":"shipping-taxable","12":"purchasable","13":"product-type-simple"},"_links":{"self":[{"href":"https:\/\/brandss.com.py\/index\/wp-json\/wp\/v2\/product\/55645","targetHints":{"allow":["GET"]}}],"collection":[{"href":"https:\/\/brandss.com.py\/index\/wp-json\/wp\/v2\/product"}],"about":[{"href":"https:\/\/brandss.com.py\/index\/wp-json\/wp\/v2\/types\/product"}],"replies":[{"embeddable":true,"href":"https:\/\/brandss.com.py\/index\/wp-json\/wp\/v2\/comments?post=55645"}],"version-history":[{"count":1,"href":"https:\/\/brandss.com.py\/index\/wp-json\/wp\/v2\/product\/55645\/revisions"}],"predecessor-version":[{"id":55649,"href":"https:\/\/brandss.com.py\/index\/wp-json\/wp\/v2\/product\/55645\/revisions\/55649"}],"wp:featuredmedia":[{"embeddable":true,"href":"https:\/\/brandss.com.py\/index\/wp-json\/wp\/v2\/media\/55646"}],"wp:attachment":[{"href":"https:\/\/brandss.com.py\/index\/wp-json\/wp\/v2\/media?parent=55645"}],"wp:term":[{"taxonomy":"product_brand","embeddable":true,"href":"https:\/\/brandss.com.py\/index\/wp-json\/wp\/v2\/product_brand?post=55645"},{"taxonomy":"product_cat","embeddable":true,"href":"https:\/\/brandss.com.py\/index\/wp-json\/wp\/v2\/product_cat?post=55645"},{"taxonomy":"product_tag","embeddable":true,"href":"https:\/\/brandss.com.py\/index\/wp-json\/wp\/v2\/product_tag?post=55645"}],"curies":[{"name":"wp","href":"https:\/\/api.w.org\/{rel}","templated":true}]}}