{"id":55689,"date":"2024-08-07T13:39:14","date_gmt":"2024-08-07T13:39:14","guid":{"rendered":"https:\/\/brandss.com.py\/index\/?post_type=product&#038;p=55689"},"modified":"2025-04-30T17:58:41","modified_gmt":"2025-04-30T17:58:41","slug":"pijama-masculino-tchibo-flanell-camisa-pantalon","status":"publish","type":"product","link":"https:\/\/brandss.com.py\/index\/producto\/pijama-masculino-tchibo-flanell-camisa-pantalon\/","title":{"rendered":"PIJAMA MASCULINO TCHIBO FLANELL CAMISA + PANTAL\u00d3N"},"content":{"rendered":"<p><img loading=\"lazy\" decoding=\"async\" class=\"\" src=\"https:\/\/1000logos.net\/wp-content\/uploads\/2021\/03\/Tchibo-logo.png\" alt=\"Tchibo Logo and symbol, meaning, history, PNG\" width=\"99\" height=\"67\" \/><\/p>\n<h1 class=\"tp-display-2 pdp__product-description__headline\" data-v-74bf0554=\"\"><span>Pijama de franela, azul<\/span><\/h1>\n<div class=\"pdp__product-description__section pdp__product-description__section__facts\" data-v-74bf0554=\"\">\n<div class=\"pdp__product-description__section__items\" data-v-74bf0554=\"\">\n<div class=\"pdp__product-description__key-facts pdp__product-description__section__item\" data-v-74bf0554=\"\">\n<ul class=\"tp-list\" data-v-74bf0554=\"\">\n<li data-v-74bf0554=\"\">Puro algod\u00f3n<\/li>\n<li data-v-74bf0554=\"\">Top con tira de botones larga<\/li>\n<li data-v-74bf0554=\"\">Pantal\u00f3n con cinturilla el\u00e1stica, bragueta con bot\u00f3n y 2 bolsillos laterales<\/li>\n<li data-v-74bf0554=\"\">Apoyar la iniciativa Algod\u00f3n hecho en \u00c1frica<\/li>\n<li data-v-74bf0554=\"\">Estos pijamas apoyan a los agricultores.<\/li>\n<li data-v-74bf0554=\"\">Probado contra sustancias nocivas \u2013 por institutos externos acreditados<\/li>\n<\/ul>\n<\/div>\n<\/div>\n<div class=\"pdp__product-description__section__items\" data-v-74bf0554=\"\">\n<div class=\"pdp__product-description__hard-facts pdp__product-description__section__item\" data-v-74bf0554=\"\">\n<p><strong>Adaptar<\/strong><\/p>\n<p>&nbsp;<\/p>\n<dl data-v-74bf0554=\"\">\n<dd data-v-74bf0554=\"\">Ajuste regular<\/dd>\n<\/dl>\n<dl data-v-74bf0554=\"\">\n<dt data-v-74bf0554=\"\"><strong>Color<\/strong><\/dt>\n<dt data-v-74bf0554=\"\"><\/dt>\n<dd data-v-74bf0554=\"\">Top azul oscuro<\/dd>\n<dd data-v-74bf0554=\"\">Pantal\u00f3n rayas azul oscuro y gris claro<\/dd>\n<\/dl>\n<dl data-v-74bf0554=\"\">\n<dt data-v-74bf0554=\"\"><strong>Material<\/strong><\/dt>\n<dt data-v-74bf0554=\"\"><\/dt>\n<dd data-v-74bf0554=\"\">100% algod\u00f3n (apoya la iniciativa Algod\u00f3n hecho en \u00c1frica)<\/dd>\n<\/dl>\n<dl data-v-74bf0554=\"\">\n<dt data-v-74bf0554=\"\"><strong>Dimensiones<\/strong><\/dt>\n<dt data-v-74bf0554=\"\"><\/dt>\n<dd data-v-74bf0554=\"\">Longitud total superior aprox. 80 cm.<\/dd>\n<dd data-v-74bf0554=\"\">Largo interior de la pierna del pantal\u00f3n aprox. 79 cm (talla L 52\/54)<\/dd>\n<\/dl>\n<div class=\"tp-expansion-panel-header tp-expansion-panel-header--active\" data-v-dc10ea0a=\"\">\n<div class=\"tp-expansion-panel-header-inner\" data-v-dc10ea0a=\"\">\n<div class=\"tp-expansion-panel-header-inner-wrapper\" data-v-dc10ea0a=\"\">\n<div class=\"tp-expansion-panel-header-title\" data-subtitle-nowrap=\"false\" data-v-dc10ea0a=\"\">\n<div data-v-a2abd034=\"\"><strong>Cuidado<\/strong><\/div>\n<div data-v-a2abd034=\"\"><\/div>\n<\/div>\n<\/div>\n<div class=\"tp-icon-button\" data-v-dc10ea0a=\"\" data-v-c599ed2e=\"\"><\/div>\n<\/div>\n<\/div>\n<div class=\"tp-expansion-panel-content\" data-v-419a0bed=\"\">\n<div class=\"tp-expansion-panel-content-inner\" data-v-419a0bed=\"\">\n<div data-v-a2abd034=\"\">\n<div class=\"pdp-productinformation__container\" data-v-a2abd034=\"\">\n<div class=\"pdp-productinformation__logos\" data-v-a2abd034=\"\">\n<div class=\"pdp-productinformation__item pdp-productinformation__item--align-center\" data-v-a2abd034=\"\">\n<div class=\"pdp-productinformation__image\" data-v-a2abd034=\"\">\n<div class=\"tp-image\" data-state=\"srcLoaded\" data-v-a2abd034=\"\" data-v-2a7ab01d=\"\"><img decoding=\"async\" class=\"alignleft\" src=\"https:\/\/www.tchibo.de\/newmedia\/logo\/e99aa6ab15e32df0\/pkz17.png\" alt=\"seco\" width=\"auto\" height=\"auto\" data-v-2a7ab01d=\"\" \/><\/div>\n<\/div>\n<div class=\"pdp-productinformation__details\" data-v-a2abd034=\"\">\n<div class=\"pdp-productinformation__details__title\" data-v-a2abd034=\"\">Seco<\/div>\n<div class=\"pdp-productinformation__details__text\" data-v-a2abd034=\"\">No secar en secadora ni secar en secadora.<\/div>\n<\/div>\n<\/div>\n<div class=\"pdp-productinformation__item pdp-productinformation__item--align-center\" data-v-a2abd034=\"\">\n<div class=\"pdp-productinformation__image\" data-v-a2abd034=\"\">\n<div class=\"tp-image\" data-state=\"srcLoaded\" data-v-a2abd034=\"\" data-v-2a7ab01d=\"\"><img decoding=\"async\" class=\"alignleft\" src=\"https:\/\/www.tchibo.de\/newmedia\/logo\/ed8b16af08629df0\/pkz38.png\" alt=\"Lavar\" width=\"auto\" height=\"auto\" data-v-2a7ab01d=\"\" \/><\/div>\n<\/div>\n<div class=\"pdp-productinformation__details\" data-v-a2abd034=\"\">\n<div class=\"pdp-productinformation__details__title\" data-v-a2abd034=\"\">Lavar<\/div>\n<div class=\"pdp-productinformation__details__text\" data-v-a2abd034=\"\">Ciclo de lavado normal a un m\u00e1ximo de 40\u00b0C.<\/div>\n<\/div>\n<\/div>\n<div class=\"pdp-productinformation__item pdp-productinformation__item--align-center\" data-v-a2abd034=\"\">\n<div class=\"pdp-productinformation__image\" data-v-a2abd034=\"\">\n<div class=\"tp-image\" data-state=\"srcLoaded\" data-v-a2abd034=\"\" data-v-2a7ab01d=\"\"><img decoding=\"async\" class=\"alignleft\" src=\"https:\/\/www.tchibo.de\/newmedia\/logo\/e82691db19d29df0\/pkz20.png\" alt=\"Hierro\" width=\"auto\" height=\"auto\" data-v-2a7ab01d=\"\" \/><\/div>\n<\/div>\n<div class=\"pdp-productinformation__details\" data-v-a2abd034=\"\">\n<div class=\"pdp-productinformation__details__title\" data-v-a2abd034=\"\">Hierro<\/div>\n<div class=\"pdp-productinformation__details__text\" data-v-a2abd034=\"\">Plancha con una temperatura m\u00e1xima de suela de 150 \u00b0C.<\/div>\n<\/div>\n<\/div>\n<div class=\"pdp-productinformation__item pdp-productinformation__item--align-center\" data-v-a2abd034=\"\">\n<div class=\"pdp-productinformation__image\" data-v-a2abd034=\"\">\n<div class=\"tp-image\" data-state=\"srcLoaded\" data-v-a2abd034=\"\" data-v-2a7ab01d=\"\"><img decoding=\"async\" class=\"alignleft\" src=\"https:\/\/www.tchibo.de\/newmedia\/logo\/e82445c879d29df0\/pkz26.png\" alt=\"Limpieza quimica\" width=\"auto\" height=\"auto\" data-v-2a7ab01d=\"\" \/><\/div>\n<\/div>\n<div class=\"pdp-productinformation__details\" data-v-a2abd034=\"\">\n<div class=\"pdp-productinformation__details__title\" data-v-a2abd034=\"\">Limpieza quimica<\/div>\n<div class=\"pdp-productinformation__details__text\" data-v-a2abd034=\"\">No lavar en seco<\/div>\n<\/div>\n<\/div>\n<div class=\"pdp-productinformation__item pdp-productinformation__item--align-center\" data-v-a2abd034=\"\">\n<div class=\"pdp-productinformation__image\" data-v-a2abd034=\"\">\n<div class=\"tp-image\" data-state=\"srcLoaded\" data-v-a2abd034=\"\" data-v-2a7ab01d=\"\"><img decoding=\"async\" class=\"alignleft\" src=\"https:\/\/www.tchibo.de\/newmedia\/logo\/ec3722bb15e32df0\/pkz02.png\" alt=\"blanqueamiento\" width=\"auto\" height=\"auto\" data-v-2a7ab01d=\"\" \/><\/div>\n<\/div>\n<div class=\"pdp-productinformation__details\" data-v-a2abd034=\"\">\n<div class=\"pdp-productinformation__details__title\" data-v-a2abd034=\"\">Blanqueamiento<\/div>\n<div class=\"pdp-productinformation__details__text\" data-v-a2abd034=\"\">No usa blanqueador<\/div>\n<\/div>\n<\/div>\n<\/div>\n<div class=\"pdp-productinformation__bulletpoints\" data-v-a2abd034=\"\">\n<p class=\"pdp-productinformation__bulletpoints__headline\" data-v-a2abd034=\"\"><strong data-v-a2abd034=\"\">M\u00e1s instrucciones de cuidado<\/strong><\/p>\n<ul class=\"tp-list pdp-productinformation__bulletpoints__items\" data-v-a2abd034=\"\">\n<li data-v-a2abd034=\"\">Detergente de color<\/li>\n<li data-v-a2abd034=\"\">Lavar con colores similares<\/li>\n<\/ul>\n<p>&nbsp;<\/p>\n<div class=\"tp-expansion-panel-header tp-expansion-panel-header--active\" data-v-dc10ea0a=\"\">\n<div class=\"tp-expansion-panel-header-inner\" data-v-dc10ea0a=\"\">\n<div class=\"tp-expansion-panel-header-inner-wrapper\" data-v-dc10ea0a=\"\">\n<div class=\"tp-expansion-panel-header-title\" data-subtitle-nowrap=\"false\" data-v-dc10ea0a=\"\">\n<div data-v-a2c7e778=\"\"><strong>Algod\u00f3n fabricado en \u00c1frica. Ayuda a trav\u00e9s del comercio<\/strong><\/div>\n<\/div>\n<\/div>\n<div class=\"tp-icon-button\" data-v-dc10ea0a=\"\" data-v-c599ed2e=\"\"><\/div>\n<\/div>\n<\/div>\n<div class=\"tp-expansion-panel-content\" data-v-419a0bed=\"\">\n<div class=\"tp-expansion-panel-content-inner\" data-v-419a0bed=\"\">\n<div class=\"TEXT_LEFT_IMAGE_RIGHT\" data-v-a2c7e778=\"\">\n<div class=\"pdp-content-module__container\" data-v-a2c7e778=\"\">\n<div class=\"pdp-content-module__container__left\" data-v-a2c7e778=\"\">\n<p>El cultivo de algod\u00f3n es la principal fuente de ingresos de millones de personas en el \u00c1frica subsahariana.<\/p>\n<p><img loading=\"lazy\" decoding=\"async\" class=\"alignleft\" src=\"https:\/\/www.tchibo.de\/newmedia\/productmodule_illu\/bf51955e0834c4af\/mat84_cmia.png\" alt=\"\" width=\"197\" height=\"101\" data-v-2a7ab01d=\"\" \/>\u00a0Por ello, la iniciativa Algod\u00f3n fabricado en \u00c1frica se ha fijado el objetivo de mejorar de forma sostenible los rendimientos y las oportunidades de venta del algod\u00f3n africano de esta regi\u00f3n. Al comprar productos de algod\u00f3n elaborado en \u00c1frica, contribuye activamente a la protecci\u00f3n del medio ambiente y la salud y a mejores condiciones de vida para muchos peque\u00f1os agricultores africanos y sus familias. Puedes reconocer estos productos por el sello Algod\u00f3n hecho en \u00c1frica.<\/p>\n<div class=\"tp-expansion-panel-header tp-expansion-panel-header--active\" data-v-dc10ea0a=\"\">\n<div class=\"tp-expansion-panel-header-inner\" data-v-dc10ea0a=\"\">\n<div class=\"tp-expansion-panel-header-inner-wrapper\" data-v-dc10ea0a=\"\">\n<div class=\"tp-expansion-panel-header-title\" data-subtitle-nowrap=\"false\" data-v-dc10ea0a=\"\">\n<div data-v-a2c7e778=\"\"><strong>Franela de algod\u00f3n<\/strong><\/div>\n<\/div>\n<\/div>\n<div class=\"tp-icon-button\" data-v-dc10ea0a=\"\" data-v-c599ed2e=\"\"><\/div>\n<\/div>\n<\/div>\n<div class=\"tp-expansion-panel-content\" data-v-419a0bed=\"\">\n<div class=\"tp-expansion-panel-content-inner\" data-v-419a0bed=\"\">\n<div class=\"TEXT_LEFT_IMAGE_RIGHT\" data-v-a2c7e778=\"\">\n<div class=\"pdp-content-module__container\" data-v-a2c7e778=\"\">\n<div class=\"pdp-content-module__container__left\" data-v-a2c7e778=\"\">\n<p>La franela es un tejido especialmente ligero y cepillado, elaborado con algod\u00f3n puro agradable para la piel. Es tierno, agradablemente c\u00e1lido y suave.<\/p>\n<div class=\"tp-expansion-panel-header tp-expansion-panel-header--active\" data-v-dc10ea0a=\"\">\n<div class=\"tp-expansion-panel-header-inner\" data-v-dc10ea0a=\"\">\n<div class=\"tp-expansion-panel-header-inner-wrapper\" data-v-dc10ea0a=\"\">\n<div class=\"tp-expansion-panel-header-title\" data-subtitle-nowrap=\"false\" data-v-dc10ea0a=\"\">\n<div data-v-a2c7e778=\"\"><strong>Una buena raz\u00f3n para el algod\u00f3n fabricado en \u00c1frica<\/strong><\/div>\n<\/div>\n<\/div>\n<div class=\"tp-icon-button\" data-v-dc10ea0a=\"\" data-v-c599ed2e=\"\"><\/div>\n<\/div>\n<\/div>\n<div class=\"tp-expansion-panel-content\" data-v-419a0bed=\"\">\n<div class=\"tp-expansion-panel-content-inner\" data-v-419a0bed=\"\">\n<div class=\"IMAGE_LEFT_TEXT_RIGHT\" data-v-a2c7e778=\"\">\n<div class=\"pdp-content-module__container\" data-v-a2c7e778=\"\">\n<div class=\"pdp-content-module__container__left\" data-v-a2c7e778=\"\">\n<div class=\"tp-image\" data-state=\"srcLoaded\" data-v-a2c7e778=\"\" data-v-2a7ab01d=\"\"><img decoding=\"async\" src=\"https:\/\/www.tchibo.de\/newmedia\/productmodule_illu\/6dda63e0eff87c9\/cmia.png\" alt=\"\" width=\"auto\" height=\"auto\" data-v-2a7ab01d=\"\" \/><\/div>\n<\/div>\n<div class=\"pdp-content-module__container__right\" data-v-a2c7e778=\"\">\n<p><strong>Apoyar a los agricultores<\/strong><\/p>\n<p>El algod\u00f3n fabricado en \u00c1frica garantiza mejores condiciones de vida y de trabajo para los peque\u00f1os agricultores.<\/p>\n<div class=\"tp-expansion-panel-header tp-expansion-panel-header--active\" data-v-dc10ea0a=\"\">\n<div class=\"tp-expansion-panel-header-inner\" data-v-dc10ea0a=\"\">\n<div class=\"tp-expansion-panel-header-inner-wrapper\" data-v-dc10ea0a=\"\">\n<div class=\"tp-expansion-panel-header-title\" data-subtitle-nowrap=\"false\" data-v-dc10ea0a=\"\">\n<div data-v-00f62678=\"\"><strong>Calidad<\/strong><\/div>\n<\/div>\n<\/div>\n<div class=\"tp-icon-button\" data-v-dc10ea0a=\"\" data-v-c599ed2e=\"\"><\/div>\n<\/div>\n<\/div>\n<div class=\"tp-expansion-panel-content\" data-v-419a0bed=\"\">\n<div class=\"tp-expansion-panel-content-inner\" data-v-419a0bed=\"\">\n<div data-v-00f62678=\"\">\n<div class=\"pdp-productinformation-logos__container\" data-v-00f62678=\"\">\n<div class=\"pdp-productinformation-logos__item\" data-v-00f62678=\"\">\n<div class=\"pdp-productinformation-logos__image\" data-v-00f62678=\"\">\n<div class=\"tp-image\" data-state=\"srcLoaded\" data-v-00f62678=\"\" data-v-2a7ab01d=\"\"><img decoding=\"async\" src=\"https:\/\/www.tchibo.de\/newmedia\/logo\/44\/c0\/5b9a739fbae9\/31bbbaee347e5f6f\/tcm102.gif\" alt=\"Nota de calidad\" width=\"auto\" height=\"auto\" data-v-2a7ab01d=\"\" \/><\/div>\n<\/div>\n<div class=\"pdp-productinformation-logos__details\" data-v-00f62678=\"\">\n<div class=\"pdp-productinformation-logos__title\" data-v-00f62678=\"\"><span>Nota de calidad<\/span><\/div>\n<div class=\"pdp-productinformation-logos__text\" data-v-00f62678=\"\"><span>El sello de calidad TCM es sin\u00f3nimo de excelente calidad del producto.<\/span><\/div>\n<\/div>\n<\/div>\n<\/div>\n<\/div>\n<\/div>\n<\/div>\n<\/div>\n<\/div>\n<\/div>\n<\/div>\n<\/div>\n<\/div>\n<\/div>\n<\/div>\n<\/div>\n<\/div>\n<\/div>\n<\/div>\n<\/div>\n<\/div>\n<\/div>\n<\/div>\n<\/div>\n<\/div>\n<\/div>\n<\/div>\n<\/div>\n<\/div>\n<\/div>\n","protected":false},"excerpt":{"rendered":"<p>Pijama de franela, azul Puro algod\u00f3n Top con tira de botones larga Pantal\u00f3n con cinturilla el\u00e1stica, bragueta con bot\u00f3n y<\/p>\n","protected":false},"featured_media":55691,"comment_status":"open","ping_status":"closed","template":"","meta":{"nf_dc_page":""},"product_brand":[],"product_cat":[76,72],"product_tag":[],"class_list":{"0":"post-55689","1":"product","2":"type-product","3":"status-publish","4":"has-post-thumbnail","6":"product_cat-masculino","7":"product_cat-tchibo","9":"first","10":"instock","11":"shipping-taxable","12":"purchasable","13":"product-type-simple"},"_links":{"self":[{"href":"https:\/\/brandss.com.py\/index\/wp-json\/wp\/v2\/product\/55689","targetHints":{"allow":["GET"]}}],"collection":[{"href":"https:\/\/brandss.com.py\/index\/wp-json\/wp\/v2\/product"}],"about":[{"href":"https:\/\/brandss.com.py\/index\/wp-json\/wp\/v2\/types\/product"}],"replies":[{"embeddable":true,"href":"https:\/\/brandss.com.py\/index\/wp-json\/wp\/v2\/comments?post=55689"}],"version-history":[{"count":1,"href":"https:\/\/brandss.com.py\/index\/wp-json\/wp\/v2\/product\/55689\/revisions"}],"predecessor-version":[{"id":55692,"href":"https:\/\/brandss.com.py\/index\/wp-json\/wp\/v2\/product\/55689\/revisions\/55692"}],"wp:featuredmedia":[{"embeddable":true,"href":"https:\/\/brandss.com.py\/index\/wp-json\/wp\/v2\/media\/55691"}],"wp:attachment":[{"href":"https:\/\/brandss.com.py\/index\/wp-json\/wp\/v2\/media?parent=55689"}],"wp:term":[{"taxonomy":"product_brand","embeddable":true,"href":"https:\/\/brandss.com.py\/index\/wp-json\/wp\/v2\/product_brand?post=55689"},{"taxonomy":"product_cat","embeddable":true,"href":"https:\/\/brandss.com.py\/index\/wp-json\/wp\/v2\/product_cat?post=55689"},{"taxonomy":"product_tag","embeddable":true,"href":"https:\/\/brandss.com.py\/index\/wp-json\/wp\/v2\/product_tag?post=55689"}],"curies":[{"name":"wp","href":"https:\/\/api.w.org\/{rel}","templated":true}]}}