{"id":56048,"date":"2024-08-13T15:55:57","date_gmt":"2024-08-13T15:55:57","guid":{"rendered":"https:\/\/brandss.com.py\/index\/?post_type=product&#038;p=56048"},"modified":"2024-08-13T17:14:37","modified_gmt":"2024-08-13T17:14:37","slug":"leggings-femenino-tchibo-cosy","status":"publish","type":"product","link":"https:\/\/brandss.com.py\/index\/producto\/leggings-femenino-tchibo-cosy\/","title":{"rendered":"LEGGINGS FEMENINO TCHIBO COSY"},"content":{"rendered":"<p><img loading=\"lazy\" decoding=\"async\" class=\"\" src=\"https:\/\/1000logos.net\/wp-content\/uploads\/2021\/03\/Tchibo-logo.png\" alt=\"Tchibo Logo and symbol, meaning, history, PNG\" width=\"88\" height=\"59\" \/><\/p>\n<h1 class=\"tp-display-2 pdp__product-description__headline\" data-v-74bf0554=\"\"><span>Leggings acogedores, a cuadros<\/span><\/h1>\n<div class=\"pdp__product-description__section pdp__product-description__section__facts\" data-v-74bf0554=\"\">\n<div class=\"pdp__product-description__section__items\" data-v-74bf0554=\"\">\n<div class=\"pdp__product-description__key-facts pdp__product-description__section__item\" data-v-74bf0554=\"\">\n<ul class=\"tp-list\" data-v-74bf0554=\"\">\n<li data-v-74bf0554=\"\">Calidad especialmente el\u00e1stica y suavemente cepillada.<\/li>\n<li data-v-74bf0554=\"\">Dise\u00f1o sencillo a cuadros<\/li>\n<li data-v-74bf0554=\"\">Cintura el\u00e1stica c\u00f3moda, sin constricci\u00f3n.<\/li>\n<li data-v-74bf0554=\"\">Sin molestas costuras laterales<\/li>\n<li data-v-74bf0554=\"\">Con elastano: mantiene la forma, ajuste perfecto, gran comodidad<\/li>\n<li data-v-74bf0554=\"\">Estos leggings est\u00e1n fabricados con hasta 19 botellas de PET.*<\/li>\n<li data-v-74bf0554=\"\">*Fuente: C\u00e1lculo propio en base a Bolsa Textil \/ valor promedio<\/li>\n<li data-v-74bf0554=\"\">Probado contra sustancias nocivas \u2013 por institutos externos acreditados<\/li>\n<\/ul>\n<\/div>\n<\/div>\n<div class=\"pdp__product-description__section__items\" data-v-74bf0554=\"\">\n<div class=\"pdp__product-description__hard-facts pdp__product-description__section__item\" data-v-74bf0554=\"\">\n<dl data-v-74bf0554=\"\">\n<dt data-v-74bf0554=\"\"><strong>Adaptar<\/strong><\/dt>\n<dt data-v-74bf0554=\"\"><\/dt>\n<dd data-v-74bf0554=\"\">Corte ajustado<\/dd>\n<\/dl>\n<dl data-v-74bf0554=\"\">\n<dt data-v-74bf0554=\"\"><strong>Color<\/strong><\/dt>\n<dt data-v-74bf0554=\"\"><\/dt>\n<dd data-v-74bf0554=\"\">Azul oscuro con dise\u00f1o de cuadros rojo oscuro.<\/dd>\n<\/dl>\n<dl data-v-74bf0554=\"\">\n<dt data-v-74bf0554=\"\"><strong>Material<\/strong><\/dt>\n<dt data-v-74bf0554=\"\"><\/dt>\n<dd data-v-74bf0554=\"\">88% poli\u00e9ster (reciclado), 12% elastano (LYCRA\u00ae)<\/dd>\n<\/dl>\n<dl data-v-74bf0554=\"\">\n<dt data-v-74bf0554=\"\"><strong>Masa<\/strong><\/dt>\n<dt data-v-74bf0554=\"\"><\/dt>\n<dd data-v-74bf0554=\"\">Longitud interior de la pierna aprox. 70 cm.<\/dd>\n<\/dl>\n<div class=\"tp-expansion-panel-header tp-expansion-panel-header--active\" data-v-dc10ea0a=\"\">\n<div class=\"tp-expansion-panel-header-inner\" data-v-dc10ea0a=\"\">\n<div class=\"tp-expansion-panel-header-inner-wrapper\" data-v-dc10ea0a=\"\">\n<div class=\"tp-expansion-panel-header-title\" data-subtitle-nowrap=\"false\" data-v-dc10ea0a=\"\">\n<div data-v-a2abd034=\"\"><\/div>\n<div data-v-a2abd034=\"\"><strong>Cuidado<\/strong><\/div>\n<div data-v-a2abd034=\"\"><\/div>\n<\/div>\n<\/div>\n<div class=\"tp-icon-button\" data-v-dc10ea0a=\"\" data-v-c599ed2e=\"\"><\/div>\n<\/div>\n<\/div>\n<div class=\"tp-expansion-panel-content\" data-v-419a0bed=\"\">\n<div class=\"tp-expansion-panel-content-inner\" data-v-419a0bed=\"\">\n<div data-v-a2abd034=\"\">\n<div class=\"pdp-productinformation__container\" data-v-a2abd034=\"\">\n<div class=\"pdp-productinformation__logos\" data-v-a2abd034=\"\">\n<div class=\"pdp-productinformation__item pdp-productinformation__item--align-center\" data-v-a2abd034=\"\">\n<div class=\"pdp-productinformation__image\" data-v-a2abd034=\"\">\n<div class=\"tp-image\" data-state=\"srcLoaded\" data-v-a2abd034=\"\" data-v-2a7ab01d=\"\"><img decoding=\"async\" class=\"alignleft\" src=\"https:\/\/www.tchibo.de\/newmedia\/logo\/e99aa6ab15e32df0\/pkz17.png\" alt=\"Seco\" width=\"auto\" height=\"auto\" data-v-2a7ab01d=\"\" \/><\/div>\n<\/div>\n<div class=\"pdp-productinformation__details\" data-v-a2abd034=\"\">\n<div class=\"pdp-productinformation__details__title\" data-v-a2abd034=\"\">Seco<\/div>\n<div class=\"pdp-productinformation__details__text\" data-v-a2abd034=\"\">No secar en secadora ni secar en secadora.<\/div>\n<\/div>\n<\/div>\n<div class=\"pdp-productinformation__item pdp-productinformation__item--align-center\" data-v-a2abd034=\"\">\n<div class=\"pdp-productinformation__image\" data-v-a2abd034=\"\">\n<div class=\"tp-image\" data-state=\"srcLoaded\" data-v-a2abd034=\"\" data-v-2a7ab01d=\"\"><img decoding=\"async\" class=\"alignleft\" src=\"https:\/\/www.tchibo.de\/newmedia\/logo\/ed82830b19d29df0\/pkz22.png\" alt=\"Hierro\" width=\"auto\" height=\"auto\" data-v-2a7ab01d=\"\" \/><\/div>\n<\/div>\n<div class=\"pdp-productinformation__details\" data-v-a2abd034=\"\">\n<div class=\"pdp-productinformation__details__title\" data-v-a2abd034=\"\">Hierro<\/div>\n<div class=\"pdp-productinformation__details__text\" data-v-a2abd034=\"\">No planchar<\/div>\n<\/div>\n<\/div>\n<div class=\"pdp-productinformation__item pdp-productinformation__item--align-center\" data-v-a2abd034=\"\">\n<div class=\"pdp-productinformation__image\" data-v-a2abd034=\"\">\n<div class=\"tp-image\" data-state=\"srcLoaded\" data-v-a2abd034=\"\" data-v-2a7ab01d=\"\"><img decoding=\"async\" class=\"alignleft\" src=\"https:\/\/www.tchibo.de\/newmedia\/logo\/ec36930f08629df0\/pkz37.png\" alt=\"Lavar\" width=\"auto\" height=\"auto\" data-v-2a7ab01d=\"\" \/><\/div>\n<\/div>\n<div class=\"pdp-productinformation__details\" data-v-a2abd034=\"\">\n<div class=\"pdp-productinformation__details__title\" data-v-a2abd034=\"\">Lavar<\/div>\n<div class=\"pdp-productinformation__details__text\" data-v-a2abd034=\"\">Ciclo suave a un m\u00e1ximo de 40\u00b0C.<\/div>\n<\/div>\n<\/div>\n<div class=\"pdp-productinformation__item pdp-productinformation__item--align-center\" data-v-a2abd034=\"\">\n<div class=\"pdp-productinformation__image\" data-v-a2abd034=\"\">\n<div class=\"tp-image\" data-state=\"srcLoaded\" data-v-a2abd034=\"\" data-v-2a7ab01d=\"\"><img decoding=\"async\" class=\"alignleft\" src=\"https:\/\/www.tchibo.de\/newmedia\/logo\/e82445c879d29df0\/pkz26.png\" alt=\"limpieza en seco\" width=\"auto\" height=\"auto\" data-v-2a7ab01d=\"\" \/><\/div>\n<\/div>\n<div class=\"pdp-productinformation__details\" data-v-a2abd034=\"\">\n<div class=\"pdp-productinformation__details__title\" data-v-a2abd034=\"\">Limpieza en seco<\/div>\n<div class=\"pdp-productinformation__details__text\" data-v-a2abd034=\"\">No lavar en seco<\/div>\n<\/div>\n<\/div>\n<div class=\"pdp-productinformation__item pdp-productinformation__item--align-center\" data-v-a2abd034=\"\">\n<div class=\"pdp-productinformation__image\" data-v-a2abd034=\"\">\n<div class=\"tp-image\" data-state=\"srcLoaded\" data-v-a2abd034=\"\" data-v-2a7ab01d=\"\"><img decoding=\"async\" class=\"alignleft\" src=\"https:\/\/www.tchibo.de\/newmedia\/logo\/ec3722bb15e32df0\/pkz02.png\" alt=\"blanqueamiento\" width=\"auto\" height=\"auto\" data-v-2a7ab01d=\"\" \/><\/div>\n<\/div>\n<div class=\"pdp-productinformation__details\" data-v-a2abd034=\"\">\n<div class=\"pdp-productinformation__details__title\" data-v-a2abd034=\"\">Blanqueamiento<\/div>\n<div class=\"pdp-productinformation__details__text\" data-v-a2abd034=\"\">No usa blanqueador<\/div>\n<\/div>\n<\/div>\n<\/div>\n<div class=\"pdp-productinformation__bulletpoints\" data-v-a2abd034=\"\">\n<p class=\"pdp-productinformation__bulletpoints__headline\" data-v-a2abd034=\"\"><strong data-v-a2abd034=\"\">M\u00e1s instrucciones de cuidado<\/strong><\/p>\n<ul class=\"tp-list pdp-productinformation__bulletpoints__items\" data-v-a2abd034=\"\">\n<li data-v-a2abd034=\"\">No use suavizante de telas<\/li>\n<li data-v-a2abd034=\"\">Lavar con colores similares<\/li>\n<\/ul>\n<p>&nbsp;<\/p>\n<div class=\"tp-expansion-panel-header tp-expansion-panel-header--active\" data-v-dc10ea0a=\"\">\n<div class=\"tp-expansion-panel-header-inner\" data-v-dc10ea0a=\"\">\n<div class=\"tp-expansion-panel-header-inner-wrapper\" data-v-dc10ea0a=\"\">\n<div class=\"tp-expansion-panel-header-title\" data-subtitle-nowrap=\"false\" data-v-dc10ea0a=\"\">\n<div data-v-a2c7e778=\"\"><strong>3 buenas razones para reciclar residuos pl\u00e1sticos<\/strong><\/div>\n<\/div>\n<\/div>\n<div class=\"tp-icon-button\" data-v-dc10ea0a=\"\" data-v-c599ed2e=\"\"><\/div>\n<\/div>\n<\/div>\n<div class=\"tp-expansion-panel-content\" data-v-419a0bed=\"\">\n<div class=\"tp-expansion-panel-content-inner\" data-v-419a0bed=\"\">\n<div class=\"IMAGE_LEFT_TEXT_RIGHT\" data-v-a2c7e778=\"\">\n<div class=\"pdp-content-module__container\" data-v-a2c7e778=\"\">\n<div class=\"pdp-content-module__container__left\" data-v-a2c7e778=\"\">\n<div class=\"tp-image\" data-state=\"srcLoaded\" data-v-a2c7e778=\"\" data-v-2a7ab01d=\"\"><img decoding=\"async\" src=\"https:\/\/www.tchibo.de\/newmedia\/productmodule_illu\/f4ad55cdeff87c9\/recycling.png\" alt=\"\" width=\"auto\" height=\"auto\" data-v-2a7ab01d=\"\" \/><\/div>\n<\/div>\n<div class=\"pdp-content-module__container__right\" data-v-a2c7e778=\"\">\n<p><strong>Reduce el desperdicio<\/strong><\/p>\n<p>Los productos fabricados a partir de residuos pl\u00e1sticos reciclados reutilizan el material existente de forma sensata y es necesario producir menos material nuevo.<\/p>\n<p><strong>Reduce el CO2<\/strong><\/p>\n<p>Los productos elaborados a partir de residuos pl\u00e1sticos reciclados utilizan menos petr\u00f3leo crudo para su producci\u00f3n. Esto significa que se producen menos gases de efecto invernadero y esto protege los oc\u00e9anos y la atm\u00f3sfera.<\/p>\n<p><strong>Ahorra energ\u00eda<\/strong><\/p>\n<p>Los productos que utilizan menos energ\u00eda durante el proceso de fabricaci\u00f3n ayudan a proteger el medio ambiente.<\/p>\n<\/div>\n<div class=\"tp-expansion-panel-header tp-expansion-panel-header--active\" data-v-dc10ea0a=\"\">\n<div class=\"tp-expansion-panel-header-inner\" data-v-dc10ea0a=\"\">\n<div class=\"tp-expansion-panel-header-inner-wrapper\" data-v-dc10ea0a=\"\">\n<div class=\"tp-expansion-panel-header-title\" data-subtitle-nowrap=\"false\" data-v-dc10ea0a=\"\">\n<div data-v-00f62678=\"\"><\/div>\n<div data-v-00f62678=\"\"><strong>Calidad<\/strong><\/div>\n<div data-v-00f62678=\"\"><\/div>\n<\/div>\n<\/div>\n<div class=\"tp-icon-button\" data-v-dc10ea0a=\"\" data-v-c599ed2e=\"\"><\/div>\n<\/div>\n<\/div>\n<div class=\"tp-expansion-panel-content\" data-v-419a0bed=\"\">\n<div class=\"tp-expansion-panel-content-inner\" data-v-419a0bed=\"\">\n<div data-v-00f62678=\"\">\n<div class=\"pdp-productinformation-logos__container\" data-v-00f62678=\"\">\n<div class=\"pdp-productinformation-logos__item\" data-v-00f62678=\"\">\n<div class=\"pdp-productinformation-logos__image\" data-v-00f62678=\"\">\n<div class=\"tp-image\" data-state=\"srcLoaded\" data-v-00f62678=\"\" data-v-2a7ab01d=\"\"><img decoding=\"async\" src=\"https:\/\/www.tchibo.de\/newmedia\/logo\/515782bdd9d29b36\/KLA_03.gif\" alt=\"\" width=\"auto\" height=\"auto\" data-v-2a7ab01d=\"\" \/><\/div>\n<\/div>\n<div class=\"pdp-productinformation-logos__details\" data-v-00f62678=\"\"><\/div>\n<\/div>\n<div class=\"pdp-productinformation-logos__item\" data-v-00f62678=\"\">\n<div class=\"pdp-productinformation-logos__image\" data-v-00f62678=\"\">\n<div class=\"tp-image\" data-state=\"srcLoaded\" data-v-00f62678=\"\" data-v-2a7ab01d=\"\"><img decoding=\"async\" src=\"https:\/\/www.tchibo.de\/newmedia\/logo\/a7682479cab9db37\/mar328.png\" alt=\"\" width=\"auto\" height=\"auto\" data-v-2a7ab01d=\"\" \/><\/div>\n<\/div>\n<div class=\"pdp-productinformation-logos__details\" data-v-00f62678=\"\">\n<div class=\"pdp-productinformation-logos__text\" data-v-00f62678=\"\"><span>LYCRA\u00ae es una marca registrada de The LYCRA Company.<\/span><\/div>\n<\/div>\n<\/div>\n<div class=\"pdp-productinformation-logos__item\" data-v-00f62678=\"\">\n<div class=\"pdp-productinformation-logos__image\" data-v-00f62678=\"\">\n<div class=\"tp-image\" data-state=\"srcLoaded\" data-v-00f62678=\"\" data-v-2a7ab01d=\"\"><img decoding=\"async\" src=\"https:\/\/www.tchibo.de\/newmedia\/logo\/44\/c0\/5b9a739fbae9\/31bbbaee347e5f6f\/tcm102.gif\" alt=\"Nota de calidad\" width=\"auto\" height=\"auto\" data-v-2a7ab01d=\"\" \/><\/div>\n<\/div>\n<div class=\"pdp-productinformation-logos__details\" data-v-00f62678=\"\">\n<div class=\"pdp-productinformation-logos__title\" data-v-00f62678=\"\"><span>Nota de calidad<\/span><\/div>\n<div class=\"pdp-productinformation-logos__text\" data-v-00f62678=\"\"><span>El sello de calidad TCM es sin\u00f3nimo de excelente calidad del producto.<\/span><\/div>\n<\/div>\n<\/div>\n<\/div>\n<\/div>\n<\/div>\n<\/div>\n<\/div>\n<\/div>\n<\/div>\n<\/div>\n<\/div>\n<\/div>\n<\/div>\n<\/div>\n<\/div>\n<\/div>\n<\/div>\n<\/div>\n","protected":false},"excerpt":{"rendered":"<p>Leggings acogedores, a cuadros Calidad especialmente el\u00e1stica y suavemente cepillada. Dise\u00f1o sencillo a cuadros Cintura el\u00e1stica c\u00f3moda, sin constricci\u00f3n. Sin<\/p>\n","protected":false},"featured_media":56049,"comment_status":"open","ping_status":"closed","template":"","meta":{"nf_dc_page":""},"product_brand":[],"product_cat":[73,72],"product_tag":[],"class_list":{"0":"post-56048","1":"product","2":"type-product","3":"status-publish","4":"has-post-thumbnail","6":"product_cat-femenino","7":"product_cat-tchibo","9":"first","10":"instock","11":"shipping-taxable","12":"purchasable","13":"product-type-simple"},"_links":{"self":[{"href":"https:\/\/brandss.com.py\/index\/wp-json\/wp\/v2\/product\/56048","targetHints":{"allow":["GET"]}}],"collection":[{"href":"https:\/\/brandss.com.py\/index\/wp-json\/wp\/v2\/product"}],"about":[{"href":"https:\/\/brandss.com.py\/index\/wp-json\/wp\/v2\/types\/product"}],"replies":[{"embeddable":true,"href":"https:\/\/brandss.com.py\/index\/wp-json\/wp\/v2\/comments?post=56048"}],"version-history":[{"count":1,"href":"https:\/\/brandss.com.py\/index\/wp-json\/wp\/v2\/product\/56048\/revisions"}],"predecessor-version":[{"id":56052,"href":"https:\/\/brandss.com.py\/index\/wp-json\/wp\/v2\/product\/56048\/revisions\/56052"}],"wp:featuredmedia":[{"embeddable":true,"href":"https:\/\/brandss.com.py\/index\/wp-json\/wp\/v2\/media\/56049"}],"wp:attachment":[{"href":"https:\/\/brandss.com.py\/index\/wp-json\/wp\/v2\/media?parent=56048"}],"wp:term":[{"taxonomy":"product_brand","embeddable":true,"href":"https:\/\/brandss.com.py\/index\/wp-json\/wp\/v2\/product_brand?post=56048"},{"taxonomy":"product_cat","embeddable":true,"href":"https:\/\/brandss.com.py\/index\/wp-json\/wp\/v2\/product_cat?post=56048"},{"taxonomy":"product_tag","embeddable":true,"href":"https:\/\/brandss.com.py\/index\/wp-json\/wp\/v2\/product_tag?post=56048"}],"curies":[{"name":"wp","href":"https:\/\/api.w.org\/{rel}","templated":true}]}}