{"id":56144,"date":"2024-08-14T18:42:24","date_gmt":"2024-08-14T18:42:24","guid":{"rendered":"https:\/\/brandss.com.py\/index\/?post_type=product&#038;p=56144"},"modified":"2024-08-14T18:46:07","modified_gmt":"2024-08-14T18:46:07","slug":"camison-femenino-tchibo-nachthemd-mangas-cortas","status":"publish","type":"product","link":"https:\/\/brandss.com.py\/index\/producto\/camison-femenino-tchibo-nachthemd-mangas-cortas\/","title":{"rendered":"CAMIS\u00d3N FEMENINO TCHIBO NACHTHEMD MANGAS CORTAS"},"content":{"rendered":"<p><img loading=\"lazy\" decoding=\"async\" class=\"\" src=\"https:\/\/1000logos.net\/wp-content\/uploads\/2021\/03\/Tchibo-logo.png\" alt=\"Tchibo Logo and symbol, meaning, history, PNG\" width=\"72\" height=\"49\" \/><\/p>\n<h1 class=\"tp-display-2 pdp__product-description__headline\" data-v-74bf0554=\"\"><span>Camis\u00f3n<\/span><\/h1>\n<div class=\"pdp__product-description__section pdp__product-description__section__facts\" data-v-74bf0554=\"\">\n<div class=\"pdp__product-description__section__items\" data-v-74bf0554=\"\">\n<div class=\"pdp__product-description__key-facts pdp__product-description__section__item\" data-v-74bf0554=\"\">\n<ul class=\"tp-list\" data-v-74bf0554=\"\">\n<li data-v-74bf0554=\"\">Hecho de suave algod\u00f3n puro<\/li>\n<li data-v-74bf0554=\"\">cuello en V<\/li>\n<li data-v-74bf0554=\"\">Mangas ligeramente superpuestas<\/li>\n<li data-v-74bf0554=\"\">Aberturas laterales<\/li>\n<li data-v-74bf0554=\"\">Este camis\u00f3n promueve el cultivo de algod\u00f3n sostenible.<\/li>\n<li data-v-74bf0554=\"\">Probado contra sustancias nocivas \u2013 por institutos externos acreditados<\/li>\n<\/ul>\n<\/div>\n<\/div>\n<div class=\"pdp__product-description__section__items\" data-v-74bf0554=\"\">\n<div class=\"pdp__product-description__hard-facts pdp__product-description__section__item\" data-v-74bf0554=\"\">\n<dl data-v-74bf0554=\"\">\n<dt data-v-74bf0554=\"\"><\/dt>\n<dt data-v-74bf0554=\"\"><strong>Color<\/strong><\/dt>\n<dt data-v-74bf0554=\"\"><\/dt>\n<dd data-v-74bf0554=\"\">Azul moteado<\/dd>\n<\/dl>\n<dl data-v-74bf0554=\"\">\n<dt data-v-74bf0554=\"\"><strong>Material<\/strong><\/dt>\n<dt data-v-74bf0554=\"\"><\/dt>\n<dd data-v-74bf0554=\"\">100% algod\u00f3n<\/dd>\n<\/dl>\n<dl data-v-74bf0554=\"\">\n<dt data-v-74bf0554=\"\"><strong>Masa<\/strong><\/dt>\n<dt data-v-74bf0554=\"\"><\/dt>\n<dd data-v-74bf0554=\"\">Longitud total aprox. 94 cm (talla M 40\/42)<\/dd>\n<\/dl>\n<div class=\"tp-expansion-panel-header tp-expansion-panel-header--active\" data-v-dc10ea0a=\"\">\n<div class=\"tp-expansion-panel-header-inner\" data-v-dc10ea0a=\"\">\n<div class=\"tp-expansion-panel-header-inner-wrapper\" data-v-dc10ea0a=\"\">\n<div class=\"tp-expansion-panel-header-title\" data-subtitle-nowrap=\"false\" data-v-dc10ea0a=\"\">\n<div data-v-a2abd034=\"\"><\/div>\n<div data-v-a2abd034=\"\"><strong>Cuidado<\/strong><\/div>\n<div data-v-a2abd034=\"\"><\/div>\n<\/div>\n<\/div>\n<div class=\"tp-icon-button\" data-v-dc10ea0a=\"\" data-v-c599ed2e=\"\"><\/div>\n<\/div>\n<\/div>\n<div class=\"tp-expansion-panel-content\" data-v-419a0bed=\"\">\n<div class=\"tp-expansion-panel-content-inner\" data-v-419a0bed=\"\">\n<div data-v-a2abd034=\"\">\n<div class=\"pdp-productinformation__container\" data-v-a2abd034=\"\">\n<div class=\"pdp-productinformation__logos\" data-v-a2abd034=\"\">\n<div class=\"pdp-productinformation__item pdp-productinformation__item--align-center\" data-v-a2abd034=\"\">\n<div class=\"pdp-productinformation__image\" data-v-a2abd034=\"\">\n<div class=\"tp-image\" data-state=\"srcLoaded\" data-v-a2abd034=\"\" data-v-2a7ab01d=\"\"><img decoding=\"async\" class=\"alignleft\" src=\"https:\/\/www.tchibo.de\/newmedia\/logo\/e99aa6ab15e32df0\/pkz17.png\" alt=\"Seco\" width=\"auto\" height=\"auto\" data-v-2a7ab01d=\"\" \/><\/div>\n<\/div>\n<div class=\"pdp-productinformation__details\" data-v-a2abd034=\"\">\n<div class=\"pdp-productinformation__details__title\" data-v-a2abd034=\"\"><span>Seco<\/span><\/div>\n<div class=\"pdp-productinformation__details__text\" data-v-a2abd034=\"\"><span>No secar en secadora ni secar en secadora.<\/span><\/div>\n<\/div>\n<\/div>\n<div class=\"pdp-productinformation__item pdp-productinformation__item--align-center\" data-v-a2abd034=\"\">\n<div class=\"pdp-productinformation__image\" data-v-a2abd034=\"\">\n<div class=\"tp-image\" data-state=\"srcLoaded\" data-v-a2abd034=\"\" data-v-2a7ab01d=\"\"><img decoding=\"async\" class=\"alignleft\" src=\"https:\/\/www.tchibo.de\/newmedia\/logo\/ed8b16af08629df0\/pkz38.png\" alt=\"Lavar\" width=\"auto\" height=\"auto\" data-v-2a7ab01d=\"\" \/><\/div>\n<\/div>\n<div class=\"pdp-productinformation__details\" data-v-a2abd034=\"\">\n<div class=\"pdp-productinformation__details__title\" data-v-a2abd034=\"\"><span>Lavar<\/span><\/div>\n<div class=\"pdp-productinformation__details__text\" data-v-a2abd034=\"\"><span>Ciclo de lavado normal a un m\u00e1ximo de 40\u00b0C.<\/span><\/div>\n<\/div>\n<\/div>\n<div class=\"pdp-productinformation__item pdp-productinformation__item--align-center\" data-v-a2abd034=\"\">\n<div class=\"pdp-productinformation__image\" data-v-a2abd034=\"\">\n<div class=\"tp-image\" data-state=\"srcLoaded\" data-v-a2abd034=\"\" data-v-2a7ab01d=\"\"><img decoding=\"async\" class=\"alignleft\" src=\"https:\/\/www.tchibo.de\/newmedia\/logo\/e82691db19d29df0\/pkz20.png\" alt=\"Hierro\" width=\"auto\" height=\"auto\" data-v-2a7ab01d=\"\" \/><\/div>\n<\/div>\n<div class=\"pdp-productinformation__details\" data-v-a2abd034=\"\">\n<div class=\"pdp-productinformation__details__title\" data-v-a2abd034=\"\"><span>Hierro<\/span><\/div>\n<div class=\"pdp-productinformation__details__text\" data-v-a2abd034=\"\"><span>Plancha con una temperatura m\u00e1xima de suela de 150 \u00b0C.<\/span><\/div>\n<\/div>\n<\/div>\n<div class=\"pdp-productinformation__item pdp-productinformation__item--align-center\" data-v-a2abd034=\"\">\n<div class=\"pdp-productinformation__image\" data-v-a2abd034=\"\">\n<div class=\"tp-image\" data-state=\"srcLoaded\" data-v-a2abd034=\"\" data-v-2a7ab01d=\"\"><img decoding=\"async\" class=\"alignleft\" src=\"https:\/\/www.tchibo.de\/newmedia\/logo\/e82445c879d29df0\/pkz26.png\" alt=\"limpieza en seco\" width=\"auto\" height=\"auto\" data-v-2a7ab01d=\"\" \/><\/div>\n<\/div>\n<div class=\"pdp-productinformation__details\" data-v-a2abd034=\"\">\n<div class=\"pdp-productinformation__details__title\" data-v-a2abd034=\"\"><span>Limpieza en seco<\/span><\/div>\n<div class=\"pdp-productinformation__details__text\" data-v-a2abd034=\"\"><span>No lavar en seco<\/span><\/div>\n<\/div>\n<\/div>\n<div class=\"pdp-productinformation__item pdp-productinformation__item--align-center\" data-v-a2abd034=\"\">\n<div class=\"pdp-productinformation__image\" data-v-a2abd034=\"\">\n<div class=\"tp-image\" data-state=\"srcLoaded\" data-v-a2abd034=\"\" data-v-2a7ab01d=\"\"><img decoding=\"async\" class=\"alignleft\" src=\"https:\/\/www.tchibo.de\/newmedia\/logo\/ec3722bb15e32df0\/pkz02.png\" alt=\"blanqueamiento\" width=\"auto\" height=\"auto\" data-v-2a7ab01d=\"\" \/><\/div>\n<\/div>\n<div class=\"pdp-productinformation__details\" data-v-a2abd034=\"\">\n<div class=\"pdp-productinformation__details__title\" data-v-a2abd034=\"\"><span>Blanqueamiento<\/span><\/div>\n<div class=\"pdp-productinformation__details__text\" data-v-a2abd034=\"\"><span>No usa blanqueador<\/span><\/div>\n<\/div>\n<div data-v-a2abd034=\"\">\n<div class=\"tp-expansion-panel-header tp-expansion-panel-header--active\" data-v-dc10ea0a=\"\">\n<div class=\"tp-expansion-panel-header-inner\" data-v-dc10ea0a=\"\">\n<div class=\"tp-expansion-panel-header-inner-wrapper\" data-v-dc10ea0a=\"\">\n<div class=\"tp-expansion-panel-header-title\" data-subtitle-nowrap=\"false\" data-v-dc10ea0a=\"\">\n<div data-v-00f62678=\"\"><\/div>\n<div data-v-00f62678=\"\"><\/div>\n<div data-v-00f62678=\"\"><strong>Calidad<\/strong><\/div>\n<div data-v-00f62678=\"\"><\/div>\n<\/div>\n<\/div>\n<div class=\"tp-icon-button\" data-v-dc10ea0a=\"\" data-v-c599ed2e=\"\"><\/div>\n<\/div>\n<\/div>\n<div class=\"tp-expansion-panel-content\" data-v-419a0bed=\"\">\n<div class=\"tp-expansion-panel-content-inner\" data-v-419a0bed=\"\">\n<div data-v-00f62678=\"\">\n<div class=\"pdp-productinformation-logos__container\" data-v-00f62678=\"\">\n<div class=\"pdp-productinformation-logos__item\" data-v-00f62678=\"\">\n<div class=\"pdp-productinformation-logos__image\" data-v-00f62678=\"\">\n<div class=\"tp-image\" data-state=\"srcLoaded\" data-v-00f62678=\"\" data-v-2a7ab01d=\"\"><img decoding=\"async\" src=\"https:\/\/www.tchibo.de\/newmedia\/logo\/44\/c0\/5b9a739fbae9\/31bbbaee347e5f6f\/tcm102.gif\" alt=\"Nota de calidad\" width=\"auto\" height=\"auto\" data-v-2a7ab01d=\"\" \/><\/div>\n<\/div>\n<div class=\"pdp-productinformation-logos__details\" data-v-00f62678=\"\">\n<div class=\"pdp-productinformation-logos__title\" data-v-00f62678=\"\"><span>Nota de calidad<\/span><\/div>\n<div class=\"pdp-productinformation-logos__text\" data-v-00f62678=\"\"><span>El sello de calidad TCM es sin\u00f3nimo de excelente calidad del producto.<\/span><\/div>\n<\/div>\n<\/div>\n<\/div>\n<\/div>\n<\/div>\n<\/div>\n<\/div>\n<\/div>\n<\/div>\n<\/div>\n<\/div>\n<\/div>\n<\/div>\n<\/div>\n<\/div>\n<\/div>\n","protected":false},"excerpt":{"rendered":"<p>Camis\u00f3n Hecho de suave algod\u00f3n puro cuello en V Mangas ligeramente superpuestas Aberturas laterales Este camis\u00f3n promueve el cultivo de<\/p>\n","protected":false},"featured_media":56145,"comment_status":"open","ping_status":"closed","template":"","meta":{"nf_dc_page":""},"product_brand":[],"product_cat":[73,72],"product_tag":[],"class_list":{"0":"post-56144","1":"product","2":"type-product","3":"status-publish","4":"has-post-thumbnail","6":"product_cat-femenino","7":"product_cat-tchibo","9":"first","10":"instock","11":"shipping-taxable","12":"purchasable","13":"product-type-simple"},"_links":{"self":[{"href":"https:\/\/brandss.com.py\/index\/wp-json\/wp\/v2\/product\/56144","targetHints":{"allow":["GET"]}}],"collection":[{"href":"https:\/\/brandss.com.py\/index\/wp-json\/wp\/v2\/product"}],"about":[{"href":"https:\/\/brandss.com.py\/index\/wp-json\/wp\/v2\/types\/product"}],"replies":[{"embeddable":true,"href":"https:\/\/brandss.com.py\/index\/wp-json\/wp\/v2\/comments?post=56144"}],"version-history":[{"count":1,"href":"https:\/\/brandss.com.py\/index\/wp-json\/wp\/v2\/product\/56144\/revisions"}],"predecessor-version":[{"id":56149,"href":"https:\/\/brandss.com.py\/index\/wp-json\/wp\/v2\/product\/56144\/revisions\/56149"}],"wp:featuredmedia":[{"embeddable":true,"href":"https:\/\/brandss.com.py\/index\/wp-json\/wp\/v2\/media\/56145"}],"wp:attachment":[{"href":"https:\/\/brandss.com.py\/index\/wp-json\/wp\/v2\/media?parent=56144"}],"wp:term":[{"taxonomy":"product_brand","embeddable":true,"href":"https:\/\/brandss.com.py\/index\/wp-json\/wp\/v2\/product_brand?post=56144"},{"taxonomy":"product_cat","embeddable":true,"href":"https:\/\/brandss.com.py\/index\/wp-json\/wp\/v2\/product_cat?post=56144"},{"taxonomy":"product_tag","embeddable":true,"href":"https:\/\/brandss.com.py\/index\/wp-json\/wp\/v2\/product_tag?post=56144"}],"curies":[{"name":"wp","href":"https:\/\/api.w.org\/{rel}","templated":true}]}}