{"id":56227,"date":"2024-08-15T18:50:51","date_gmt":"2024-08-15T18:50:51","guid":{"rendered":"https:\/\/brandss.com.py\/index\/?post_type=product&#038;p=56227"},"modified":"2024-08-15T18:52:09","modified_gmt":"2024-08-15T18:52:09","slug":"top-deportivo-femenino-tchibo-bustier-sin-costura","status":"publish","type":"product","link":"https:\/\/brandss.com.py\/index\/producto\/top-deportivo-femenino-tchibo-bustier-sin-costura\/","title":{"rendered":"TOP DEPORTIVO FEMENINO TCHIBO BUSTIER SIN COSTURA"},"content":{"rendered":"<p><img loading=\"lazy\" decoding=\"async\" class=\"\" src=\"https:\/\/1000logos.net\/wp-content\/uploads\/2021\/03\/Tchibo-logo.png\" alt=\"Tchibo Logo and symbol, meaning, history, PNG\" width=\"87\" height=\"59\" \/><\/p>\n<h1 class=\"tp-display-2 pdp__product-description__headline\" data-v-74bf0554=\"\"><span>Bustier deportivo sin costuras<\/span><\/h1>\n<div class=\"pdp__product-description__section pdp__product-description__section__facts\" data-v-74bf0554=\"\">\n<div class=\"pdp__product-description__section__items\" data-v-74bf0554=\"\">\n<div class=\"pdp__product-description__key-facts pdp__product-description__section__item\" data-v-74bf0554=\"\">\n<ul class=\"tp-list\" data-v-74bf0554=\"\">\n<li data-v-74bf0554=\"\">Funcional sin costuras: diferentes zonas de tejido que est\u00e1n perfectamente conectadas entre s\u00ed.<\/li>\n<li data-v-74bf0554=\"\">Procesado en doble capa.<\/li>\n<li data-v-74bf0554=\"\">Con cojines extra\u00edbles<\/li>\n<li data-v-74bf0554=\"\">Cuello redondo<\/li>\n<li data-v-74bf0554=\"\">4 correas cruzadas<\/li>\n<li data-v-74bf0554=\"\">Estructura de canal\u00e9 estrecha en la banda bajo el pecho.<\/li>\n<li data-v-74bf0554=\"\">Con fibra TACTEL\u00ae: agradable para la piel, duradera y transpirable<\/li>\n<li data-v-74bf0554=\"\">Con elastano: mantiene la forma, ajuste perfecto con total libertad de movimiento.<\/li>\n<li data-v-74bf0554=\"\">Probado contra sustancias nocivas \u2013 por institutos externos acreditados<\/li>\n<\/ul>\n<\/div>\n<\/div>\n<div class=\"pdp__product-description__section__items\" data-v-74bf0554=\"\">\n<dl data-v-74bf0554=\"\">\n<dt data-v-74bf0554=\"\"><strong>Adaptar<\/strong><\/dt>\n<dt data-v-74bf0554=\"\"><\/dt>\n<dd data-v-74bf0554=\"\">Corte ce\u00f1ido<\/dd>\n<\/dl>\n<dl data-v-74bf0554=\"\">\n<dt data-v-74bf0554=\"\"><strong>Color<\/strong><\/dt>\n<dt data-v-74bf0554=\"\"><\/dt>\n<dd data-v-74bf0554=\"\">Color de malva<\/dd>\n<\/dl>\n<dl data-v-74bf0554=\"\">\n<dt data-v-74bf0554=\"\"><strong>Material<\/strong><\/dt>\n<dt data-v-74bf0554=\"\"><\/dt>\n<dd data-v-74bf0554=\"\">90% poliamida (TACTEL\u00ae), 10% elastano (LYCRA\u00ae)<\/dd>\n<\/dl>\n<div class=\"tp-expansion-panel-header tp-expansion-panel-header--active\" data-v-dc10ea0a=\"\">\n<div class=\"tp-expansion-panel-header-inner\" data-v-dc10ea0a=\"\">\n<div class=\"tp-expansion-panel-header-inner-wrapper\" data-v-dc10ea0a=\"\">\n<div class=\"tp-expansion-panel-header-title\" data-subtitle-nowrap=\"false\" data-v-dc10ea0a=\"\">\n<div data-v-a2abd034=\"\"><\/div>\n<div data-v-a2abd034=\"\"><strong>Cuidado<\/strong><\/div>\n<div data-v-a2abd034=\"\"><\/div>\n<\/div>\n<\/div>\n<div class=\"tp-icon-button\" data-v-dc10ea0a=\"\" data-v-c599ed2e=\"\"><\/div>\n<\/div>\n<\/div>\n<div class=\"tp-expansion-panel-content\" data-v-419a0bed=\"\">\n<div class=\"tp-expansion-panel-content-inner\" data-v-419a0bed=\"\">\n<div data-v-a2abd034=\"\">\n<div class=\"pdp-productinformation__container\" data-v-a2abd034=\"\">\n<div class=\"pdp-productinformation__logos\" data-v-a2abd034=\"\">\n<div class=\"pdp-productinformation__item pdp-productinformation__item--align-center\" data-v-a2abd034=\"\">\n<div class=\"pdp-productinformation__image\" data-v-a2abd034=\"\">\n<div class=\"tp-image\" data-state=\"srcLoaded\" data-v-a2abd034=\"\" data-v-2a7ab01d=\"\"><img decoding=\"async\" class=\"alignleft\" src=\"https:\/\/www.tchibo.de\/newmedia\/logo\/e99aa6ab15e32df0\/pkz17.png\" alt=\"Seco\" width=\"auto\" height=\"auto\" data-v-2a7ab01d=\"\" \/><\/div>\n<\/div>\n<div class=\"pdp-productinformation__details\" data-v-a2abd034=\"\">\n<div class=\"pdp-productinformation__details__title\" data-v-a2abd034=\"\">Seco<\/div>\n<div class=\"pdp-productinformation__details__text\" data-v-a2abd034=\"\">No secar en secadora ni secar en secadora.<\/div>\n<\/div>\n<\/div>\n<div class=\"pdp-productinformation__item pdp-productinformation__item--align-center\" data-v-a2abd034=\"\">\n<div class=\"pdp-productinformation__image\" data-v-a2abd034=\"\">\n<div class=\"tp-image\" data-state=\"srcLoaded\" data-v-a2abd034=\"\" data-v-2a7ab01d=\"\"><img decoding=\"async\" class=\"alignleft\" src=\"https:\/\/www.tchibo.de\/newmedia\/logo\/ed82830b19d29df0\/pkz22.png\" alt=\"Hierro\" width=\"auto\" height=\"auto\" data-v-2a7ab01d=\"\" \/><\/div>\n<\/div>\n<div class=\"pdp-productinformation__details\" data-v-a2abd034=\"\">\n<div class=\"pdp-productinformation__details__title\" data-v-a2abd034=\"\">Hierro<\/div>\n<div class=\"pdp-productinformation__details__text\" data-v-a2abd034=\"\">No planchar<\/div>\n<\/div>\n<\/div>\n<div class=\"pdp-productinformation__item pdp-productinformation__item--align-center\" data-v-a2abd034=\"\">\n<div class=\"pdp-productinformation__image\" data-v-a2abd034=\"\">\n<div class=\"tp-image\" data-state=\"srcLoaded\" data-v-a2abd034=\"\" data-v-2a7ab01d=\"\"><img decoding=\"async\" class=\"alignleft\" src=\"https:\/\/www.tchibo.de\/newmedia\/logo\/ec36930f08629df0\/pkz37.png\" alt=\"Lavar\" width=\"auto\" height=\"auto\" data-v-2a7ab01d=\"\" \/><\/div>\n<\/div>\n<div class=\"pdp-productinformation__details\" data-v-a2abd034=\"\">\n<div class=\"pdp-productinformation__details__title\" data-v-a2abd034=\"\">Lavar<\/div>\n<div class=\"pdp-productinformation__details__text\" data-v-a2abd034=\"\">Ciclo suave a un m\u00e1ximo de 40\u00b0C.<\/div>\n<\/div>\n<\/div>\n<div class=\"pdp-productinformation__item pdp-productinformation__item--align-center\" data-v-a2abd034=\"\">\n<div class=\"pdp-productinformation__image\" data-v-a2abd034=\"\">\n<div class=\"tp-image\" data-state=\"srcLoaded\" data-v-a2abd034=\"\" data-v-2a7ab01d=\"\"><img decoding=\"async\" class=\"alignleft\" src=\"https:\/\/www.tchibo.de\/newmedia\/logo\/e82445c879d29df0\/pkz26.png\" alt=\"limpieza en seco\" width=\"auto\" height=\"auto\" data-v-2a7ab01d=\"\" \/><\/div>\n<\/div>\n<div class=\"pdp-productinformation__details\" data-v-a2abd034=\"\">\n<div class=\"pdp-productinformation__details__title\" data-v-a2abd034=\"\">Limpieza en seco<\/div>\n<div class=\"pdp-productinformation__details__text\" data-v-a2abd034=\"\">No lavar en seco<\/div>\n<\/div>\n<\/div>\n<div class=\"pdp-productinformation__item pdp-productinformation__item--align-center\" data-v-a2abd034=\"\">\n<div class=\"pdp-productinformation__image\" data-v-a2abd034=\"\">\n<div class=\"tp-image\" data-state=\"srcLoaded\" data-v-a2abd034=\"\" data-v-2a7ab01d=\"\"><img decoding=\"async\" class=\"alignleft\" src=\"https:\/\/www.tchibo.de\/newmedia\/logo\/ec3722bb15e32df0\/pkz02.png\" alt=\"blanqueamiento\" width=\"auto\" height=\"auto\" data-v-2a7ab01d=\"\" \/><\/div>\n<\/div>\n<div class=\"pdp-productinformation__details\" data-v-a2abd034=\"\">\n<div class=\"pdp-productinformation__details__title\" data-v-a2abd034=\"\">Blanqueamiento<\/div>\n<div class=\"pdp-productinformation__details__text\" data-v-a2abd034=\"\">No usa blanqueador<\/div>\n<\/div>\n<\/div>\n<\/div>\n<div class=\"pdp-productinformation__bulletpoints\" data-v-a2abd034=\"\">\n<p class=\"pdp-productinformation__bulletpoints__headline\" data-v-a2abd034=\"\"><strong data-v-a2abd034=\"\">M\u00e1s instrucciones de cuidado<\/strong><\/p>\n<ul class=\"tp-list pdp-productinformation__bulletpoints__items\" data-v-a2abd034=\"\">\n<li data-v-a2abd034=\"\">Utilice red de lavander\u00eda<\/li>\n<\/ul>\n<p>&nbsp;<\/p>\n<div class=\"tp-expansion-panel-header tp-expansion-panel-header--active\" data-v-dc10ea0a=\"\">\n<div class=\"tp-expansion-panel-header-inner\" data-v-dc10ea0a=\"\">\n<div class=\"tp-expansion-panel-header-inner-wrapper\" data-v-dc10ea0a=\"\">\n<div class=\"tp-expansion-panel-header-title\" data-subtitle-nowrap=\"false\" data-v-dc10ea0a=\"\">\n<div data-v-a2c7e778=\"\"><strong>Funcional sin costuras<\/strong><\/div>\n<\/div>\n<\/div>\n<div class=\"tp-icon-button\" data-v-dc10ea0a=\"\" data-v-c599ed2e=\"\"><\/div>\n<\/div>\n<\/div>\n<div class=\"tp-expansion-panel-content\" data-v-419a0bed=\"\">\n<div class=\"tp-expansion-panel-content-inner\" data-v-419a0bed=\"\">\n<div class=\"TEXT_LEFT_IMAGE_RIGHT\" data-v-a2c7e778=\"\">\n<div class=\"pdp-content-module__container\" data-v-a2c7e778=\"\">\n<div class=\"pdp-content-module__container__left\" data-v-a2c7e778=\"\">\n<p>Prendas procesadas sin costuras y confeccionadas de una sola pieza en las m\u00e1s modernas m\u00e1quinas de tejer circulares. Esto permite combinar diferentes zonas de tejido (para un clima corporal \u00f3ptimo) y elasticidades sin costuras. Esto ayuda a evitar puntos de presi\u00f3n y fricci\u00f3n y garantiza una mayor comodidad y un buen ajuste.<\/p>\n<div class=\"tp-expansion-panel-header tp-expansion-panel-header--active\" data-v-dc10ea0a=\"\">\n<div class=\"tp-expansion-panel-header-inner\" data-v-dc10ea0a=\"\">\n<div class=\"tp-expansion-panel-header-inner-wrapper\" data-v-dc10ea0a=\"\">\n<div class=\"tp-expansion-panel-header-title\" data-subtitle-nowrap=\"false\" data-v-dc10ea0a=\"\">\n<div data-v-00f62678=\"\"><\/div>\n<div data-v-00f62678=\"\"><strong>Calidad<\/strong><\/div>\n<div data-v-00f62678=\"\"><\/div>\n<\/div>\n<\/div>\n<div class=\"tp-icon-button\" data-v-dc10ea0a=\"\" data-v-c599ed2e=\"\"><\/div>\n<\/div>\n<\/div>\n<div class=\"tp-expansion-panel-content\" data-v-419a0bed=\"\">\n<div class=\"tp-expansion-panel-content-inner\" data-v-419a0bed=\"\">\n<div data-v-00f62678=\"\">\n<div class=\"pdp-productinformation-logos__container\" data-v-00f62678=\"\">\n<div class=\"pdp-productinformation-logos__item\" data-v-00f62678=\"\">\n<div class=\"pdp-productinformation-logos__image\" data-v-00f62678=\"\">\n<div class=\"tp-image\" data-state=\"srcLoaded\" data-v-00f62678=\"\" data-v-2a7ab01d=\"\"><img decoding=\"async\" src=\"https:\/\/www.tchibo.de\/newmedia\/logo\/a6df51d699deaf27\/ico323.png\" alt=\"\" width=\"auto\" height=\"auto\" data-v-2a7ab01d=\"\" \/><\/div>\n<\/div>\n<div class=\"pdp-productinformation-logos__details\" data-v-00f62678=\"\"><\/div>\n<\/div>\n<div class=\"pdp-productinformation-logos__item\" data-v-00f62678=\"\">\n<div class=\"pdp-productinformation-logos__image\" data-v-00f62678=\"\">\n<div class=\"tp-image\" data-state=\"srcLoaded\" data-v-00f62678=\"\" data-v-2a7ab01d=\"\"><img decoding=\"async\" src=\"https:\/\/www.tchibo.de\/newmedia\/logo\/aefd8479cab9db37\/mar171.png\" alt=\"\" width=\"auto\" height=\"auto\" data-v-2a7ab01d=\"\" \/><\/div>\n<\/div>\n<div class=\"pdp-productinformation-logos__details\" data-v-00f62678=\"\">\n<div class=\"pdp-productinformation-logos__text\" data-v-00f62678=\"\"><span>La fibra Tactel\u00ae es una marca registrada de INVISTA y se utiliza bajo licencia de NILIT para productos de fibra de nailon.<\/span><\/div>\n<\/div>\n<\/div>\n<div class=\"pdp-productinformation-logos__item\" data-v-00f62678=\"\">\n<div class=\"pdp-productinformation-logos__image\" data-v-00f62678=\"\">\n<div class=\"tp-image\" data-state=\"srcLoaded\" data-v-00f62678=\"\" data-v-2a7ab01d=\"\"><img decoding=\"async\" src=\"https:\/\/www.tchibo.de\/newmedia\/logo\/a7682479cab9db37\/mar328.png\" alt=\"\" width=\"auto\" height=\"auto\" data-v-2a7ab01d=\"\" \/><\/div>\n<\/div>\n<div class=\"pdp-productinformation-logos__details\" data-v-00f62678=\"\">\n<div class=\"pdp-productinformation-logos__text\" data-v-00f62678=\"\"><span>LYCRA\u00ae es una marca registrada de The LYCRA Company.<\/span><\/div>\n<\/div>\n<\/div>\n<div class=\"pdp-productinformation-logos__item\" data-v-00f62678=\"\">\n<div class=\"pdp-productinformation-logos__image\" data-v-00f62678=\"\">\n<div class=\"tp-image\" data-state=\"srcLoaded\" data-v-00f62678=\"\" data-v-2a7ab01d=\"\"><img decoding=\"async\" src=\"https:\/\/www.tchibo.de\/newmedia\/logo\/44\/c0\/5b9a739fbae9\/31bbbaee347e5f6f\/tcm102.gif\" alt=\"Nota de calidad\" width=\"auto\" height=\"auto\" data-v-2a7ab01d=\"\" \/><\/div>\n<\/div>\n<div class=\"pdp-productinformation-logos__details\" data-v-00f62678=\"\">\n<div class=\"pdp-productinformation-logos__title\" data-v-00f62678=\"\"><span>Nota de calidad<\/span><\/div>\n<div class=\"pdp-productinformation-logos__text\" data-v-00f62678=\"\"><span>El sello de calidad TCM es sin\u00f3nimo de excelente calidad del producto.<\/span><\/div>\n<\/div>\n<\/div>\n<div class=\"pdp-productinformation-logos__item\" data-v-00f62678=\"\">\n<div class=\"pdp-productinformation-logos__image\" data-v-00f62678=\"\">\n<div class=\"tp-image\" data-state=\"srcLoaded\" data-v-00f62678=\"\" data-v-2a7ab01d=\"\"><img decoding=\"async\" src=\"https:\/\/www.tchibo.de\/newmedia\/logo\/47dda63a1d95726e\/kla13.png\" alt=\"\" width=\"auto\" height=\"auto\" data-v-2a7ab01d=\"\" \/><\/div>\n<\/div>\n<\/div>\n<\/div>\n<\/div>\n<\/div>\n<\/div>\n<\/div>\n<\/div>\n<\/div>\n<\/div>\n<\/div>\n<\/div>\n<\/div>\n<\/div>\n<\/div>\n<\/div>\n<\/div>\n<\/div>\n","protected":false},"excerpt":{"rendered":"<p>Bustier deportivo sin costuras Funcional sin costuras: diferentes zonas de tejido que est\u00e1n perfectamente conectadas entre s\u00ed. Procesado en doble<\/p>\n","protected":false},"featured_media":56228,"comment_status":"open","ping_status":"closed","template":"","meta":{"nf_dc_page":""},"product_brand":[],"product_cat":[73,72],"product_tag":[],"class_list":{"0":"post-56227","1":"product","2":"type-product","3":"status-publish","4":"has-post-thumbnail","6":"product_cat-femenino","7":"product_cat-tchibo","9":"first","10":"instock","11":"shipping-taxable","12":"purchasable","13":"product-type-simple"},"_links":{"self":[{"href":"https:\/\/brandss.com.py\/index\/wp-json\/wp\/v2\/product\/56227","targetHints":{"allow":["GET"]}}],"collection":[{"href":"https:\/\/brandss.com.py\/index\/wp-json\/wp\/v2\/product"}],"about":[{"href":"https:\/\/brandss.com.py\/index\/wp-json\/wp\/v2\/types\/product"}],"replies":[{"embeddable":true,"href":"https:\/\/brandss.com.py\/index\/wp-json\/wp\/v2\/comments?post=56227"}],"version-history":[{"count":1,"href":"https:\/\/brandss.com.py\/index\/wp-json\/wp\/v2\/product\/56227\/revisions"}],"predecessor-version":[{"id":56232,"href":"https:\/\/brandss.com.py\/index\/wp-json\/wp\/v2\/product\/56227\/revisions\/56232"}],"wp:featuredmedia":[{"embeddable":true,"href":"https:\/\/brandss.com.py\/index\/wp-json\/wp\/v2\/media\/56228"}],"wp:attachment":[{"href":"https:\/\/brandss.com.py\/index\/wp-json\/wp\/v2\/media?parent=56227"}],"wp:term":[{"taxonomy":"product_brand","embeddable":true,"href":"https:\/\/brandss.com.py\/index\/wp-json\/wp\/v2\/product_brand?post=56227"},{"taxonomy":"product_cat","embeddable":true,"href":"https:\/\/brandss.com.py\/index\/wp-json\/wp\/v2\/product_cat?post=56227"},{"taxonomy":"product_tag","embeddable":true,"href":"https:\/\/brandss.com.py\/index\/wp-json\/wp\/v2\/product_tag?post=56227"}],"curies":[{"name":"wp","href":"https:\/\/api.w.org\/{rel}","templated":true}]}}