{"id":56380,"date":"2024-08-20T11:43:56","date_gmt":"2024-08-20T11:43:56","guid":{"rendered":"https:\/\/brandss.com.py\/index\/?post_type=product&#038;p=56380"},"modified":"2025-06-28T10:15:26","modified_gmt":"2025-06-28T10:15:26","slug":"calzado-unisex-dc-shoes-manteca-4-bbw","status":"publish","type":"product","link":"https:\/\/brandss.com.py\/index\/producto\/calzado-unisex-dc-shoes-manteca-4-bbw\/","title":{"rendered":"CALZADO UNISEX DC SHOES MANTECA 4 BBW"},"content":{"rendered":"<p><img loading=\"lazy\" decoding=\"async\" class=\"\" src=\"https:\/\/seeklogo.com\/images\/D\/dc-shoes-logo-9849D1B3BF-seeklogo.com.png\" alt=\"Dc Logo PNG Vectors Free Download\" width=\"63\" height=\"54\" \/><\/p>\n<h1>MANTECA 4<\/h1>\n<p class=\"features--description\" data-v-18fe53c3=\"\"><span>Las zapatillas DC Shoes est\u00e1n producidas con los mejores materiales del mercado, adem\u00e1s de llevar estilo, durabilidad, comodidad y un fuerte legado del Skateboard<\/span><span>: <\/span><\/p>\n<p class=\"features--description\" data-v-18fe53c3=\"\"><span>-Recomendado para skate Esta zapatilla debe seguir las siguientes instrucciones de limpieza: <\/span><\/p>\n<p class=\"features--description\" data-v-18fe53c3=\"\"><span>-No meter en la lavadora <\/span><\/p>\n<p class=\"features--description\" data-v-18fe53c3=\"\"><span>-No usar lej\u00eda, detergente en polvo, detergente ni ning\u00fan otro producto qu\u00edmico <\/span><\/p>\n<p class=\"features--description\" data-v-18fe53c3=\"\"><span>-No dejar en remojo <\/span><\/p>\n<p class=\"features--description\" data-v-18fe53c3=\"\"><span>-Limpiar con un pa\u00f1o o esponja h\u00fameda <\/span><\/p>\n<p class=\"features--description\" data-v-18fe53c3=\"\"><span>-Dejar secar la sombra sobre una superficie plana <\/span><\/p>\n<p class=\"features--description\" data-v-18fe53c3=\"\"><span>-No meter en la secadora <\/span><\/p>\n<p class=\"features--description\" data-v-18fe53c3=\"\"><span>Esta zapatilla tiene un modelo: Normal Producto original, acreditado y fabricado por DC Shoes Todos nuestros productos vienen con factura.<\/span><\/p>\n<p class=\"features--description\" data-v-18fe53c3=\"\"><strong>ACERCA DE DC SHOES: <\/strong><\/p>\n<p class=\"features--description\" data-v-18fe53c3=\"\"><span>DC Shoes fue m\u00e1s all\u00e1 de la calidad de sus productos e invirti\u00f3 en atletas, equipos y eventos para promover el skate a la vanguardia. Luego de sumar s\u00f3lidos valores a la cultura de este deporte, hoy la marca est\u00e1 presente en varios pa\u00edses y busca fortalecer a\u00fan m\u00e1s sus v\u00ednculos con la pr\u00e1ctica.<\/span><\/p>\n<ul class=\"features--attributes\" data-v-18fe53c3=\"\">\n<li style=\"list-style-type: none\">\n<ul class=\"features--attributes\" data-v-18fe53c3=\"\">\n<li><strong data-v-18fe53c3=\"\">Marca:\u00a0<\/strong>DC<\/li>\n<li data-v-18fe53c3=\"\"><strong>Modelo:<\/strong> DC056A.BBW<\/li>\n<li data-v-18fe53c3=\"\"><strong data-v-18fe53c3=\"\"><span>Color:<\/span><\/strong><span>\u00a0 Negro\/Negro\/Blanco<\/span><\/li>\n<li data-v-18fe53c3=\"\"><strong data-v-18fe53c3=\"\"><span>G\u00e9nero:<\/span><\/strong><span>\u00a0Unisex<\/span><\/li>\n<li data-v-18fe53c3=\"\"><strong data-v-18fe53c3=\"\"><span>Apto para:<\/span><\/strong><span>\u00a0Deporte<\/span><\/li>\n<li data-v-18fe53c3=\"\"><strong data-v-18fe53c3=\"\"><span>Adecuado para:<\/span><\/strong><span>\u00a0Todos los d\u00edas<\/span><\/li>\n<\/ul>\n<\/li>\n<\/ul>\n<p>&nbsp;<\/p>\n","protected":false},"excerpt":{"rendered":"<p>MANTECA 4 Las zapatillas DC Shoes est\u00e1n producidas con los mejores materiales del mercado, adem\u00e1s de llevar estilo, durabilidad, comodidad<\/p>\n","protected":false},"featured_media":56381,"comment_status":"open","ping_status":"closed","template":"","meta":{"nf_dc_page":""},"product_brand":[],"product_cat":[73,76],"product_tag":[],"class_list":{"0":"post-56380","1":"product","2":"type-product","3":"status-publish","4":"has-post-thumbnail","6":"product_cat-femenino","7":"product_cat-masculino","9":"first","10":"outofstock","11":"shipping-taxable","12":"purchasable","13":"product-type-simple"},"_links":{"self":[{"href":"https:\/\/brandss.com.py\/index\/wp-json\/wp\/v2\/product\/56380","targetHints":{"allow":["GET"]}}],"collection":[{"href":"https:\/\/brandss.com.py\/index\/wp-json\/wp\/v2\/product"}],"about":[{"href":"https:\/\/brandss.com.py\/index\/wp-json\/wp\/v2\/types\/product"}],"replies":[{"embeddable":true,"href":"https:\/\/brandss.com.py\/index\/wp-json\/wp\/v2\/comments?post=56380"}],"version-history":[{"count":1,"href":"https:\/\/brandss.com.py\/index\/wp-json\/wp\/v2\/product\/56380\/revisions"}],"predecessor-version":[{"id":56391,"href":"https:\/\/brandss.com.py\/index\/wp-json\/wp\/v2\/product\/56380\/revisions\/56391"}],"wp:featuredmedia":[{"embeddable":true,"href":"https:\/\/brandss.com.py\/index\/wp-json\/wp\/v2\/media\/56381"}],"wp:attachment":[{"href":"https:\/\/brandss.com.py\/index\/wp-json\/wp\/v2\/media?parent=56380"}],"wp:term":[{"taxonomy":"product_brand","embeddable":true,"href":"https:\/\/brandss.com.py\/index\/wp-json\/wp\/v2\/product_brand?post=56380"},{"taxonomy":"product_cat","embeddable":true,"href":"https:\/\/brandss.com.py\/index\/wp-json\/wp\/v2\/product_cat?post=56380"},{"taxonomy":"product_tag","embeddable":true,"href":"https:\/\/brandss.com.py\/index\/wp-json\/wp\/v2\/product_tag?post=56380"}],"curies":[{"name":"wp","href":"https:\/\/api.w.org\/{rel}","templated":true}]}}